{"id":3272,"date":"2024-01-18T13:28:19","date_gmt":"2024-01-18T21:28:19","guid":{"rendered":"https:\/\/marylandefc.org\/?page_id=3272"},"modified":"2026-02-13T12:52:18","modified_gmt":"2026-02-13T20:52:18","slug":"how-we-started","status":"publish","type":"page","link":"https:\/\/marylandefc.org\/pt\/about\/how-we-started\/","title":{"rendered":"Como come\u00e7amos"},"content":{"rendered":"<figure itemscope itemtype=\"https:\/\/schema.org\/ImageObject\">\n\t\t\t\t<img decoding=\"async\" src=\"https:\/\/marylandefc.org\/wp-content\/uploads\/2024\/02\/Vision-board-for-an-organization-on-how-it-starts-and-grows.jpg\" alt=\"Leaders at a vision board pointing to sticky notes\" height=\"800\" width=\"1200\" title=\"Quadro de vis\u00e3o para uma organiza\u00e7\u00e3o sobre como ela come\u00e7a e cresce\" onerror=\"this.style.display='none'\" loading=\"lazy\" \/>\n\t<\/figure>\n\t<h1>COMO COME\u00c7AMOS<\/h1>\n\t<h2>Onde tudo come\u00e7ou<\/h2>\n<p>Maryland tem uma longa hist\u00f3ria de profissionais e organiza\u00e7\u00f5es se unindo para trabalhar coletivamente para priorizar a preven\u00e7\u00e3o.<\/p>\n<strong><a href=\"https:\/\/www.healthcarevaluehub.org\/advocate-resources\/what-are-backbone-organizations\" target=\"_blank\" rel=\"noopener\">&#8220;Backbone organizations<\/a> serve as coordinating bodies that bring together a diversity of stakeholders and lead a synchronized effort to achieve a common goal.&#8221;<br \/>\n<\/strong>\n<p><a href=\"https:\/\/www.healthcarevaluehub.org\/\" target=\"_blank\" rel=\"noopener\">~ Centro de Valor de Cuidados de Sa\u00fade<\/a><\/p>\n<h2>\n\t\t\tOrganiza\u00e7\u00f5es de Backbone\t<\/h2>\n\t<p>Our original backbone organizations, The Family Tree and Maryland State Council on Child Abuse and Neglect (SCCAN), have long understood the profound impact that child maltreatment and other Adverse Childhood Experiences (ACE&#8217;s) have on a child&#8217;s well-being. From short- and long-term health, behavior and developmental challenges to school success, future employment and earning potential, the data has been well documented.\u00a0<\/p>\n<figure data-animation-delay=\".2\" data-animation-duration=\"1\" itemscope itemtype=\"https:\/\/schema.org\/ImageObject\">\n\t\t\t\t<img decoding=\"async\" src=\"https:\/\/marylandefc.org\/wp-content\/uploads\/2024\/02\/EFC-Leadership-Pat-Cronin-in-crowd-listening.jpg\" alt=\"EFC Leadership Pat Cronin in crowd listening\" height=\"800\" width=\"1200\" title=\"Pat Cronin, l\u00edder da EFC, na multid\u00e3o.\" onerror=\"this.style.display='none'\" loading=\"lazy\" \/>\n\t<\/figure>\n<figure data-animation-delay=\".4\" data-animation-duration=\"1\" itemscope itemtype=\"https:\/\/schema.org\/ImageObject\">\n\t\t\t\t<img decoding=\"async\" src=\"https:\/\/marylandefc.org\/wp-content\/uploads\/2024\/02\/ACE-Interface-Policy-Maker-Reception-Attendees.jpg\" alt=\"ACE Interface Policy Maker Reception Attendees\" height=\"800\" width=\"1200\" title=\"Grupo de Recep\u00e7\u00e3o de Formuladores de Pol\u00edticas da Interface ACE\" onerror=\"this.style.display='none'\" loading=\"lazy\" \/>\n\t<\/figure>\n\t<p>However, there is not a formal cross-sector statewide agency or strategy for promoting child well-being and both preventing Adverse Childhood Experiences (ACEs) and mitigating the impact of ACE&#8217;s to children and their families.\u00a0<\/p>\n<p>Preencher essa lacuna \u00e9 o que levou nossos parceiros a formar o Maryland Essentials for Childhood. As organiza\u00e7\u00f5es de base originais, SCCAN e The Family Tree, e mais recentemente, a Maryland Information Network, fornecem suporte ao trabalho coletivo e ao crescimento do Maryland Essentials for Childhood reunindo parceiros, orientando a vis\u00e3o e a estrat\u00e9gia, estabelecendo medi\u00e7\u00f5es compartilhadas, apoiando atividades alinhadas, construindo a vontade p\u00fablica, promovendo pol\u00edticas e mobilizando financiamento.<\/p>\n\t\t<h2>SCCAN | Maryland&#8217;s State Council on Child Abuse and Neglect<\/h2>\n\t\t<p>The Maryland State Council on Child Abuse and Neglect (SCCAN), established in 1999, is an advisory board to Maryland&#8217;s Governor and the Maryland General Assembly.\u00a0<\/p>\n<p>O governador nomeia quinze cidad\u00e3os para o SCCAN que t\u00eam experi\u00eancia ou conhecimento de vida com abuso e neglig\u00eancia infantil: sobreviventes, pediatras, advogados, autoridades policiais, profissionais de sa\u00fade mental, educadores, l\u00edderes religiosos e defensores.\u00a0<\/p>\n<p>Eight additional members are designated by the Maryland Senate, the Maryland House, the Maryland Judiciary and Maryland&#8217;s child and family serving agencies &#8212; Department of Human Services, Department of Health, Department of Education, Department of Juvenile Services and the State&#8217;s Attorneys&#8217; Association.\u00a0<\/p>\n<p>O SCCAN reporta anualmente ao Governador e \u00e0 Assembleia Geral sobre a preven\u00e7\u00e3o, detec\u00e7\u00e3o, acusa\u00e7\u00e3o e tratamento de abuso e neglig\u00eancia infantil. Ele realiza reuni\u00f5es abertas para fornecer divulga\u00e7\u00e3o e contribui\u00e7\u00e3o p\u00fablicas para avaliar o impacto das pol\u00edticas e pr\u00e1ticas atuais sobre crian\u00e7as e fam\u00edlias na comunidade.<\/p>\n\t\t\t<a href=\"\/pt\/partners\/meetings-reports\/\"  target=\"_self\">\n\t\t\t\t\t\tRelat\u00f3rios SCAAN \/ Parceiros \/ Grupos de trabalho\n\t\t\t\t\t<\/a>\n<figure itemscope itemtype=\"https:\/\/schema.org\/ImageObject\">\n\t\t\t\t<img decoding=\"async\" src=\"https:\/\/marylandefc.org\/wp-content\/uploads\/2019\/01\/SCCAN-LOGO-CLEAR.png\" alt=\"SCCAN logo\" height=\"333\" width=\"579\" title=\"LOGOTIPO SCCAN CLARO\" onerror=\"this.style.display='none'\" loading=\"lazy\" \/>\n\t<\/figure>\n<figure itemscope itemtype=\"https:\/\/schema.org\/ImageObject\">\n\t\t\t\t<img decoding=\"async\" src=\"https:\/\/marylandefc.org\/wp-content\/uploads\/2019\/01\/cropped-LBH_TFT_VERT_logo_rgb.png\" alt=\"The Family Tree logo\" height=\"332\" width=\"1046\" title=\"recortado-LBH_TFT_VERT_logo_rgb\" onerror=\"this.style.display='none'\" loading=\"lazy\" \/>\n\t<\/figure>\n\t\t<h2>A \u00c1rvore Geneal\u00f3gica<\/h2>\n\t\t<p>A Family Tree, fundada em 1997, \u00e9 uma organiza\u00e7\u00e3o estadual e uma autoridade l\u00edder na preven\u00e7\u00e3o de abuso e neglig\u00eancia infantil.\u00a0<\/p>\n<p>A Family Tree \u00e9 a afiliada nacional da Prevent Child Abuse America, Circle of Parents e Parents as Teachers. Sua vis\u00e3o \u00e9 que todas as crian\u00e7as sejam criadas em fam\u00edlias e comunidades seguras e solid\u00e1rias. Eles alcan\u00e7am sua miss\u00e3o por meio de programas comprovados e baseados em pesquisas que fortalecem as fam\u00edlias e quebram o ciclo de abuso e neglig\u00eancia.\u00a0<\/p>\n\t\t\t<a href=\"https:\/\/www.familytreemd.org\/\" target=\"_self\" rel=\"noopener\">\n\t\t\t\t\t\tVisite familytreemd.org\n\t\t\t\t\t<\/a>\n\t\t<h2>Rede de informa\u00e7\u00f5es de Maryland<\/h2>\n\t\t<p>The Maryland Information Network is the state&#8217;s most comprehensive health and human services Information and Referral System. With over 7,500 resources, individuals with essential needs can get connected to local help 24\/7\/365.<\/p>\n<p>The\u00a0Maryland Information Network has been a nonprofit organization since 2010.<\/p>\n\t\t\t<a href=\"https:\/\/mdinfonet.org\/\" target=\"_self\" rel=\"noopener\">\n\t\t\t\t\t\tVisite mdinfonet.org\n\t\t\t\t\t<\/a>\n<figure itemscope itemtype=\"https:\/\/schema.org\/ImageObject\">\n\t\t\t\t<img decoding=\"async\" src=\"https:\/\/marylandefc.org\/wp-content\/uploads\/2025\/05\/2022_MIN_Logo_RGB.svg\" alt=\"Maryland Information Network RGB Logo\" height=\"444\" width=\"1270\" title=\"2022_MIN_Logo_RGB\" onerror=\"this.style.display='none'\" loading=\"lazy\" \/>\n\t<\/figure>\n<h2>\n\t\t\tParceiros de pensamento\t<\/h2>\n\t<h3>\u00c0 medida que o Maryland Essentials for Childhood (EFC) continua a evoluir e crescer, continuamos a reconhecer a import\u00e2ncia dos parceiros de pensamento que moldam a ci\u00eancia e ajudam a coloc\u00e1-la em a\u00e7\u00e3o. <\/h3>\n<figure itemscope itemtype=\"https:\/\/schema.org\/ImageObject\">\n\t\t\t\t<img decoding=\"async\" src=\"https:\/\/marylandefc.org\/wp-content\/uploads\/2024\/01\/Essentials-for-Childhood-logo-cropped-e1705972680811.png\" alt=\"Essentials for Childhood logo\" height=\"151\" width=\"413\" title=\"Logotipo Essentials for Childhood recortado\" onerror=\"this.style.display='none'\" loading=\"lazy\" \/>\n\t<\/figure>\n\t\t<h3>Propondo estrat\u00e9gias<\/h3>\n\t\t<p>Os Centros de Controle e Preven\u00e7\u00e3o de Doen\u00e7as (CDC) e Essentials for Childhood prop\u00f5em estrat\u00e9gias que as comunidades podem considerar para promover os tipos de relacionamentos e ambientes que ajudam as crian\u00e7as a crescerem e se tornarem cidad\u00e3os saud\u00e1veis e produtivos, para que elas, por sua vez, possam construir fam\u00edlias e comunidades mais fortes e seguras para seus filhos.<\/p>\n<p>The CDC&#8217;s original state Essentials for Childhood initiative was intended for states committed to the positive development of children and families, and specifically to the prevention of all forms of child abuse and neglect. In 2023 the original program ended, and CDC refocused its efforts as Essentials for Childhood: Preventing Adverse Childhood Experiences through Data to Action.\u00a0<\/p>\n<p>A Maryland Essentials for Childhood continua recebendo assist\u00eancia t\u00e9cnica e reconhece o apoio que recebemos do CDC no estabelecimento de nossas metas compartilhadas.\u00a0<\/p>\n<p>A organiza\u00e7\u00e3o Prevent Child Abuse America apresentou o programa Maryland Essentials for Childhood como um estudo de caso em sua publica\u00e7\u00e3o de janeiro de 2026. <em>Conex\u00f5es Essenciais<\/em>. Maryland \u00e9 um estado autossustent\u00e1vel, enquanto o outro estado apresentado, a Ge\u00f3rgia, recebe financiamento.<\/p>\n\t\t\t<a href=\"https:\/\/preventchildabuse.org\/wp-content\/uploads\/2025\/12\/EfC-Case-Study-Nov-2025.pdf\" target=\"_self\" rel=\"noopener\">\n\t\t\t\t\t\tLeia o estudo de caso\n\t\t\t\t\t<\/a>\n<figure itemscope itemtype=\"https:\/\/schema.org\/ImageObject\">\n\t\t\t\t<img decoding=\"async\" src=\"https:\/\/marylandefc.org\/wp-content\/uploads\/2024\/02\/ACE-Interface-Policy-Maker-Reception-Group-Photo.jpg\" alt=\"ACE Interface Policy Maker Reception\" height=\"800\" width=\"1200\" title=\"Foto do grupo de recep\u00e7\u00e3o do formulador de pol\u00edticas da Interface ACE\" onerror=\"this.style.display='none'\" loading=\"lazy\" \/>\n\t<\/figure>\n<h2>\n\t\t\tAo longo dos anos\t<\/h2>\n\t<p>O Maryland Essentials for Childhood foi criado em 2014, mas os alicerces dessa iniciativa de impacto coletivo come\u00e7aram a tomar forma d\u00e9cadas antes.<\/p>\n<p><a href=\"\/pt\/about\/timeline\/\">Veja nossa linha do tempo<\/a><\/p>","protected":false},"excerpt":{"rendered":"<p>HOW WE STARTED Where it all began Maryland has a long history of practitioners and organizations coming together to work collectively to prioritize prevention. &#8220;Backbone organizations serve as coordinating bodies that bring together a diversity of stakeholders and lead a synchronized effort to achieve a common goal.&#8221; ~ Health Care Value Hub Backbone Organizations Our&hellip;<\/p>","protected":false},"author":1,"featured_media":26978,"parent":25,"menu_order":0,"comment_status":"closed","ping_status":"closed","template":"","meta":{"footnotes":""},"class_list":["post-3272","page","type-page","status-publish","has-post-thumbnail","hentry"],"_links":{"self":[{"href":"https:\/\/marylandefc.org\/pt\/wp-json\/wp\/v2\/pages\/3272","targetHints":{"allow":["GET"]}}],"collection":[{"href":"https:\/\/marylandefc.org\/pt\/wp-json\/wp\/v2\/pages"}],"about":[{"href":"https:\/\/marylandefc.org\/pt\/wp-json\/wp\/v2\/types\/page"}],"author":[{"embeddable":true,"href":"https:\/\/marylandefc.org\/pt\/wp-json\/wp\/v2\/users\/1"}],"replies":[{"embeddable":true,"href":"https:\/\/marylandefc.org\/pt\/wp-json\/wp\/v2\/comments?post=3272"}],"version-history":[{"count":0,"href":"https:\/\/marylandefc.org\/pt\/wp-json\/wp\/v2\/pages\/3272\/revisions"}],"up":[{"embeddable":true,"href":"https:\/\/marylandefc.org\/pt\/wp-json\/wp\/v2\/pages\/25"}],"wp:featuredmedia":[{"embeddable":true,"href":"https:\/\/marylandefc.org\/pt\/wp-json\/wp\/v2\/media\/26978"}],"wp:attachment":[{"href":"https:\/\/marylandefc.org\/pt\/wp-json\/wp\/v2\/media?parent=3272"}],"curies":[{"name":"wp","href":"https:\/\/api.w.org\/{rel}","templated":true}]}}