{"id":3278,"date":"2024-01-18T13:30:27","date_gmt":"2024-01-18T21:30:27","guid":{"rendered":"https:\/\/marylandefc.org\/?page_id=3278"},"modified":"2026-03-03T05:57:18","modified_gmt":"2026-03-03T13:57:18","slug":"values","status":"publish","type":"page","link":"https:\/\/marylandefc.org\/pt\/about\/values\/","title":{"rendered":"Nossos Valores"},"content":{"rendered":"<figure itemscope=\"\" itemtype=\"https:\/\/schema.org\/ImageObject\">\n\t\t\t\t<img decoding=\"async\" src=\"https:\/\/marylandefc.org\/wp-content\/uploads\/2024\/02\/Community-members-holding-hands-united-in-the-same-values.jpg\" alt=\"Community members working together united in the same values\" height=\"800\" width=\"1200\" title=\"Membros da comunidade de m\u00e3os dadas, unidos pelos mesmos valores\" onerror=\"this.style.display='none'\" loading=\"lazy\">\n\t<\/figure>\n\t<h1>VALORES<\/h1>\n\t<h2>O que valorizamos?<\/h2>\n<p>O Maryland Essentials for Childhood (EFC) serve para conectar ci\u00eancia, pol\u00edtica e pessoas, para que as crian\u00e7as prosperem. Tornar esse objetivo realidade significa <strong>transformando Maryland em uma comunidade informada sobre traumas para todos.<\/strong><\/p>\n\t<h2>Colabora\u00e7\u00e3o<\/h2>\n<p>A EFC se esfor\u00e7a para reunir pessoas para que elas aproveitem suas habilidades, experi\u00eancias vividas e expertise para alcan\u00e7ar nossa miss\u00e3o. Esse processo inclui o desenvolvimento de uma agenda comum ampla e a utiliza\u00e7\u00e3o de uma abordagem de impacto coletivo para alcan\u00e7ar o sucesso.&nbsp;<\/p>\n<figure data-animation-delay=\"0\" data-animation-duration=\"1\" itemscope=\"\" itemtype=\"https:\/\/schema.org\/ImageObject\">\n\t\t\t\t<img decoding=\"async\" src=\"https:\/\/marylandefc.org\/wp-content\/uploads\/2024\/01\/MEC-Graphics_mid-orange-circle.svg\" alt=\"orange circle\" height=\"374\" width=\"374\" title=\"MEC-Graphics_c\u00edrculo laranja m\u00e9dio\" onerror=\"this.style.display='none'\" loading=\"lazy\">\n\t<\/figure>\n<figure itemscope=\"\" itemtype=\"https:\/\/schema.org\/ImageObject\">\n\t\t\t\t<img decoding=\"async\" src=\"https:\/\/marylandefc.org\/wp-content\/uploads\/2024\/02\/Trauma_Labeled_EFC_icons.svg\" alt=\"Trauma Informed process with icons\" height=\"429\" width=\"1291\" title=\"\u00cdcones_EFC_etiquetados_de_trauma\" onerror=\"this.style.display='none'\" loading=\"lazy\">\n\t<\/figure>\n\t\t<h2>Processo Informado sobre Trauma<\/h2>\n\t\t<p>A EFC reconhece que h\u00e1 etapas a serem percorridas para se tornar informado sobre traumas. Apoiamos indiv\u00edduos, comunidades, organiza\u00e7\u00f5es e autoridades eleitas a percorrer esse processo desde:<\/p>\n<ul>\n<li>Consci\u00eancia do Trauma = Conscientiza\u00e7\u00e3o<\/li>\n<li>Sens\u00edvel ao Trauma = Conhecimento e Habilidades<\/li>\n<li>Trauma Responsivo = Mudan\u00e7a e Integra\u00e7\u00e3o<\/li>\n<li>Informado sobre traumas = Lideran\u00e7a<\/li>\n<\/ul>\n\t\t\t<a href=\"https:\/\/marylandefc.org\/wp-content\/uploads\/2024\/01\/FINAL-Toward-A-More-Prosperous-Maryland-ACEs-Legislative-Brief.pdf\" target=\"_self\">\n\t\t\t\t\t\tSaber mais\n\t\t\t\t\t<\/a>\n\t\t<h2>Agenda Comum<\/h2><h3>Os esfor\u00e7os do Maryland Essentials for Childhood seguem estes princ\u00edpios orientadores:<\/h3>\n<figure data-animation-delay=\"0\" data-animation-duration=\"1\" itemscope=\"\" itemtype=\"https:\/\/schema.org\/ImageObject\">\n\t\t\t\t<img decoding=\"async\" src=\"https:\/\/marylandefc.org\/wp-content\/uploads\/2024\/01\/MEC-Graphics_rayeshalf-light-aqua.svg\" alt=\"aqua colored circle with speckled dots\" height=\"374\" width=\"374\" title=\"MEC-Graphics_rayes+meia luz aqua\" onerror=\"this.style.display='none'\" loading=\"lazy\">\n\t<\/figure>\n\t\t<h3>1. Garantir relacionamentos e ambientes seguros, est\u00e1veis e estimulantes<\/h3><p>para que todas as crian\u00e7as e fam\u00edlias possam atingir seu pleno potencial como cidad\u00e3os autossuficientes, socialmente engajados e produtivos.<\/p>\n\t\t<h3>2. Manter uma colabora\u00e7\u00e3o entre v\u00e1rios setores<\/h3><p>para conduzir atividades estrat\u00e9gicas e de refor\u00e7o m\u00fatuo alinhadas \u00e0 nossa agenda comum.<\/p>\n\t\t<h3>3. Atingir os nossos objetivos requer mudan\u00e7as em v\u00e1rios sistemas,<\/h3><p>com foco em amplos determinantes sociais e econ\u00f4micos, mudando normas sociais e pol\u00edticas governamentais e institucionais.<\/p>\n\t\t<h3>4. Os sistemas de aterramento mudam com a melhor evid\u00eancia dispon\u00edvel<\/h3><p>e se esfor\u00e7ando continuamente para melhorar a qualidade dos programas, servi\u00e7os e sistemas.<\/p>\n\t\t<h3>5. Fornecer cuidados cultural e linguisticamente congruentes<\/h3><p>para aqueles atendidos em programas, servi\u00e7os e sistemas.<\/p>\n\t\t<h3>6. Tomar medidas para reduzir desigualdades e disparidades<\/h3><p>que s\u00e3o evit\u00e1veis, injustos e preven\u00edveis, a fim de melhorar a sa\u00fade e o bem-estar geral da crian\u00e7a.<\/p>\n\t\t\t<a href=\"https:\/\/marylandefc.org\/wp-content\/uploads\/2025\/02\/EFC-Anti-Racist-Statement-FINAL-2025.pdf\" target=\"_blank\" rel=\"noopener\">\n\t\t\t\t\t\tLeia a Declara\u00e7\u00e3o Antirracista da EFC de Maryland\n\t\t\t\t\t<\/a>\n\t\t<h3>Saiba mais sobre a Agenda Comum<\/h3>\n\t\t\t<a href=\"https:\/\/marylandefc.org\/wp-content\/uploads\/2024\/01\/Maryland-Common-Agenda-Document-10-3.docx.pdf\" target=\"_blank\" rel=\"noopener\">\n\t\t\t\t\t\tMergulhe mais fundo\n\t\t\t\t\t<\/a>","protected":false},"excerpt":{"rendered":"<p>VALUES What do we value? Maryland Essentials for Childhood (EFC) serves to connect science, policy and people, so children thrive. Making that goal a reality means transforming Maryland into a trauma-informed community for everyone. Collaboration EFC strives to bring people together to leverage their skills, lived experience and expertise to achieve our mission. This process&hellip;<\/p>","protected":false},"author":1,"featured_media":27611,"parent":25,"menu_order":0,"comment_status":"closed","ping_status":"closed","template":"","meta":{"footnotes":""},"class_list":["post-3278","page","type-page","status-publish","has-post-thumbnail","hentry"],"_links":{"self":[{"href":"https:\/\/marylandefc.org\/pt\/wp-json\/wp\/v2\/pages\/3278","targetHints":{"allow":["GET"]}}],"collection":[{"href":"https:\/\/marylandefc.org\/pt\/wp-json\/wp\/v2\/pages"}],"about":[{"href":"https:\/\/marylandefc.org\/pt\/wp-json\/wp\/v2\/types\/page"}],"author":[{"embeddable":true,"href":"https:\/\/marylandefc.org\/pt\/wp-json\/wp\/v2\/users\/1"}],"replies":[{"embeddable":true,"href":"https:\/\/marylandefc.org\/pt\/wp-json\/wp\/v2\/comments?post=3278"}],"version-history":[{"count":0,"href":"https:\/\/marylandefc.org\/pt\/wp-json\/wp\/v2\/pages\/3278\/revisions"}],"up":[{"embeddable":true,"href":"https:\/\/marylandefc.org\/pt\/wp-json\/wp\/v2\/pages\/25"}],"wp:featuredmedia":[{"embeddable":true,"href":"https:\/\/marylandefc.org\/pt\/wp-json\/wp\/v2\/media\/27611"}],"wp:attachment":[{"href":"https:\/\/marylandefc.org\/pt\/wp-json\/wp\/v2\/media?parent=3278"}],"curies":[{"name":"wp","href":"https:\/\/api.w.org\/{rel}","templated":true}]}}