{"id":12,"date":"2018-10-28T20:35:06","date_gmt":"2018-10-28T20:35:06","guid":{"rendered":"https:\/\/marylandefc.org\/?page_id=12"},"modified":"2026-03-25T10:41:30","modified_gmt":"2026-03-25T17:41:30","slug":"home","status":"publish","type":"page","link":"https:\/\/marylandefc.org\/vi\/","title":{"rendered":"Trang ch\u1ee7"},"content":{"rendered":"<h1>\n\t\t\tK\u1ebft n\u1ed1i khoa h\u1ecdc, ch\u00ednh s\u00e1ch v\u00e0 con ng\u01b0\u1eddi \u0111\u1ec3 tr\u1ebb em ph\u00e1t tri\u1ec3n m\u1ea1nh m\u1ebd.\t<\/h1>\n\t<p>Maryland Essentials for Childhood l\u00e0 s\u00e1ng ki\u1ebfn to\u00e0n ti\u1ec3u bang nh\u1eb1m t\u1ea1o ra t\u00e1c \u0111\u1ed9ng t\u1eadp th\u1ec3. <\/p>\n<p><strong>M\u1ed7i \u0111\u1ee9a tr\u1ebb \u0111\u1ec1u ch\u1ee9a \u0111\u1ea7y nh\u1eefng h\u1ee9a h\u1eb9n to l\u1edbn,<\/strong> v\u00e0 ch\u00fang ta c\u00f3 ngh\u0129a v\u1ee5 chung trong vi\u1ec7c nu\u00f4i d\u01b0\u1ee1ng ti\u1ec1m n\u0103ng c\u1ee7a h\u1ecd.<\/p>\n\t<h2>H\u00e3y tham gia!<\/h2>\n\t\t\t<a href=\"\/vi\/grownups\/\"  target=\"_self\">\n\t\t\t\t\t\t\tNg\u01b0\u1eddi l\u1edbn\n\t\t\t\t\t<\/a>\n\t\t\t<a href=\"\/vi\/policy\/\"  target=\"_self\">\n\t\t\t\t\t\t\tC\u00e1c nh\u00e0 ho\u1ea1ch \u0111\u1ecbnh ch\u00ednh s\u00e1ch\n\t\t\t\t\t<\/a>\n\t\t\t<a href=\"\/vi\/partners\/\"  target=\"_self\">\n\t\t\t\t\t\t\t\u0110\u1ed1i t\u00e1c\n\t\t\t\t\t<\/a>\n<figure itemscope itemtype=\"https:\/\/schema.org\/ImageObject\">\n\t\t\t\t<img decoding=\"async\" src=\"https:\/\/marylandefc.org\/wp-content\/uploads\/2024\/02\/Maryland-community-members-holding-hands-coming-together-to-act.jpg\" alt=\"Maryland community members holding hands coming together to act\" height=\"800\" width=\"1200\" title=\"Ch\u00fang ta c\u00f3 th\u1ec3 c\u00f9ng nhau h\u1ecdc h\u1ecfi v\u00e0 chia s\u1ebb ngu\u1ed3n l\u1ef1c.\" onerror=\"this.style.display='none'\" loading=\"lazy\" \/>\n\t<\/figure>\n\t<h2>Ch\u00fang ta c\u00f3 th\u1ec3 c\u00f9ng nhau h\u1ecdc h\u1ecfi, chia s\u1ebb t\u00e0i nguy\u00ean v\u00e0 t\u00e1c \u0111\u1ed9ng \u0111\u1ebfn ch\u00ednh s\u00e1ch.<\/h2>\n<h3>Ch\u00fang ta h\u00e3y b\u1eaft \u0111\u1ea7u th\u00f4i!<\/h3>\n\t\t<figure itemscope itemtype=\"https:\/\/schema.org\/ImageObject\">\n\t\t\t\t<img decoding=\"async\" src=\"https:\/\/marylandefc.org\/wp-content\/uploads\/2024\/01\/MEC-Icons_brain.svg\" alt=\"Brain icon\" height=\"300\" width=\"300\" title=\"Bi\u1ec3u t\u01b0\u1ee3ng MEC_n\u00e3o\" onerror=\"this.style.display='none'\" loading=\"lazy\" \/>\n\t<\/figure>\n<h3>Khoa h\u1ecdc<\/h3><p>Khoa h\u1ecdc ch\u1ee9ng minh r\u1eb1ng nh\u1eefng s\u1ef1 ki\u1ec7n di\u1ec5n ra trong giai \u0111o\u1ea1n \u0111\u1ea7u \u0111\u1eddi c\u00f3 th\u1ec3 \u0111\u1ecbnh h\u00ecnh s\u1ef1 ph\u00e1t tri\u1ec3n c\u1ee7a tr\u1ebb. Tin t\u1ed1t l\u00e0 kh\u00f4ng bao gi\u1edd l\u00e0 qu\u00e1 mu\u1ed9n \u0111\u1ec3 t\u1ea1o ra t\u00e1c \u0111\u1ed9ng t\u00edch c\u1ef1c. H\u00e3y t\u00ecm ki\u1ebfm nh\u1eefng c\u00f4ng c\u1ee5 c\u1ea7n thi\u1ebft \u0111\u1ec3 th\u1ef1c hi\u1ec7n b\u01b0\u1edbc ti\u1ebfp theo. <\/p>\n\t\t\t<a href=\"\/vi\/grownups\/early-years\/\"  target=\"_self\">\n\t\t\t\t\t\t\tXem B\u1ed9 c\u00f4ng c\u1ee5 x\u00e2y d\u1ef1ng n\u00e3o b\u1ed9\n\t\t\t\t\t<\/a>\n\t\t<figure itemscope itemtype=\"https:\/\/schema.org\/ImageObject\">\n\t\t\t\t<img decoding=\"async\" src=\"https:\/\/marylandefc.org\/wp-content\/uploads\/2024\/02\/LegislatureGovernment_EFC_icon.svg\" alt=\"Legislature Government icon\" height=\"376\" width=\"376\" title=\"C\u01a1 quan l\u1eadp ph\u00e1pCh\u00ednh ph\u1ee7_EFC_icon\" onerror=\"this.style.display='none'\" loading=\"lazy\" \/>\n\t<\/figure>\n<h3>Ch\u00ednh s\u00e1ch<\/h3><p>C\u00e1c quy\u1ebft \u0111\u1ecbnh ch\u00ednh s\u00e1ch t\u00e1c \u0111\u1ed9ng \u0111\u1ebfn t\u1ea5t c\u1ea3 ch\u00fang ta. M\u1ed7i ch\u00ednh s\u00e1ch ch\u00fang ta \u0111\u1eb7t ra ph\u1ea3i th\u00fac \u0111\u1ea9y s\u1ef1 ph\u00e1t tri\u1ec3n l\u00e0nh m\u1ea1nh v\u00e0 gi\u1ea3m b\u1edbt g\u00e1nh n\u1eb7ng kh\u00f4ng c\u1ea7n thi\u1ebft cho tr\u1ebb em v\u00e0 ng\u01b0\u1eddi l\u1edbn trong cu\u1ed9c s\u1ed1ng c\u1ee7a h\u1ecd.<\/p>\n\t\t\t<a href=\"\/vi\/policy\/policies-matter\/\"  target=\"_self\">\n\t\t\t\t\t\t\tT\u00ecm hi\u1ec3u th\u00eam\n\t\t\t\t\t<\/a>\n\t\t<figure itemscope itemtype=\"https:\/\/schema.org\/ImageObject\">\n\t\t\t\t<img decoding=\"async\" src=\"https:\/\/marylandefc.org\/wp-content\/uploads\/2024\/01\/MEC-Icons_people.svg\" alt=\"People icon\" height=\"300\" width=\"300\" title=\"MEC-Bi\u1ec3u t\u01b0\u1ee3ng_ng\u01b0\u1eddi\" onerror=\"this.style.display='none'\" loading=\"lazy\" \/>\n\t<\/figure>\n<h3>M\u1ecdi ng\u01b0\u1eddi<\/h3><p>G\u1eb7p g\u1ee1 c\u00e1c \u0111\u1ed1i t\u00e1c c\u1ee7a ch\u00fang t\u00f4i tr\u00ean kh\u1eafp ti\u1ec3u bang, nh\u1eefng ng\u01b0\u1eddi \u0111ang chia s\u1ebb khoa h\u1ecdc v\u1edbi ng\u01b0\u1eddi d\u00e2n Maryland v\u00e0 th\u00fac \u0111\u1ea9y c\u00e1c ch\u00ednh s\u00e1ch gi\u00fap tr\u1ebb em c\u1ee7a ch\u00fang ta ph\u00e1t tri\u1ec3n.<\/p>\n\t\t\t<a href=\"\/vi\/partners\/meet-our-partners\/\"  target=\"_self\">\n\t\t\t\t\t\t\tG\u1eb7p g\u1ee1 \u0111\u1ed1i t\u00e1c c\u1ee7a ch\u00fang t\u00f4i\n\t\t\t\t\t<\/a>\n\t<h2>B\u1ea1n \u0111\u00e3 s\u1eb5n s\u00e0ng cho b\u01b0\u1edbc ti\u1ebfp theo ch\u01b0a?<\/h2>\n<h3>Tham gia v\u00e0o c\u1ed9ng \u0111\u1ed3ng c\u1ee7a b\u1ea1n v\u00e0 v\u1edbi EFC.<\/h3>\n<figure data-animation-delay=\"0\" data-animation-duration=\"1\" itemscope itemtype=\"https:\/\/schema.org\/ImageObject\">\n\t\t\t\t<img decoding=\"async\" src=\"https:\/\/marylandefc.org\/wp-content\/uploads\/2024\/02\/Community-members-walking-together.jpg\" alt=\"Community members walking together\" height=\"800\" width=\"1200\" title=\"s\u1eb5n s\u00e0ng cho b\u01b0\u1edbc ti\u1ebfp theo\" onerror=\"this.style.display='none'\" loading=\"lazy\" \/>\n\t<\/figure>\n\t\t<figure itemscope itemtype=\"https:\/\/schema.org\/ImageObject\">\n\t\t\t\t<img decoding=\"async\" src=\"https:\/\/marylandefc.org\/wp-content\/uploads\/2024\/02\/MEC-Icons_v2_teach.svg\" alt=\"Teach skills icon with teacher at blackboard\" height=\"300\" width=\"300\" title=\"MEC-Bi\u1ec3u t\u01b0\u1ee3ng_v2_d\u1ea1y\" onerror=\"this.style.display='none'\" loading=\"lazy\" \/>\n\t<\/figure>\n<h3>Tham gia<\/h3><p>Kh\u00e1m ph\u00e1 c\u00e1c c\u00e1ch h\u00e0nh \u0111\u1ed9ng. B\u1ea1n c\u00f3 th\u1ec3 t\u1ed5 ch\u1ee9c ho\u1eb7c tham d\u1ef1 kh\u00f3a \u0111\u00e0o t\u1ea1o, chia s\u1ebb t\u00e0i nguy\u00ean trong c\u1ed9ng \u0111\u1ed3ng, t\u00ecm hi\u1ec3u v\u1ec1 ch\u00ednh s\u00e1ch quan tr\u1ecdng v\u00e0 nhi\u1ec1u h\u01a1n n\u1eefa.<\/p>\n\t\t\t<a href=\"\/vi\/get-involved\/\"  target=\"_self\">\n\t\t\t\t\t\t\tTham gia\n\t\t\t\t\t<\/a>\n\t\t<figure itemscope itemtype=\"https:\/\/schema.org\/ImageObject\">\n\t\t\t\t<img decoding=\"async\" src=\"https:\/\/marylandefc.org\/wp-content\/uploads\/2024\/02\/MEC-Icons_v2_connect-to-adults-and-activities.svg\" alt=\"Connect youth to caring adults icon with two people holding hands\" height=\"300\" width=\"300\" title=\"MEC-Icons_v2_k\u1ebft n\u1ed1i v\u1edbi ng\u01b0\u1eddi l\u1edbn v\u00e0 c\u00e1c ho\u1ea1t \u0111\u1ed9ng\" onerror=\"this.style.display='none'\" loading=\"lazy\" \/>\n\t<\/figure>\n<h3>Tham gia n\u1ed7 l\u1ef1c<\/h3><p>H\u00e3y tham gia EFC v\u1edbi t\u01b0 c\u00e1ch l\u00e0 th\u00e0nh vi\u00ean c\u1ed9ng \u0111\u1ed3ng \u0111\u1ec3 k\u1ebft n\u1ed1i v\u00e0 th\u1ec3 hi\u1ec7n s\u1ef1 \u1ee7ng h\u1ed9 c\u1ee7a b\u1ea1n \u0111\u1ed1i v\u1edbi c\u00f4ng vi\u1ec7c c\u1ee7a ch\u00fang t\u00f4i.<\/p>\n<p>H\u00e3y h\u1ecfi c\u00e1c t\u1ed5 ch\u1ee9c phi l\u1ee3i nhu\u1eadn trong khu v\u1ef1c c\u1ee7a b\u1ea1n xem h\u1ecd c\u00f3 tham gia EFC kh\u00f4ng v\u00e0 khuy\u1ebfn kh\u00edch h\u1ecd k\u1ebft n\u1ed1i.<\/p>\n<p>&nbsp;<\/p>\n\t\t\t<a href=\"\/vi\/partners\/\"  target=\"_self\">\n\t\t\t\t\t\t\tTr\u1edf th\u00e0nh \u0111\u1ed1i t\u00e1c\n\t\t\t\t\t<\/a>\n\t\t<figure itemscope itemtype=\"https:\/\/schema.org\/ImageObject\">\n\t\t\t\t<img decoding=\"async\" src=\"https:\/\/marylandefc.org\/wp-content\/uploads\/2024\/02\/MEC-Icons_v2_strong-start.svg\" alt=\"Ensure strong start icon with baby carriage and family\" height=\"300\" width=\"300\" title=\"MEC-Icons_v2_strong-b\u1eaft \u0111\u1ea7u\" onerror=\"this.style.display='none'\" loading=\"lazy\" \/>\n\t<\/figure>\n<h3>Ng\u01b0\u1eddi l\u1edbn<\/h3><p>T\u00ecm hi\u1ec3u th\u00eam v\u1ec1 khoa h\u1ecdc n\u00e3o b\u1ed9 v\u00e0 c\u00e1ch gi\u00fap tr\u1ebb ph\u00e1t tri\u1ec3n.\u00a0<\/p>\n<p>Chia s\u1ebb th\u00f4ng tin v\u1ec1 s\u1ef1 ph\u00e1t tri\u1ec3n l\u00e0nh m\u1ea1nh n\u00e0y v\u1edbi b\u1ea1n b\u00e8 v\u00e0 h\u00e0ng x\u00f3m c\u1ee7a b\u1ea1n \u0111\u1ec3 ch\u00fang ta c\u00f3 th\u1ec3 h\u1ed7 tr\u1ee3 t\u1ea5t c\u1ea3 tr\u1ebb em trong c\u1ed9ng \u0111\u1ed3ng c\u1ee7a m\u00ecnh.<\/p>\n\t\t\t<a href=\"\/vi\/grownups\/protective-factors\/\"  target=\"_self\">\n\t\t\t\t\t\t\t\u0110\u1ecdc v\u1ec1 X\u00e2y d\u1ef1ng n\u00e3o b\u1ed9\n\t\t\t\t\t<\/a>\n<figure itemscope itemtype=\"https:\/\/schema.org\/ImageObject\">\n\t\t\t\t<img decoding=\"async\" src=\"https:\/\/marylandefc.org\/wp-content\/uploads\/2024\/02\/Dad-parenting-son.jpg\" alt=\"Dad parenting son\" height=\"800\" width=\"1200\" title=\"t\u00ecm ki\u1ebfm s\u1ef1 h\u1ed7 tr\u1ee3 t\u1eeb c\u1ed9ng \u0111\u1ed3ng\" onerror=\"this.style.display='none'\" loading=\"lazy\" \/>\n\t<\/figure>\n\t<h2>T\u00ecm ki\u1ebfm s\u1ef1 h\u1ed7 tr\u1ee3 c\u1ed9ng \u0111\u1ed3ng cho cha m\u1eb9 v\u00e0 ng\u01b0\u1eddi ch\u0103m s\u00f3c<\/h2>\n<h3>Ch\u0103m s\u00f3c tr\u1ebb em l\u00e0 m\u1ed9t c\u00f4ng vi\u1ec7c kh\u00f3 kh\u0103n!<\/h3>\n\t\t\t<a href=\"https:\/\/search.marylandefc.org\"  target=\"_blank\" rel=\"noopener\">\n\t\t\t\t\t\t\tT\u00ecm ki\u1ebfm d\u1ecbch v\u1ee5\n\t\t\t\t\t<\/a>","protected":false},"excerpt":{"rendered":"<p>K\u1ebft n\u1ed1i Khoa h\u1ecdc, Ch\u00ednh s\u00e1ch v\u00e0 Con ng\u01b0\u1eddi \u0111\u1ec3 Tr\u1ebb em Ph\u00e1t tri\u1ec3n. Maryland Essentials for Childhood l\u00e0 m\u1ed9t s\u00e1ng ki\u1ebfn to\u00e0n ti\u1ec3u bang h\u01b0\u1edbng \u0111\u1ebfn t\u00e1c \u0111\u1ed9ng c\u1ed9ng \u0111\u1ed3ng. M\u1ed7i tr\u1ebb em \u0111\u1ec1u ti\u1ec1m \u1ea9n nh\u1eefng ti\u1ec1m n\u0103ng to l\u1edbn, v\u00e0 ch\u00fang ta c\u00f3 tr\u00e1ch nhi\u1ec7m chung trong vi\u1ec7c nu\u00f4i d\u01b0\u1ee1ng ti\u1ec1m n\u0103ng c\u1ee7a c\u00e1c em. H\u00e3y tham gia! Ng\u01b0\u1eddi l\u1edbn - Nh\u00e0 ho\u1ea1ch \u0111\u1ecbnh ch\u00ednh s\u00e1ch - H\u1ee3p t\u00e1c! C\u00f9ng nhau, ch\u00fang ta c\u00f3 th\u1ec3 h\u1ecdc h\u1ecfi, chia s\u1ebb t\u00e0i nguy\u00ean v\u00e0 t\u00e1c \u0111\u1ed9ng \u0111\u1ebfn ch\u00ednh s\u00e1ch. H\u00e3y b\u1eaft \u0111\u1ea7u n\u00e0o! Khoa h\u1ecdc\u2026<\/p>","protected":false},"author":1,"featured_media":28300,"parent":0,"menu_order":0,"comment_status":"closed","ping_status":"closed","template":"","meta":{"footnotes":""},"class_list":["post-12","page","type-page","status-publish","has-post-thumbnail","hentry"],"_links":{"self":[{"href":"https:\/\/marylandefc.org\/vi\/wp-json\/wp\/v2\/pages\/12","targetHints":{"allow":["GET"]}}],"collection":[{"href":"https:\/\/marylandefc.org\/vi\/wp-json\/wp\/v2\/pages"}],"about":[{"href":"https:\/\/marylandefc.org\/vi\/wp-json\/wp\/v2\/types\/page"}],"author":[{"embeddable":true,"href":"https:\/\/marylandefc.org\/vi\/wp-json\/wp\/v2\/users\/1"}],"replies":[{"embeddable":true,"href":"https:\/\/marylandefc.org\/vi\/wp-json\/wp\/v2\/comments?post=12"}],"version-history":[{"count":0,"href":"https:\/\/marylandefc.org\/vi\/wp-json\/wp\/v2\/pages\/12\/revisions"}],"wp:featuredmedia":[{"embeddable":true,"href":"https:\/\/marylandefc.org\/vi\/wp-json\/wp\/v2\/media\/28300"}],"wp:attachment":[{"href":"https:\/\/marylandefc.org\/vi\/wp-json\/wp\/v2\/media?parent=12"}],"curies":[{"name":"wp","href":"https:\/\/api.w.org\/{rel}","templated":true}]}}