{"id":25,"date":"2019-04-05T20:40:50","date_gmt":"2019-04-05T20:40:50","guid":{"rendered":"https:\/\/marylandefc.org\/?page_id=25"},"modified":"2026-02-13T15:17:14","modified_gmt":"2026-02-13T23:17:14","slug":"about","status":"publish","type":"page","link":"https:\/\/marylandefc.org\/vi\/about\/","title":{"rendered":"V\u1ec1"},"content":{"rendered":"<figure itemscope itemtype=\"https:\/\/schema.org\/ImageObject\">\n\t\t\t\t<img decoding=\"async\" src=\"https:\/\/marylandefc.org\/wp-content\/uploads\/2024\/02\/Community-members-planting-a-tree.jpg\" alt=\"Community members planting a tree\" height=\"800\" width=\"1200\" title=\"M\u1ecdi ng\u01b0\u1eddi \u0111ang tr\u1ed3ng c\u00e2y\" onerror=\"this.style.display='none'\" loading=\"lazy\" \/>\n\t<\/figure>\n\t<h1>V\u1ec0 CH\u00daNG T\u00d4I<\/h1>\n\t<h2>Ch\u00fang t\u00f4i l\u00e0 ai<\/h2>\n<p>Maryland Essentials for Childhood (EFC) l\u00e0 s\u00e1ng ki\u1ebfn t\u00e1c \u0111\u1ed9ng t\u1eadp th\u1ec3 tr\u00ean to\u00e0n ti\u1ec3u bang nh\u1eb1m ng\u0103n ng\u1eeba nh\u1eefng tr\u1ea3i nghi\u1ec7m ti\u00eau c\u1ef1c th\u1eddi th\u01a1 \u1ea5u. <\/p>\n<p>Ch\u00fang t\u00f4i khuy\u1ebfn kh\u00edch <strong>m\u1ed9t ph\u01b0\u01a1ng ph\u00e1p ti\u1ebfp c\u1eadn \u0111a th\u1ebf h\u1ec7 nh\u1eb1m th\u00fac \u0111\u1ea9y c\u00e1c m\u1ed1i quan h\u1ec7 v\u00e0 m\u00f4i tr\u01b0\u1eddng an to\u00e0n, \u1ed5n \u0111\u1ecbnh v\u00e0 nu\u00f4i d\u01b0\u1ee1ng gi\u00fap tr\u1ebb em l\u1edbn l\u00ean tr\u1edf th\u00e0nh nh\u1eefng c\u00f4ng d\u00e2n kh\u1ecfe m\u1ea1nh v\u00e0 c\u00f3 \u00edch. <\/strong><\/p>\n<p>\u0110\u1ed5i l\u1ea1i, nh\u1eefng c\u00f4ng d\u00e2n \u0111\u00f3 c\u00f3 th\u1ec3 x\u00e2y d\u1ef1ng gia \u0111\u00ecnh v\u00e0 c\u1ed9ng \u0111\u1ed3ng v\u1eefng m\u1ea1nh v\u00e0 an to\u00e0n h\u01a1n cho con c\u00e1i c\u1ee7a h\u1ecd.<\/p>\n\t<h3>T\u1ea7m nh\u00ecn c\u1ee7a ch\u00fang t\u00f4i<\/h3>\n<p>T\u1ea5t c\u1ea3 tr\u1ebb em, thanh thi\u1ebfu ni\u00ean v\u00e0 gia \u0111\u00ecnh \u1edf Maryland \u0111\u1ec1u ph\u00e1t tri\u1ec3n trong c\u00e1c m\u1ed1i quan h\u1ec7 v\u00e0 m\u00f4i tr\u01b0\u1eddng an to\u00e0n, \u1ed5n \u0111\u1ecbnh v\u00e0 nu\u00f4i d\u01b0\u1ee1ng.<\/p>\n<figure data-animation-delay=\"0\" data-animation-duration=\"1\" itemscope itemtype=\"https:\/\/schema.org\/ImageObject\">\n\t\t\t\t<img decoding=\"async\" src=\"https:\/\/marylandefc.org\/wp-content\/uploads\/2024\/02\/Adolescents-with-skateboardsand-weighing-risks-and-rewards.jpg\" alt=\"Adolescents with skateboards weighing risks and rewards\" height=\"800\" width=\"1200\" title=\"C\u00e1c thanh thi\u1ebfu ni\u00ean ch\u01a1i v\u00e1n tr\u01b0\u1ee3t th\u1ea3o lu\u1eadn v\u1ec1 r\u1ee7i ro v\u00e0 l\u1ee3i \u00edch.\" onerror=\"this.style.display='none'\" loading=\"lazy\" \/>\n\t<\/figure>\n<figure data-animation-delay=\"0\" data-animation-duration=\"1\" itemscope itemtype=\"https:\/\/schema.org\/ImageObject\">\n\t\t\t\t<img decoding=\"async\" src=\"https:\/\/marylandefc.org\/wp-content\/uploads\/2024\/02\/Girls-on-a-mission-raking-leaves.jpg\" alt=\"Girls on a mission raking leaves\" height=\"800\" width=\"1200\" title=\"C\u00e1c c\u00f4 g\u00e1i c\u00e0o l\u00e1\" onerror=\"this.style.display='none'\" loading=\"lazy\" \/>\n\t<\/figure>\n\t<h3>S\u1ee9 m\u1ec7nh c\u1ee7a ch\u00fang t\u00f4i<\/h3>\n<p>X\u00e2y d\u1ef1ng ch\u01b0\u01a1ng tr\u00ecnh ngh\u1ecb s\u1ef1 chung gi\u1eefa nhi\u1ec1u c\u01a1 quan v\u00e0 b\u00ean li\u00ean quan \u0111\u1ec3 th\u1ed1ng nh\u1ea5t c\u00e1c ho\u1ea1t \u0111\u1ed9ng, ch\u01b0\u01a1ng tr\u00ecnh, ch\u00ednh s\u00e1ch v\u00e0 ngu\u1ed3n t\u00e0i tr\u1ee3 \u0111\u1ec3 t\u1ea5t c\u1ea3 tr\u1ebb em, thanh thi\u1ebfu ni\u00ean Maryland v\u00e0 gia \u0111\u00ecnh c\u1ee7a c\u00e1c em c\u00f3 \u0111\u01b0\u1ee3c m\u1ed1i quan h\u1ec7 v\u00e0 m\u00f4i tr\u01b0\u1eddng an to\u00e0n, \u1ed5n \u0111\u1ecbnh v\u00e0 nu\u00f4i d\u01b0\u1ee1ng.<\/p>\n\t<h2>M\u1ee5c ti\u00eau c\u1ee7a ch\u00fang t\u00f4i<\/h2>\n<p>EFC \u00e1p d\u1ee5ng c\u00e1c nguy\u00ean t\u1eafc v\u1ec1 t\u00e1c \u0111\u1ed9ng t\u1eadp th\u1ec3 v\u00e0 nghi\u00ean c\u1ee9u kh\u00f4ng ng\u1eebng ph\u00e1t tri\u1ec3n trong khoa h\u1ecdc n\u00e3o b\u1ed9, bi\u1ec3u sinh v\u00e0 kh\u1ea3 n\u0103ng ph\u1ee5c h\u1ed3i \u0111\u1ec3 th\u00fac \u0111\u1ea9y c\u00e1c m\u1ee5c ti\u00eau c\u1ee7a ch\u00fang t\u00f4i.<\/p>\n<p><strong>Ch\u00fang t\u00f4i th\u1ef1c hi\u1ec7n \u0111i\u1ec1u n\u00e0y b\u1eb1ng c\u00e1ch:<\/strong><\/p>\n\t\t<figure itemscope itemtype=\"https:\/\/schema.org\/ImageObject\">\n\t\t\t\t<img decoding=\"async\" src=\"https:\/\/marylandefc.org\/wp-content\/uploads\/2024\/01\/MEC-Icons_brain.svg\" alt=\"Brain icon\" height=\"300\" width=\"300\" title=\"Bi\u1ec3u t\u01b0\u1ee3ng MEC_n\u00e3o\" onerror=\"this.style.display='none'\" loading=\"lazy\" \/>\n\t<\/figure>\n<h3>Gi\u00e1o d\u1ee5c m\u1ecdi ng\u01b0\u1eddi v\u1ec1 khoa h\u1ecdc n\u00e3o b\u1ed9,<\/h3><p>Tr\u1ea3i nghi\u1ec7m b\u1ea5t l\u1ee3i th\u1eddi th\u01a1 \u1ea5u (ACE) v\u00e0 kh\u1ea3 n\u0103ng ph\u1ee5c h\u1ed3i; \u0111\u1ec3 \u0111\u01b0a khoa h\u1ecdc v\u00e0o th\u1ef1c ti\u1ec5n nh\u1eb1m gi\u1ea3m ACE v\u00e0 t\u1ea1o ra c\u00e1c m\u1ed1i quan h\u1ec7 v\u00e0 m\u00f4i tr\u01b0\u1eddng an to\u00e0n, \u1ed5n \u0111\u1ecbnh v\u00e0 nu\u00f4i d\u01b0\u1ee1ng cho t\u1ea5t c\u1ea3 tr\u1ebb em Maryland.<\/p>\n<p><strong><a href=\"\/vi\/grownups\/\">T\u00ecm hi\u1ec3u th\u00eam<\/a><\/strong><\/p>\n\t\t<figure itemscope itemtype=\"https:\/\/schema.org\/ImageObject\">\n\t\t\t\t<a href=\"\/vi\/partners\/meetings-reports\/\"  target=\"_self\" itemprop=\"url\">\n\t\t\t\t<img decoding=\"async\" src=\"https:\/\/marylandefc.org\/wp-content\/uploads\/2024\/01\/MEC-Icons_data.svg\" alt=\"Data icon\" height=\"300\" width=\"300\" title=\"MEC-Bi\u1ec3u t\u01b0\u1ee3ng_d\u1eef li\u1ec7u\" onerror=\"this.style.display='none'\" loading=\"lazy\" \/>\n\t\t\t\t<\/a>\n\t<\/figure>\n<h3><a href=\"\/vi\/partners\/meetings-reports\/\" target=\"_self\">Thu th\u1eadp, \u0111\u00e1nh gi\u00e1 v\u00e0 s\u1eed d\u1ee5ng d\u1eef li\u1ec7u<\/a><\/h3><p>\u0111\u1ec3 th\u00f4ng b\u00e1o c\u00e1c h\u00e0nh \u0111\u1ed9ng v\u00e0 \u0111\u01b0a ra c\u00e1c khuy\u1ebfn ngh\u1ecb nh\u1eb1m c\u1ea3i thi\u1ec7n h\u1ec7 th\u1ed1ng.<\/p>\n<a href=\"\/vi\/partners\/meetings-reports\/\"  target=\"_self\">T\u00ecm hi\u1ec3u th\u00eam<\/a>\t\n\t\t<figure itemscope itemtype=\"https:\/\/schema.org\/ImageObject\">\n\t\t\t\t<a href=\"\/vi\/partners\/\"  target=\"_self\" itemprop=\"url\">\n\t\t\t\t<img decoding=\"async\" src=\"https:\/\/marylandefc.org\/wp-content\/uploads\/2024\/01\/MEC-Icons_people.svg\" alt=\"People icon\" height=\"300\" width=\"300\" title=\"MEC-Bi\u1ec3u t\u01b0\u1ee3ng_ng\u01b0\u1eddi\" onerror=\"this.style.display='none'\" loading=\"lazy\" \/>\n\t\t\t\t<\/a>\n\t<\/figure>\n<h3><a href=\"\/vi\/partners\/\" target=\"_self\">L\u00e0m vi\u1ec7c t\u1eadp th\u1ec3<\/a><\/h3><p>\u0111\u1ec3 l\u1ed3ng gh\u00e9p khoa h\u1ecdc v\u1ec1 Tr\u1ea3i nghi\u1ec7m t\u00edch c\u1ef1c v\u00e0 b\u1ea5t l\u1ee3i th\u1eddi th\u01a1 \u1ea5u (PACE) v\u00e0o c\u00e1c h\u1ec7 th\u1ed1ng, d\u1ecbch v\u1ee5 v\u00e0 ch\u01b0\u01a1ng tr\u00ecnh.<\/p>\n<a href=\"\/vi\/partners\/\"  target=\"_self\">T\u00ecm hi\u1ec3u th\u00eam<\/a>\t\n\t\t<figure itemscope itemtype=\"https:\/\/schema.org\/ImageObject\">\n\t\t\t\t<a href=\"\/vi\/policy\/\"  target=\"_self\" itemprop=\"url\">\n\t\t\t\t<img decoding=\"async\" src=\"https:\/\/marylandefc.org\/wp-content\/uploads\/2024\/02\/LegislatureGovernment_EFC_icon.svg\" alt=\"Legislature Government icon\" height=\"376\" width=\"376\" title=\"C\u01a1 quan l\u1eadp ph\u00e1pCh\u00ednh ph\u1ee7_EFC_icon\" onerror=\"this.style.display='none'\" loading=\"lazy\" \/>\n\t\t\t\t<\/a>\n\t<\/figure>\n<h3><a href=\"\/vi\/policy\/\" target=\"_self\">L\u00e0m vi\u1ec7c v\u1edbi ch\u00ednh quy\u1ec1n ti\u1ec3u bang v\u00e0 \u0111\u1ecba ph\u01b0\u01a1ng<\/a><\/h3><p>\u0111\u1ec3 t\u00edch h\u1ee3p khoa h\u1ecdc PACE v\u00e0o c\u00e1c khuy\u1ebfn ngh\u1ecb v\u1ec1 ch\u00ednh s\u00e1ch v\u00e0 t\u00e0i tr\u1ee3.<\/p>\n<a href=\"\/vi\/policy\/\"  target=\"_self\">T\u00ecm hi\u1ec3u th\u00eam<\/a>","protected":false},"excerpt":{"rendered":"<p>ABOUT US Who We Are Maryland Essentials for Childhood (EFC) is a statewide collective impact initiative to prevent adverse childhood experiences. We encourage a multi-generational approach that promotes safe, stable, and nurturing relationships and environments that help children grow up to be healthy and productive citizens. In turn, those citizens can build stronger and safer&hellip;<\/p>","protected":false},"author":1,"featured_media":27614,"parent":0,"menu_order":0,"comment_status":"closed","ping_status":"closed","template":"","meta":{"footnotes":""},"class_list":["post-25","page","type-page","status-publish","has-post-thumbnail","hentry"],"_links":{"self":[{"href":"https:\/\/marylandefc.org\/vi\/wp-json\/wp\/v2\/pages\/25","targetHints":{"allow":["GET"]}}],"collection":[{"href":"https:\/\/marylandefc.org\/vi\/wp-json\/wp\/v2\/pages"}],"about":[{"href":"https:\/\/marylandefc.org\/vi\/wp-json\/wp\/v2\/types\/page"}],"author":[{"embeddable":true,"href":"https:\/\/marylandefc.org\/vi\/wp-json\/wp\/v2\/users\/1"}],"replies":[{"embeddable":true,"href":"https:\/\/marylandefc.org\/vi\/wp-json\/wp\/v2\/comments?post=25"}],"version-history":[{"count":0,"href":"https:\/\/marylandefc.org\/vi\/wp-json\/wp\/v2\/pages\/25\/revisions"}],"wp:featuredmedia":[{"embeddable":true,"href":"https:\/\/marylandefc.org\/vi\/wp-json\/wp\/v2\/media\/27614"}],"wp:attachment":[{"href":"https:\/\/marylandefc.org\/vi\/wp-json\/wp\/v2\/media?parent=25"}],"curies":[{"name":"wp","href":"https:\/\/api.w.org\/{rel}","templated":true}]}}