{"id":26565,"date":"2024-01-18T14:45:21","date_gmt":"2024-01-18T22:45:21","guid":{"rendered":"https:\/\/marylandefc.org\/?page_id=26565"},"modified":"2026-02-12T15:05:07","modified_gmt":"2026-02-12T23:05:07","slug":"timeline","status":"publish","type":"page","link":"https:\/\/marylandefc.org\/vi\/about\/timeline\/","title":{"rendered":"D\u00f2ng th\u1eddi gian"},"content":{"rendered":"<figure itemscope itemtype=\"https:\/\/schema.org\/ImageObject\">\n\t\t\t\t<img decoding=\"async\" src=\"https:\/\/marylandefc.org\/wp-content\/uploads\/2024\/02\/Group-of-people-running-in-a-race.jpg\" alt=\"Group of people running in a race\" height=\"800\" width=\"1200\" title=\"L\u1ecbch s\u1eed c\u1ee7a Maryland EFC\" onerror=\"this.style.display='none'\" loading=\"lazy\" \/>\n\t<\/figure>\n\t<h1>L\u1ecaCH S\u1eec C\u1ee6A CH\u00daNG T\u00d4I<\/h1>\n\t<h2>Qua nh\u1eefng n\u0103m th\u00e1ng<\/h2>\n<p>Maryland Essentials for Childhood \u0111\u01b0\u1ee3c th\u00e0nh l\u1eadp v\u00e0o n\u0103m 2014, nh\u01b0ng nh\u1eefng b\u01b0\u1edbc \u0111\u1ec7m cho s\u00e1ng ki\u1ebfn t\u00e1c \u0111\u1ed9ng t\u1eadp th\u1ec3 n\u00e0y \u0111\u00e3 b\u1eaft \u0111\u1ea7u h\u00ecnh th\u00e0nh t\u1eeb nhi\u1ec1u th\u1eadp k\u1ef7 tr\u01b0\u1edbc \u0111\u00f3.<\/p>\n\t<h3>1974<\/h3>\n<p>\u0110\u1ea1o lu\u1eadt Ph\u00f2ng ng\u1eeba v\u00e0 \u0110i\u1ec1u tr\u1ecb L\u1ea1m d\u1ee5ng Tr\u1ebb em (CAPTA) \u0111\u01b0\u1ee3c ban h\u00e0nh th\u00e0nh lu\u1eadt Li\u00ean bang.<\/p>\n\t<h3>1999<\/h3>\n<p>H\u1ed9i \u0111\u1ed3ng Nh\u00e0 n\u01b0\u1edbc v\u1ec1 L\u1ea1m d\u1ee5ng v\u00e0 B\u1ecf b\u00ea Tr\u1ebb em (SCCAN) \u0111\u01b0\u1ee3c th\u00e0nh l\u1eadp b\u1edfi \u0110\u1ea1i h\u1ed9i \u0111\u1ed3ng Maryland.<\/p>\n\t<h3>2006<\/h3>\n<p>SCCAN th\u00e0nh l\u1eadp Nh\u00f3m c\u00f4ng t\u00e1c ph\u00f2ng ng\u1eeba.<\/p>\n\t<h3>2007-2009<\/h3>\n<p>SCCAN&#8217;s Prevention Workgroup team participates in The PREVENT Child Maltreatment Institute funded by the Doris Duke Foundation and the CDC.<\/p>\n\t<h3>2012<\/h3>\n<p>SCCAN \u00e1p d\u1ee5ng c\u00e1c m\u1ee5c ti\u00eau Thi\u1ebft y\u1ebfu cho Tr\u1ebb em c\u1ee7a CDC \u0111\u1ec3 \u0111\u1ecbnh h\u01b0\u1edbng c\u00f4ng vi\u1ec7c c\u1ee7a m\u00ecnh.<\/p>\n\t<h3>2014<\/h3>\n<p>\u1ee6y ban Ph\u00f2ng ng\u1eeba SCCAN m\u1edf r\u1ed9ng v\u00e0 tr\u1edf th\u00e0nh Maryland Essentials for Childhood. SCCAN v\u00e0 The Family Tree \u0111\u1ed3ng \u00fd \u0111\u00f3ng vai tr\u00f2 l\u00e0 t\u1ed5 ch\u1ee9c x\u01b0\u01a1ng s\u1ed1ng.<\/p>\n\t<h3>2015<\/h3>\n<p>Maryland b\u1eaft \u0111\u1ea7u thu th\u1eadp <a href=\"https:\/\/health.maryland.gov\/phpa\/ccdpc\/Reports\/Documents\/MD-BRFSS\/2018%20Maryland%20BRFSS%20-%20ACEs%20by%20County%20-%201-29-2020.pdf\" target=\"_blank\" rel=\"noopener\">D\u1eef li\u1ec7u ACE<\/a> trong Kh\u1ea3o s\u00e1t v\u1ec1 y\u1ebfu t\u1ed1 r\u1ee7i ro h\u00e0nh vi.<\/p>\n\t<h3>2017<\/h3>\n<p>Maryland&#8217;s <a href=\"https:\/\/marylandefc.org\/vi\/get-involved\/ace-impact\/\">D\u1ef1 \u00e1n giao di\u1ec7n ACE<\/a> \u0111\u01b0\u1ee3c kh\u1edfi x\u01b0\u1edbng.<\/p>\n\t<h3>2018<\/h3>\n<p>Maryland b\u1eaft \u0111\u1ea7u thu th\u1eadp d\u1eef li\u1ec7u PACE trong <a href=\"https:\/\/health.maryland.gov\/phpa\/ccdpc\/Reports\/Pages\/YRBS-Main.aspx\" target=\"_blank\" rel=\"noopener\">Kh\u1ea3o s\u00e1t h\u00e0nh vi nguy c\u01a1 c\u1ee7a thanh thi\u1ebfu ni\u00ean\/Kh\u1ea3o s\u00e1t thu\u1ed1c l\u00e1 \u1edf thanh thi\u1ebfu ni\u00ean.<\/a><\/p>\n\t<h3>2019<\/h3>\n<p>Maryland Essentials for Childhood t\u1ed5 ch\u1ee9c <a href=\"https:\/\/marylandefc.org\/vi\/policy\/informing-policy\/\">B\u00e0n tr\u00f2n ACEs<\/a> d\u00e0nh cho c\u00e1c th\u00e0nh vi\u00ean c\u1ee7a \u0110\u1ea1i h\u1ed9i \u0111\u1ed3ng Maryland.<\/p>\n\t<h3>2020<\/h3>\n<p>Nh\u00f3m c\u00f4ng t\u00e1c th\u1ef1c hi\u1ec7n c\u00f4ng b\u1eb1ng ch\u1ee7ng t\u1ed9c v\u00e0 nh\u00f3m h\u00e0nh \u0111\u1ed9ng ph\u1ee5c h\u1ed3i s\u1ee9c kh\u1ecfe cho tr\u1ebb em \u0111\u01b0\u1ee3c th\u00e0nh l\u1eadp.<\/p>\n\t<h3>2020-2021<\/h3>\n<p>SCCAN and other state agency partners participate in the National Governors Association&#8217;s ACEs State Learning Collaborative.<\/p>\n\t<h3>2021<\/h3>\n<p>Th\u1ed1ng \u0111\u1ed1c ban h\u00e0nh L\u1ec7nh h\u00e0nh ph\u00e1p c\u1ee7a ACE v\u00e0 \u0110\u1ea1i h\u1ed9i \u0111\u1ed3ng th\u00e0nh l\u1eadp <a href=\"https:\/\/goccp.maryland.gov\/councils-commissions-and-workgroups\/commission-on-trauma-informed-care\/\" target=\"_blank\" rel=\"noopener\">\u1ee6y ban ch\u0103m s\u00f3c c\u00f3 hi\u1ec3u bi\u1ebft v\u1ec1 ch\u1ea5n th\u01b0\u01a1ng c\u1ee7a Maryland.<\/a><\/p>\n\t<h3>2022<\/h3>\n<p>M\u1ea1ng l\u01b0\u1edbi th\u00f4ng tin Maryland, cung c\u1ea5p d\u1ecbch v\u1ee5 cho 211 d\u1ecbch v\u1ee5 t\u1ea1i Maryland, c\u00f9ng v\u1edbi The Family Tree v\u00e0 SCCAN tr\u1edf th\u00e0nh t\u1ed5 ch\u1ee9c x\u01b0\u01a1ng s\u1ed1ng.<\/p>\n\t<h3>2024<\/h3>\n<p>Maryland Essentials for Childhood \u0111\u1ed5i th\u01b0\u01a1ng hi\u1ec7u v\u00e0 ra m\u1eaft s\u1ea3n ph\u1ea9m m\u1edbi <a href=\"https:\/\/marylandefc.org\/vi\/grownups\/\">B\u1ed9 c\u00f4ng c\u1ee5 x\u00e2y d\u1ef1ng n\u00e3o b\u1ed9<\/a>.<\/p>\n\t<h3>2026<\/h3>\n<p>T\u1ed5 ch\u1ee9c Ph\u00f2ng ch\u1ed1ng L\u1ea1m d\u1ee5ng Tr\u1ebb em Hoa K\u1ef3 (Prevent Child Abuse America) gi\u1edbi thi\u1ec7u ch\u01b0\u01a1ng tr\u00ecnh Maryland Essentials for Childhood nh\u01b0 m\u1ed9t v\u00ed d\u1ee5. <a href=\"https:\/\/preventchildabuse.org\/wp-content\/uploads\/2025\/12\/EfC-Case-Study-Nov-2025.pdf\" target=\"_blank\" rel=\"noopener\">nghi\u00ean c\u1ee9u tr\u01b0\u1eddng h\u1ee3p<\/a> TRONG <em>K\u1ebft n\u1ed1i thi\u1ebft y\u1ebfu<\/em>.<\/p>","protected":false},"excerpt":{"rendered":"<p>OUR HISTORY Through the Years Maryland Essentials for Childhood was created in 2014, but the stepping stones to this collective impact initiative began taking shape decades earlier. 1974 Child Abuse Prevention &amp; Treatment Act (CAPTA) enacted into Federal law. 1999 State Council on Child Abuse and Neglect (SCCAN) established by the Maryland General Assembly. 2006&hellip;<\/p>","protected":false},"author":1,"featured_media":27091,"parent":25,"menu_order":0,"comment_status":"closed","ping_status":"closed","template":"","meta":{"footnotes":""},"class_list":["post-26565","page","type-page","status-publish","has-post-thumbnail","hentry"],"_links":{"self":[{"href":"https:\/\/marylandefc.org\/vi\/wp-json\/wp\/v2\/pages\/26565","targetHints":{"allow":["GET"]}}],"collection":[{"href":"https:\/\/marylandefc.org\/vi\/wp-json\/wp\/v2\/pages"}],"about":[{"href":"https:\/\/marylandefc.org\/vi\/wp-json\/wp\/v2\/types\/page"}],"author":[{"embeddable":true,"href":"https:\/\/marylandefc.org\/vi\/wp-json\/wp\/v2\/users\/1"}],"replies":[{"embeddable":true,"href":"https:\/\/marylandefc.org\/vi\/wp-json\/wp\/v2\/comments?post=26565"}],"version-history":[{"count":0,"href":"https:\/\/marylandefc.org\/vi\/wp-json\/wp\/v2\/pages\/26565\/revisions"}],"up":[{"embeddable":true,"href":"https:\/\/marylandefc.org\/vi\/wp-json\/wp\/v2\/pages\/25"}],"wp:featuredmedia":[{"embeddable":true,"href":"https:\/\/marylandefc.org\/vi\/wp-json\/wp\/v2\/media\/27091"}],"wp:attachment":[{"href":"https:\/\/marylandefc.org\/vi\/wp-json\/wp\/v2\/media?parent=26565"}],"curies":[{"name":"wp","href":"https:\/\/api.w.org\/{rel}","templated":true}]}}