{"id":26567,"date":"2024-01-18T14:45:51","date_gmt":"2024-01-18T22:45:51","guid":{"rendered":"https:\/\/marylandefc.org\/?page_id=26567"},"modified":"2024-03-08T01:05:00","modified_gmt":"2024-03-08T09:05:00","slug":"legislative-action","status":"publish","type":"page","link":"https:\/\/marylandefc.org\/vi\/policy\/legislative-action\/","title":{"rendered":"H\u00e0nh \u0111\u1ed9ng l\u1eadp ph\u00e1p"},"content":{"rendered":"<img loading=\"lazy\" decoding=\"async\" src=\"https:\/\/marylandefc.org\/wp-content\/uploads\/2024\/02\/Clippinger-Paid-Family-Leave-Act.jpg\" alt=\"Clippinger Paid Family Leave Act\" itemprop=\"image\" height=\"800\" width=\"1200\" title=\"\u0110\u1ea1o lu\u1eadt ngh\u1ec9 ph\u00e9p gia \u0111\u00ecnh c\u00f3 l\u01b0\u01a1ng c\u1ee7a Clippinger\" onerror=\"this.style.display='none'\"  \/>\n\t<h1>H\u00c0NH \u0110\u1ed8NG L\u1eacP PH\u00c1P<\/h1>\n\t<h2>Ch\u00ednh s\u00e1ch th\u00e0nh c\u00f4ng<\/h2>\n<p>Maryland Essentials for Childhoods l\u00e0m vi\u1ec7c kh\u00f4ng bi\u1ebft m\u1ec7t m\u1ecfi v\u1edbi c\u00e1c \u0111\u1ed1i t\u00e1c, nh\u00f3m c\u1ed9ng \u0111\u1ed3ng v\u00e0 c\u00e1c li\u00ean minh h\u00e0ng \u0111\u1ea7u kh\u00e1c \u1ee7ng h\u1ed9 lu\u1eadt ph\u00e1p v\u00e0 h\u00e0nh \u0111\u1ed9ng \u0111i\u1ec1u h\u00e0nh nh\u1eb1m gi\u1ea3i quy\u1ebft c\u00e1c m\u1ee5c ti\u00eau ch\u00ednh s\u00e1ch c\u1ee7a ch\u00fang t\u00f4i. Ch\u00fang t\u00f4i t\u1ef1 h\u00e0o v\u1ec1 c\u00f4ng vi\u1ec7c m\u00e0 Maryland \u0111\u00e3 l\u00e0m v\u00e0 mong mu\u1ed1n ti\u1ebfp t\u1ee5c ph\u00e1t huy nh\u1eefng th\u00e0nh c\u00f4ng n\u00e0y. <\/p>\n<h3>\n\t\tD\u00f2ng th\u1eddi gian n\u00e0y ph\u1ea3n \u00e1nh lu\u1eadt \u0111\u01b0\u1ee3c th\u00f4ng qua t\u1ea1i \u0110\u1ea1i h\u1ed9i \u0111\u1ed3ng Maryland.\n\t<\/h3>\n\t<h4>2012:\u00a0<a href=\"https:\/\/legiscan.com\/MD\/bill\/SB566\/2012\" target=\"_blank\" rel=\"noopener\">\u0110\u1ea1o lu\u1eadt Tr\u00e1ch nhi\u1ec7m th\u0103m nh\u00e0 n\u0103m 2012 SB 566<\/a><\/h4>\n<p>Requires the State to fund only evidence-based and promising home visiting programs for improving parent and child outcomes; and, requires regular reports by home visiting programs and the Governor&#8217;s Office for Children.<\/p>\n\t<h4>2016:\u00a0<a href=\"https:\/\/legiscan.com\/MD\/bill\/HB72\/2016\" target=\"_blank\" rel=\"noopener\">Sexual Abuse and Assault Awareness and Prevention Program &#8211; Development and Implementation HB 72<\/a><\/h4>\n<p>Known as Erin&#8217;s Law, it requires age-appropriate education for school-age students on awareness and prevention of sexual abuse and assault. <\/p>\n\t<h4>2017: <a href=\"https:\/\/legiscan.com\/MD\/bill\/HB1\/2017\" target=\"_blank\" rel=\"noopener\">\u0110\u1ea1o lu\u1eadt Gia \u0111\u00ecnh Lao \u0111\u1ed9ng Kh\u1ecfe m\u1ea1nh Maryland HB 1<\/a><\/h4>\n<p>Y\u00eau c\u1ea7u nh\u1eefng ng\u01b0\u1eddi s\u1eed d\u1ee5ng lao \u0111\u1ed9ng c\u00f3 15 nh\u00e2n vi\u00ean tr\u1edf l\u00ean ph\u1ea3i cung c\u1ea5p cho nh\u00e2n vi\u00ean ch\u1ebf \u0111\u1ed9 ngh\u1ec9 \u1ed1m v\u00e0 ngh\u1ec9 an to\u00e0n; v\u00e0 nh\u1eefng ng\u01b0\u1eddi s\u1eed d\u1ee5ng lao \u0111\u1ed9ng c\u00f3 14 nh\u00e2n vi\u00ean tr\u1edf xu\u1ed1ng ph\u1ea3i cung c\u1ea5p ch\u1ebf \u0111\u1ed9 ngh\u1ec9 \u1ed1m v\u00e0 ngh\u1ec9 an to\u00e0n kh\u00f4ng l\u01b0\u01a1ng.<\/p>\n\t<h4>2018: <a href=\"https:\/\/legiscan.com\/MD\/bill\/HB1072\/2018\" target=\"_blank\" rel=\"noopener\">Child Sexual Abuse Prevention &#8211; Instruction and Training HB 1072<\/a><\/h4>\n<p>Y\u00eau c\u1ea7u t\u1ea5t c\u1ea3 c\u00e1c tr\u01b0\u1eddng nh\u1eadn t\u00e0i tr\u1ee3 c\u1ee7a ti\u1ec3u bang ph\u1ea3i cung c\u1ea5p \u0111\u00e0o t\u1ea1o h\u00e0ng n\u0103m v\u1ec1 ph\u00f2ng ng\u1eeba, x\u00e1c \u0111\u1ecbnh v\u00e0 b\u00e1o c\u00e1o l\u1ea1m d\u1ee5ng t\u00ecnh d\u1ee5c tr\u1ebb em cho t\u1ea5t c\u1ea3 nh\u00e2n vi\u00ean.<\/p>\n\t<h4><a href=\"https:\/\/legiscan.com\/MD\/bill\/HB1582\/2018\" target=\"_blank\" rel=\"noopener\">2018: Gi\u00e1m \u0111\u1ed1c Y khoa v\u1ec1 Ph\u00fac l\u1ee3i Tr\u1ebb em HB 1582<\/a><\/h4>\n<p>Th\u00e0nh l\u1eadp Gi\u00e1m \u0111\u1ed1c Y t\u1ebf Nh\u00e0 n\u01b0\u1edbc ph\u1ee5 tr\u00e1ch tr\u1ebb em nh\u1eadn D\u1ecbch v\u1ee5 Ph\u00fac l\u1ee3i Tr\u1ebb em v\u00e0 th\u00e0nh l\u1eadp ch\u01b0\u01a1ng tr\u00ecnh theo d\u00f5i ch\u0103m s\u00f3c s\u1ee9c kh\u1ecfe to\u00e0n di\u1ec7n, t\u1eadp trung. <\/p>\n\t<h4><a href=\"https:\/\/legiscan.com\/MD\/bill\/HB486\/2019\" target=\"_blank\" rel=\"noopener\">2019: SESAME (Ch\u1ea5m d\u1ee9t h\u00e0nh vi l\u1ea1m d\u1ee5ng v\u00e0 b\u00f3c l\u1ed9t t\u00ecnh d\u1ee5c c\u1ee7a gi\u00e1o vi\u00ean) HB 486 \/ SB 541<\/a><\/h4>\n<p>Establishes requirements for school personnel that identify applicants who&#8217;ve been the subject of sexual abuse or sexual misconduct involving a child.<\/p>\n\t<h4><a href=\"https:\/\/legiscan.com\/MD\/bill\/SB567\/2019\" target=\"_blank\" rel=\"noopener\">2019: Nh\u00f3m c\u00f4ng t\u00e1c nghi\u00ean c\u1ee9u c\u00e1c th\u1ee7 t\u1ee5c t\u1ed1 t\u1ee5ng t\u1ea1i T\u00f2a \u00e1n quy\u1ec1n nu\u00f4i con li\u00ean quan \u0111\u1ebfn c\u00e1o bu\u1ed9c l\u1ea1m d\u1ee5ng tr\u1ebb em ho\u1eb7c b\u1ea1o l\u1ef1c gia \u0111\u00ecnh SB 567<\/a><\/h4>\n<p>Th\u00e0nh l\u1eadp Nh\u00f3m c\u00f4ng t\u00e1c \u0111\u1ec3 nghi\u00ean c\u1ee9u th\u1ee7 t\u1ee5c t\u1ed1 t\u1ee5ng t\u1ea1i t\u00f2a \u00e1n v\u1ec1 quy\u1ec1n nu\u00f4i con li\u00ean quan \u0111\u1ebfn c\u00e1o bu\u1ed9c b\u1ea1o h\u00e0nh gia \u0111\u00ecnh \u1edf tr\u1ebb em. <\/p>\n\t<h4>2019: <a href=\"https:\/\/legiscan.com\/MD\/bill\/HB166\/2019\" target=\"_blank\" rel=\"noopener\">Payment of Wages &#8211; Minimum Wage HB 166<\/a><\/h4>\n<p>Known as the &#8220;Fight for $15&#8221;, proposed an annual increase in the state&#8217;s minimum wage to reach $15 per hour in 2025. <i>Ghi ch\u00fa:<\/i> <a href=\"https:\/\/legiscan.com\/MD\/bill\/SB555\/2023\" target=\"_blank\" rel=\"noopener\">\u0110\u1ea1o lu\u1eadt Ti\u1ec1n l\u01b0\u01a1ng C\u00f4ng b\u1eb1ng n\u0103m 2023 SB 555<\/a> \u0111\u1ea9y nhanh d\u00f2ng th\u1eddi gian. <\/p>\n\t<h4><a href=\"https:\/\/legiscan.com\/MD\/bill\/HB1007\/2019\" target=\"_blank\" rel=\"noopener\">2019: Child Advocacy Center &#8211; Expansion<\/a><\/h4>\n<p>Requires the Governor&#8217;s Office on Crime Control and Prevention to provide every child access to an accredited child advocacy center. <\/p>\n\t<h4><a href=\"https:\/\/legiscan.com\/MD\/bill\/HB277\/2020\" target=\"_blank\" rel=\"noopener\">2020: H\u01b0\u1edbng d\u1eabn v\u1ec1 c\u00e1ch ti\u1ebfp c\u1eadn c\u00f3 hi\u1ec3u bi\u1ebft v\u1ec1 ch\u1ea5n th\u01b0\u01a1ng HB 277<\/a><\/h4>\n<p>Y\u00eau c\u1ea7u S\u1edf Gi\u00e1o d\u1ee5c Maryland thi\u1ebft l\u1eadp c\u00e1c h\u01b0\u1edbng d\u1eabn v\u1ec1 ph\u01b0\u01a1ng ph\u00e1p ti\u1ebfp c\u1eadn nh\u1eadn th\u1ee9c v\u1ec1 ch\u1ea5n th\u01b0\u01a1ng v\u00e0 ph\u00e2n ph\u1ed1i ch\u00fang \u0111\u1ebfn c\u00e1c khu v\u1ef1c tr\u01b0\u1eddng h\u1ecdc. <\/p>\n\t<h4><a href=\"https:\/\/legiscan.com\/MD\/bill\/HB548\/2021\" target=\"_blank\" rel=\"noopener\">2021: Trauma Informed Care Commission and Training (Healing Maryland&#8217;s Trauma Act) HB 548 \/ SB 299<\/a><\/h4>\n<p>Th\u00e0nh l\u1eadp m\u1ed9t \u1ee7y ban \u0111\u1ec3 \u0111i\u1ec1u ph\u1ed1i c\u00e1c s\u00e1ng ki\u1ebfn \u01b0u ti\u00ean cung c\u1ea5p c\u00e1c d\u1ecbch v\u1ee5 c\u1ee7a Nh\u00e0 n\u01b0\u1edbc c\u00f3 t\u00ednh \u0111\u1ebfn ch\u1ea5n th\u01b0\u01a1ng v\u00e0 c\u00f3 hi\u1ec3u bi\u1ebft v\u1ec1 ch\u1ea5n th\u01b0\u01a1ng.<\/p>\n\t<h4><a href=\"https:\/\/legiscan.com\/MD\/bill\/HB771\/2021\" target=\"_blank\" rel=\"noopener\">2021: Centers for Disease Control and Prevention Surveys &#8211; Revisions HB 771 \/ SB 548<\/a><\/h4>\n<p>Y\u00eau c\u1ea7u S\u1edf Gi\u00e1o d\u1ee5c Ti\u1ec3u bang, c\u00f9ng v\u1edbi S\u1edf Y t\u1ebf, \u0111\u01b0a \u00edt nh\u1ea5t n\u0103m c\u00e2u h\u1ecfi v\u1ec1 ACE\/PACE v\u00e0o Kh\u1ea3o s\u00e1t R\u1ee7i ro H\u00e0nh vi c\u1ee7a Thanh thi\u1ebfu ni\u00ean (YRBS) <\/p>\n\t<h4><a href=\"https:\/\/legiscan.com\/MD\/bill\/HB258\/2021\" target=\"_blank\" rel=\"noopener\">2021: State Child Welfare System &#8211; Reporting HB 258 \/ SB 592<\/a><\/h4>\n<p>Y\u00eau c\u1ea7u S\u1edf D\u1ecbch v\u1ee5 Nh\u00e2n sinh v\u00e0 S\u1edf Gi\u00e1o d\u1ee5c Maryland cung c\u1ea5p d\u1eef li\u1ec7u ph\u00e2n t\u00edch v\u1ec1 k\u1ebft qu\u1ea3 d\u00e0nh cho tr\u1ebb em v\u00e0 thanh thi\u1ebfu ni\u00ean trong h\u1ec7 th\u1ed1ng ph\u00fac l\u1ee3i tr\u1ebb em. <\/p>\n\t<h4><a href=\"https:\/\/legiscan.com\/MD\/bill\/SB275\/2022\" target=\"_blank\" rel=\"noopener\">2022: Ch\u01b0\u01a1ng tr\u00ecnh B\u1ea3o hi\u1ec3m Ngh\u1ec9 ph\u00e9p Gia \u0111\u00ecnh v\u00e0 Y t\u1ebf SB 275<\/a><\/h4>\n<p>\u0110\u1ea1o lu\u1eadt Th\u1eddi gian ch\u0103m s\u00f3c thi\u1ebft l\u1eadp ch\u01b0\u01a1ng tr\u00ecnh b\u1ea3o hi\u1ec3m nh\u1eb1m cung c\u1ea5p 12 tu\u1ea7n ngh\u1ec9 ph\u00e9p c\u00f3 l\u01b0\u01a1ng m\u1ed7i n\u0103m cho nh\u1eefng nh\u00e2n vi\u00ean ch\u0103m s\u00f3c tr\u1ebb s\u01a1 sinh ho\u1eb7c th\u00e0nh vi\u00ean gia \u0111\u00ecnh b\u1ecb b\u1ec7nh l\u00fd.<\/p>\n<p><a href=\"https:\/\/marylandefc.org\/vi\/policy\/recent-impact\/\">\u0110\u1ecdc th\u00eam v\u1ec1 th\u00e0nh c\u00f4ng g\u1ea7n \u0111\u00e2y c\u1ee7a ch\u00ednh s\u00e1ch n\u00e0y.<\/a><\/p>\n\t<h4><a href=\"https:\/\/legiscan.com\/MD\/bill\/HB561\/2022\" target=\"_blank\" rel=\"noopener\">2022: Child Custody &#8211; Cases Involving Child Abuse or Domestic Violence &#8211; Training for Judges HB 561\/ SB 17<\/a><\/h4>\n<p>Y\u00eau c\u1ea7u C\u01a1 quan t\u01b0 ph\u00e1p Maryland x\u00e2y d\u1ef1ng ch\u01b0\u01a1ng tr\u00ecnh \u0111\u00e0o t\u1ea1o cho c\u00e1c th\u1ea9m ph\u00e1n ch\u1ee7 tr\u00ec c\u00e1c v\u1ee5 \u00e1n gi\u00e0nh quy\u1ec1n nu\u00f4i con li\u00ean quan \u0111\u1ebfn l\u1ea1m d\u1ee5ng tr\u1ebb em v\u00e0 b\u1ea1o l\u1ef1c gia \u0111\u00ecnh.\u00a0 <\/p>\n\t<h4><a href=\"https:\/\/legiscan.com\/MD\/bill\/HB001\/2023\" target=\"_blank\" rel=\"noopener\">2023: Child Sexual Abuse &#8211; Definition, Damages, and Statute of Limitations (The Child Victims Act of 2023) HB 01 \/ SB 686<\/a><\/h4>\n<p>B\u00e3i b\u1ecf lu\u1eadt d\u00e2n s\u1ef1 v\u1ec1 th\u1eddi hi\u1ec7u trong c\u00e1c tr\u01b0\u1eddng h\u1ee3p l\u1ea1m d\u1ee5ng t\u00ecnh d\u1ee5c tr\u1ebb em v\u00e0 quy \u0111\u1ecbnh \u00e1p d\u1ee5ng h\u1ed3i t\u1ed1 lu\u1eadt n\u00e0y.\u00a0 <\/p>\n<p><a href=\"\/vi\/policy\/recent-impact\/\">T\u00ecm hi\u1ec3u th\u00eam v\u1ec1 th\u00e0nh c\u00f4ng g\u1ea7n \u0111\u00e2y c\u1ee7a ch\u00ednh s\u00e1ch n\u00e0y.<\/a><\/p>","protected":false},"excerpt":{"rendered":"<p>LEGISLATIVE ACTION Policy Success Maryland Essentials for Childhoods works tirelessly with our partners, community groups and other leading coalitions championing legislation and executive action that works to address our policy goals. We are proud of the work that Maryland has done and look forward to continuing to build on these successes. This timeline reflects legislation&hellip;<\/p>","protected":false},"author":1,"featured_media":26994,"parent":3255,"menu_order":0,"comment_status":"closed","ping_status":"closed","template":"","meta":{"footnotes":""},"class_list":["post-26567","page","type-page","status-publish","has-post-thumbnail","hentry"],"_links":{"self":[{"href":"https:\/\/marylandefc.org\/vi\/wp-json\/wp\/v2\/pages\/26567","targetHints":{"allow":["GET"]}}],"collection":[{"href":"https:\/\/marylandefc.org\/vi\/wp-json\/wp\/v2\/pages"}],"about":[{"href":"https:\/\/marylandefc.org\/vi\/wp-json\/wp\/v2\/types\/page"}],"author":[{"embeddable":true,"href":"https:\/\/marylandefc.org\/vi\/wp-json\/wp\/v2\/users\/1"}],"replies":[{"embeddable":true,"href":"https:\/\/marylandefc.org\/vi\/wp-json\/wp\/v2\/comments?post=26567"}],"version-history":[{"count":0,"href":"https:\/\/marylandefc.org\/vi\/wp-json\/wp\/v2\/pages\/26567\/revisions"}],"up":[{"embeddable":true,"href":"https:\/\/marylandefc.org\/vi\/wp-json\/wp\/v2\/pages\/3255"}],"wp:featuredmedia":[{"embeddable":true,"href":"https:\/\/marylandefc.org\/vi\/wp-json\/wp\/v2\/media\/26994"}],"wp:attachment":[{"href":"https:\/\/marylandefc.org\/vi\/wp-json\/wp\/v2\/media?parent=26567"}],"curies":[{"name":"wp","href":"https:\/\/api.w.org\/{rel}","templated":true}]}}