{"id":26575,"date":"2024-01-18T14:47:11","date_gmt":"2024-01-18T22:47:11","guid":{"rendered":"https:\/\/marylandefc.org\/?page_id=26575"},"modified":"2025-04-10T11:40:36","modified_gmt":"2025-04-10T18:40:36","slug":"how-we-work","status":"publish","type":"page","link":"https:\/\/marylandefc.org\/vi\/partners\/how-we-work\/","title":{"rendered":"Ch\u00fang t\u00f4i l\u00e0m vi\u1ec7c nh\u01b0 th\u1ebf n\u00e0o"},"content":{"rendered":"<img loading=\"lazy\" decoding=\"async\" src=\"https:\/\/marylandefc.org\/wp-content\/uploads\/2024\/02\/Group-of-community-members-workign-together.jpg\" alt=\"Group of community members working together\" itemprop=\"image\" height=\"800\" width=\"1200\" title=\"Nh\u00f3m th\u00e0nh vi\u00ean c\u1ed9ng \u0111\u1ed3ng l\u00e0m vi\u1ec7c c\u00f9ng nhau\" onerror=\"this.style.display='none'\"  \/>\n\t<h1>CH\u00daNG T\u00d4I L\u00c0M VI\u1ec6C NH\u01af TH\u1ebe N\u00c0O<\/h1>\n\t<h2>Quy tr\u00ecnh c\u1ee7a ch\u00fang t\u00f4i<\/h2>\n<p>EFC recognizes that our vision for a state where all children, youth and their families thrive in safe, stable and nurturing relationships and environments will take action across multiple public and private systems to achieve. That&#8217;s why our work relies on collaboration and a common agenda to lead our conversation and chart our path forward. <\/p>\n\t<h2>S\u1ef1 h\u1ee3p t\u00e1c<\/h2>\n<p>L\u00e0m vi\u1ec7c tr\u00ean nhi\u1ec1u l\u0129nh v\u1ef1c, t\u1eeb ch\u00ednh ph\u1ee7 \u0111\u1ebfn c\u00e1c t\u1ed5 ch\u1ee9c phi l\u1ee3i nhu\u1eadn, gi\u00e1o d\u1ee5c \u0111\u1ea1i h\u1ecdc \u0111\u1ebfn c\u00e1c nh\u00f3m v\u1eadn \u0111\u1ed9ng c\u1ed9ng \u0111\u1ed3ng, Maryland EFC nh\u1eadn ra t\u1ea7m quan tr\u1ecdng c\u1ee7a vi\u1ec7c t\u1ea1o c\u01a1 h\u1ed9i cho m\u1ecdi ng\u01b0\u1eddi tham gia v\u00e0o qu\u00e1 tr\u00ecnh n\u00e0y. B\u1eb1ng c\u00e1ch khuy\u1ebfn kh\u00edch v\u00e0 ch\u00e0o \u0111\u00f3n nhi\u1ec1u ti\u1ebfng n\u00f3i kh\u00e1c nhau \u0111\u01b0\u1ee3c l\u1eafng nghe, ch\u00fang t\u00f4i \u0111\u01b0a ra c\u00e1c khuy\u1ebfn ngh\u1ecb d\u1ef1a tr\u00ean khoa h\u1ecdc, \u0111\u01b0\u1ee3c h\u01b0\u1edbng d\u1eabn b\u1edfi nghi\u00ean c\u1ee9u v\u00e0 \u0111\u01b0\u1ee3c th\u00f4ng tin t\u1eeb kinh nghi\u1ec7m s\u1ed1ng.\u00a0<\/p>\n<p>C\u00f3 nh\u1eefng l\u0129nh v\u1ef1c v\u1ea5n \u0111\u1ec1 m\u00e0 EFC \u0111\u00f3ng vai tr\u00f2 l\u00e3nh \u0111\u1ea1o trong vi\u1ec7c \u0111\u01b0a ra c\u00e1c khuy\u1ebfn ngh\u1ecb ch\u00ednh s\u00e1ch, v\u1eadn \u0111\u1ed9ng v\u1edbi c\u00e1c nh\u00e0 l\u1eadp ph\u00e1p v\u00e0 x\u00e2y d\u1ef1ng li\u00ean minh c\u00e1c \u0111\u1ed1i t\u00e1c. C\u00f3 nh\u1eefng l\u00fac kh\u00e1c khi EFC cung c\u1ea5p chuy\u00ean m\u00f4n cho c\u00e1c t\u1ed5 ch\u1ee9c kh\u00e1c v\u00e0 gi\u1edbi thi\u1ec7u v\u1edbi c\u00e1c nh\u00e0 l\u00e3nh \u0111\u1ea1o t\u01b0 t\u01b0\u1edfng tr\u00ean kh\u1eafp c\u1ea3 n\u01b0\u1edbc. Quy tr\u00ecnh c\u1ee7a ch\u00fang t\u00f4i cho ph\u00e9p ch\u00fang t\u00f4i ph\u1ea3n \u1ee9ng k\u1ecbp th\u1eddi, l\u00e3nh \u0111\u1ea1o khi c\u1ea7n v\u00e0 \u0111\u1ed3ng h\u00e0nh c\u00f9ng nh\u1eefng ng\u01b0\u1eddi kh\u00e1c trong qu\u00e1 tr\u00ecnh h\u1ee3p t\u00e1c. <\/p>\n\t\t\t\t<img loading=\"lazy\" decoding=\"async\" src=\"https:\/\/marylandefc.org\/wp-content\/uploads\/2024\/02\/Legislators-Dave--scaled.jpg\" alt=\"Legislators gathered at EFC award ceremony\" itemprop=\"image\" height=\"2410\" width=\"2560\" title=\"C\u00e1c nh\u00e0 l\u1eadp ph\u00e1p v\u00e0 Dave\" onerror=\"this.style.display='none'\"  \/>\n\t\t<h2>Ch\u01b0\u01a1ng tr\u00ecnh ngh\u1ecb s\u1ef1 chung<\/h2><h3>Nh\u1eefng n\u1ed7 l\u1ef1c c\u1ee7a Maryland Essentials for Childhood tu\u00e2n theo c\u00e1c nguy\u00ean t\u1eafc ch\u1ec9 \u0111\u1ea1o sau:<\/h3>\n\t\t<h3>1. \u0110\u1ea3m b\u1ea3o c\u00e1c m\u1ed1i quan h\u1ec7 v\u00e0 m\u00f4i tr\u01b0\u1eddng an to\u00e0n, \u1ed5n \u0111\u1ecbnh, nu\u00f4i d\u01b0\u1ee1ng<\/h3><p>\u0111\u1ec3 t\u1ea5t c\u1ea3 tr\u1ebb em v\u00e0 gia \u0111\u00ecnh c\u00f3 th\u1ec3 ph\u00e1t huy h\u1ebft ti\u1ec1m n\u0103ng c\u1ee7a m\u00ecnh \u0111\u1ec3 tr\u1edf th\u00e0nh nh\u1eefng c\u00f4ng d\u00e2n t\u1ef1 l\u1eadp, c\u00f3 tr\u00e1ch nhi\u1ec7m x\u00e3 h\u1ed9i v\u00e0 c\u00f3 \u00edch.<\/p>\n\t\t<h3>2. Duy tr\u00ec s\u1ef1 h\u1ee3p t\u00e1c gi\u1eefa nhi\u1ec1u l\u0129nh v\u1ef1c<\/h3><p>\u0111\u1ec3 ti\u1ebfn h\u00e0nh c\u00e1c ho\u1ea1t \u0111\u1ed9ng chi\u1ebfn l\u01b0\u1ee3c v\u00e0 h\u1ed7 tr\u1ee3 l\u1eabn nhau ph\u00f9 h\u1ee3p v\u1edbi ch\u01b0\u01a1ng tr\u00ecnh ngh\u1ecb s\u1ef1 chung c\u1ee7a ch\u00fang t\u00f4i.<\/p>\n\t\t<h3>3. \u0110\u1ec3 \u0111\u1ea1t \u0111\u01b0\u1ee3c m\u1ee5c ti\u00eau c\u1ee7a m\u00ecnh \u0111\u00f2i h\u1ecfi ph\u1ea3i c\u00f3 s\u1ef1 thay \u0111\u1ed5i trong nhi\u1ec1u h\u1ec7 th\u1ed1ng,<\/h3><p>t\u1eadp trung v\u00e0o c\u00e1c y\u1ebfu t\u1ed1 x\u00e3 h\u1ed9i v\u00e0 kinh t\u1ebf r\u1ed9ng l\u1edbn, c\u00e1c chu\u1ea9n m\u1ef1c x\u00e3 h\u1ed9i \u0111ang thay \u0111\u1ed5i v\u00e0 c\u00e1c ch\u00ednh s\u00e1ch c\u1ee7a ch\u00ednh ph\u1ee7 v\u00e0 th\u1ec3 ch\u1ebf.<\/p>\n\t\t<h3>4. H\u1ec7 th\u1ed1ng n\u1ed1i \u0111\u1ea5t thay \u0111\u1ed5i trong b\u1eb1ng ch\u1ee9ng t\u1ed1t nh\u1ea5t c\u00f3 s\u1eb5n<\/h3><p>v\u00e0 kh\u00f4ng ng\u1eebng n\u1ed7 l\u1ef1c c\u1ea3i thi\u1ec7n ch\u1ea5t l\u01b0\u1ee3ng ch\u01b0\u01a1ng tr\u00ecnh, d\u1ecbch v\u1ee5 v\u00e0 h\u1ec7 th\u1ed1ng.<\/p>\n\t\t<h3>5. Cung c\u1ea5p d\u1ecbch v\u1ee5 ch\u0103m s\u00f3c ph\u00f9 h\u1ee3p v\u1ec1 m\u1eb7t v\u0103n h\u00f3a v\u00e0 ng\u00f4n ng\u1eef<\/h3><p>cho nh\u1eefng ng\u01b0\u1eddi \u0111\u01b0\u1ee3c ph\u1ee5c v\u1ee5 trong c\u00e1c ch\u01b0\u01a1ng tr\u00ecnh, d\u1ecbch v\u1ee5 v\u00e0 h\u1ec7 th\u1ed1ng.<\/p>\n\t\t<h3>6. Th\u1ef1c hi\u1ec7n h\u00e0nh \u0111\u1ed9ng \u0111\u1ec3 gi\u1ea3m b\u1ea5t b\u00ecnh \u0111\u1eb3ng v\u00e0 ch\u00eanh l\u1ec7ch<\/h3><p>c\u00f3 th\u1ec3 tr\u00e1nh \u0111\u01b0\u1ee3c, b\u1ea5t c\u00f4ng v\u00e0 c\u00f3 th\u1ec3 ph\u00f2ng ng\u1eeba \u0111\u01b0\u1ee3c \u0111\u1ec3 c\u1ea3i thi\u1ec7n s\u1ee9c kh\u1ecfe v\u00e0 h\u1ea1nh ph\u00fac t\u1ed5ng th\u1ec3 c\u1ee7a tr\u1ebb em.<\/p>\n\t\t\t<a href=\"https:\/\/marylandefc.org\/wp-content\/uploads\/2024\/01\/Maryland-Common-Agenda-Document-10-3.docx.pdf\" target=\"_blank\" rel=\"noopener\">\n\t\t\t\t\t\tTi\u1ebfp t\u1ee5c \u0111\u1ecdc\n\t\t\t\t\t<\/a>\n\t\t\t\t<img loading=\"lazy\" decoding=\"async\" src=\"https:\/\/marylandefc.org\/wp-content\/uploads\/2025\/04\/MD-EFC-Awards-full-group.jpg\" alt=\"MD EFC Awards Full Group\" itemprop=\"image\" height=\"1920\" width=\"1920\" title=\"MD-EFC-Gi\u1ea3i th\u01b0\u1edfng-to\u00e0n-nh\u00f3m\" onerror=\"this.style.display='none'\"  \/>\n\t<h3>Gi\u1ea3i th\u01b0\u1edfng L\u00e3nh \u0111\u1ea1o SCCAN &amp; MD EFC<\/h3>\n<p>T\u1eeb n\u0103m 2019, <a href=\"\/vi\/about\/how-we-started\/\">c\u00f9ng v\u1edbi SCCAN<\/a>, EFC has issued awards to key individuals and organizations in the following categories for outstanding vision, dedication and commitment to ACE &amp; Resilience Informed Policy:\u00a0<\/p>\n<h4>Nh\u00e0 l\u1eadp ph\u00e1p c\u1ee7a n\u0103m:<\/h4>\n<ul>\n<li>\u0110\u1ea1i bi\u1ec3u CT Wilson n\u0103m 2019<\/li>\n<li>2020 D\u00e2n bi\u1ec3u Elijah Cummings, \u0111\u01b0\u1ee3c ban h\u00e0nh sau khi qua \u0111\u1eddi<\/li>\n<li>2023 Th\u01b0\u1ee3ng ngh\u1ecb s\u0129 William C. Smith, Jr.<\/li>\n<\/ul>\n<p>N\u0103m 2023, Gi\u1ea3i th\u01b0\u1edfng Di s\u1ea3n L\u00e3nh \u0111\u1ea1o L\u1eadp ph\u00e1p \u0111\u00e3 \u0111\u01b0\u1ee3c trao cho \u0110\u1ea1i bi\u1ec3u CT Wilson \u0111\u1ec3 ghi nh\u1eadn s\u1ef1 \u1ee7ng h\u1ed9 s\u00e2u s\u1eafc v\u00e0 ki\u00ean \u0111\u1ecbnh c\u1ee7a \u00f4ng d\u00e0nh cho tr\u1ebb em v\u00e0 cam k\u1ebft t\u00ecm ki\u1ebfm c\u00f4ng l\u00fd cho nh\u1eefng ng\u01b0\u1eddi s\u1ed1ng s\u00f3t.\u00a0<\/p>\n<h4>\u0110\u1ed1i t\u00e1c c\u1ed9ng \u0111\u1ed3ng c\u1ee7a n\u0103m:<\/h4>\n<ul>\n<li>2018 H\u1ed9i \u0111\u1ed3ng qu\u1ea3n tr\u1ecb v\u00e0 nh\u00e2n vi\u00ean c\u1ee7a The Family Tree<\/li>\n<li>2019 H\u1ed9i \u0111\u1ed3ng qu\u1ea3n tr\u1ecb v\u00e0 nh\u00e2n vi\u00ean c\u1ee7a No More Stolen Childhoods<\/li>\n<li>2024 Trung t\u00e2m nghi\u00ean c\u1ee9u tr\u1ebb s\u01a1 sinh Taghi Modarressi, UMMS<\/li>\n<\/ul>\n<h4>Lu\u1eadt s\u01b0 c\u1ee7a n\u0103m: <\/h4>\n<ul>\n<li>2018 Frank Kros, MSW, Ti\u1ebfn s\u0129 Lu\u1eadt<\/li>\n<li>2019 Joan L. Stine, Th\u1ea1c s\u0129 Y khoa, Th\u1ea1c s\u0129<\/li>\n<li>2022 Wendy G. Lane, Ti\u1ebfn s\u0129 Y khoa, Th\u1ea1c s\u0129 Y t\u1ebf C\u00f4ng c\u1ed9ng<\/li>\n<li>2024 D&#8217;Lisa Worthy, M.Ed<\/li>\n<\/ul>","protected":false},"excerpt":{"rendered":"<p>HOW WE WORK Our Process EFC recognizes that our vision for a state where all children, youth and their families thrive in safe, stable and nurturing relationships and environments will take action across multiple public and private systems to achieve. That&#8217;s why our work relies on collaboration and a common agenda to lead our conversation&hellip;<\/p>","protected":false},"author":1,"featured_media":27464,"parent":26571,"menu_order":0,"comment_status":"closed","ping_status":"closed","template":"","meta":{"footnotes":""},"class_list":["post-26575","page","type-page","status-publish","has-post-thumbnail","hentry"],"_links":{"self":[{"href":"https:\/\/marylandefc.org\/vi\/wp-json\/wp\/v2\/pages\/26575","targetHints":{"allow":["GET"]}}],"collection":[{"href":"https:\/\/marylandefc.org\/vi\/wp-json\/wp\/v2\/pages"}],"about":[{"href":"https:\/\/marylandefc.org\/vi\/wp-json\/wp\/v2\/types\/page"}],"author":[{"embeddable":true,"href":"https:\/\/marylandefc.org\/vi\/wp-json\/wp\/v2\/users\/1"}],"replies":[{"embeddable":true,"href":"https:\/\/marylandefc.org\/vi\/wp-json\/wp\/v2\/comments?post=26575"}],"version-history":[{"count":0,"href":"https:\/\/marylandefc.org\/vi\/wp-json\/wp\/v2\/pages\/26575\/revisions"}],"up":[{"embeddable":true,"href":"https:\/\/marylandefc.org\/vi\/wp-json\/wp\/v2\/pages\/26571"}],"wp:featuredmedia":[{"embeddable":true,"href":"https:\/\/marylandefc.org\/vi\/wp-json\/wp\/v2\/media\/27464"}],"wp:attachment":[{"href":"https:\/\/marylandefc.org\/vi\/wp-json\/wp\/v2\/media?parent=26575"}],"curies":[{"name":"wp","href":"https:\/\/api.w.org\/{rel}","templated":true}]}}