{"id":26577,"date":"2024-01-18T14:47:26","date_gmt":"2024-01-18T22:47:26","guid":{"rendered":"https:\/\/marylandefc.org\/?page_id=26577"},"modified":"2026-01-12T11:56:20","modified_gmt":"2026-01-12T19:56:20","slug":"meetings-reports","status":"publish","type":"page","link":"https:\/\/marylandefc.org\/vi\/get-involved\/meetings-reports\/","title":{"rendered":"Cu\u1ed9c h\u1ecdp &amp; B\u00e1o c\u00e1o"},"content":{"rendered":"<img decoding=\"async\" src=\"https:\/\/marylandefc.org\/wp-content\/uploads\/2024\/02\/AACF-Safe-Babies-Court-Courtesy-Zero-to-Three.jpg\" alt=\"AACF Safe Babies Court\" itemprop=\"image\" height=\"1440\" width=\"1920\" title=\"T\u00f2a \u00e1n AACF Safe Babies Courtesy Zero to Three\" onerror=\"this.style.display='none'\" loading=\"lazy\" \/>\n\t<h1>CU\u1ed8C H\u1eccP &amp; B\u00c1O C\u00c1O<\/h1>\n\t<h2>Tham d\u1ef1, \u0110\u1ecdc v\u00e0 Chia s\u1ebb<\/h2>\n<p>Ch\u00fang t\u00f4i m\u1eddi b\u1ea1n tham d\u1ef1 c\u00e1c cu\u1ed9c h\u1ecdp c\u1ee7a ch\u00fang t\u00f4i, \u0111\u1ecdc b\u00e1o c\u00e1o th\u01b0\u1eddng ni\u00ean v\u00e0 chia s\u1ebb th\u00f4ng tin v\u1edbi c\u00e1c \u0111\u1ed3ng nghi\u1ec7p c\u1ee7a b\u1ea1n. C\u00f9ng nhau, ch\u00fang ta c\u00f3 th\u1ec3 m\u1edf r\u1ed9ng m\u1ea1ng l\u01b0\u1edbi \u0111\u1ed1i t\u00e1c \u0111\u1ec3 t\u0103ng c\u01b0\u1eddng n\u1ed7 l\u1ef1c v\u00e0 \u0111\u01b0a Maryland ti\u1ebfn l\u00ean. <\/p>\n\t<h3>Tham d\u1ef1 m\u1ed9t cu\u1ed9c h\u1ecdp<\/h3>\n<p>EFC h\u1ecdp v\u00e0o th\u1ee9 n\u0103m \u0111\u1ea7u ti\u00ean c\u1ee7a m\u1ed9t s\u1ed1 th\u00e1ng, xen k\u1ebd v\u1edbi c\u00e1c cu\u1ed9c h\u1ecdp h\u00e0ng th\u00e1ng c\u1ee7a H\u1ed9i \u0111\u1ed3ng Ti\u1ec3u bang Maryland v\u1ec1 L\u1ea1m d\u1ee5ng v\u00e0 B\u1ecf b\u00ea Tr\u1ebb em (SCCAN). <\/p>\n<p>Meetings may be held either virtually or in-person from 1:00 &#8211; 3:00PM (EST).\u00a0<\/p>\n<p>C\u00e1c th\u00e1ng h\u1ecdp: 5 th\u00e1ng 2 | 2 th\u00e1ng 4 | 4 th\u00e1ng 6 | 1 th\u00e1ng 10 | 3 th\u00e1ng 12<\/p>\n<p>C\u00e1c cu\u1ed9c h\u1ecdp m\u1edf c\u1eeda cho c\u00e1c th\u00e0nh vi\u00ean c\u1ed9ng \u0111\u1ed3ng v\u00e0 c\u00e1c t\u1ed5 ch\u1ee9c \u0111\u1ed1i t\u00e1c. Vui l\u00f2ng <a href=\"https:\/\/marylandefc.org\/vi\/contact\/\">li\u00ean h\u1ec7 v\u1edbi ch\u00fang t\u00f4i<\/a> \u0111\u1ec3 nh\u1eadn th\u00f4ng tin c\u1eadp nh\u1eadt qua email c\u1ee7a ch\u00fang t\u00f4i.\u00a0<\/p>\n<p>&nbsp;<\/p>\n\t\t\t\t<img decoding=\"async\" src=\"https:\/\/marylandefc.org\/wp-content\/uploads\/2019\/01\/SCCAN-LOGO-CLEAR.png\" alt=\"SCCAN logo\" itemprop=\"image\" height=\"333\" width=\"579\" title=\"LOGO SCCAN R\u00d5 R\u00c0NG\" onerror=\"this.style.display='none'\" loading=\"lazy\" \/>\n\t<h3>\u0110\u1ecdc b\u00e1o c\u00e1o SCCAN<\/h3>\n\t<p><strong>Maryland SCCAN<\/strong> ph\u00e1t h\u00e0nh b\u00e1o c\u00e1o th\u01b0\u1eddng ni\u00ean cho Th\u1ed1ng \u0111\u1ed1c v\u00e0 \u0110\u1ea1i h\u1ed9i \u0111\u1ed3ng \u0111\u1ec3 cung c\u1ea5p khu\u00f4n kh\u1ed5 cho c\u00f4ng vi\u1ec7c m\u00e0 H\u1ed9i \u0111\u1ed3ng \u0111\u00e3 ho\u00e0n th\u00e0nh v\u00e0 \u0111\u01b0a ra c\u00e1c khuy\u1ebfn ngh\u1ecb \u0111\u1ec3 th\u00fac \u0111\u1ea9y c\u00f4ng vi\u1ec7c. Bao g\u1ed3m trong c\u00e1c b\u00e1o c\u00e1o th\u01b0\u1eddng ni\u00ean n\u00e0y l\u00e0 c\u00e1c b\u1ea3n c\u1eadp nh\u1eadt v\u1ec1 ho\u1ea1t \u0111\u1ed9ng c\u1ee7a Maryland EFC v\u00e0 nh\u1eefng n\u1ed7 l\u1ef1c chung c\u1ee7a ch\u00fang t\u00f4i trong n\u0103m \u0111\u00f3. <\/p>\n\t<h3>B\u00e1o c\u00e1o th\u01b0\u1eddng ni\u00ean<\/h3>\n\t\t\t<a href=\"\/wp-content\/uploads\/2025\/01\/2022-2023-Annual-Report-Final.pdf\" target=\"_blank\" rel=\"noopener\">\n\t\t\t\t\t\t2022 &#8211; 2023 SCCAN Annual Report\n\t\t\t\t\t<\/a>\n\t\t\t<a href=\"\/wp-content\/uploads\/2024\/02\/MSAR-5519-2021_FL5-7A-09b_DHS_State-Council-on-Child-Abuse-and-Neglect-SCCAN-2020-2021-Annual-Report.pdf\" target=\"_blank\" rel=\"noopener\">\n\t\t\t\t\t\t2020 &#8211; 2021 SCCAN Annual Report\n\t\t\t\t\t<\/a>\n\t\t\t<a href=\"https:\/\/marylandefc.org\/wp-content\/uploads\/2024\/02\/2019-SCCAN-Annual-Report-with-Appendices-FINAL-Report-Approved.pdf\" target=\"_blank\" rel=\"noopener\">\n\t\t\t\t\t\tB\u00e1o c\u00e1o th\u01b0\u1eddng ni\u00ean SCCAN 2019\n\t\t\t\t\t<\/a>\n\t\t\t<a href=\"\/wp-content\/uploads\/2024\/02\/2018-SCCAN-Annual-Report-FINAL-_6-28-2019.pdf\" target=\"_blank\" rel=\"noopener\">\n\t\t\t\t\t\tB\u00e1o c\u00e1o th\u01b0\u1eddng ni\u00ean SCCAN 2018\n\t\t\t\t\t<\/a>\n\t\t\t<a href=\"\/wp-content\/uploads\/2024\/02\/FINAL-1-2017-SCCAN-Annual-Report-7-12-18-1.pdf\" target=\"_blank\" rel=\"noopener\">\n\t\t\t\t\t\tB\u00e1o c\u00e1o th\u01b0\u1eddng ni\u00ean SCCAN 2017\n\t\t\t\t\t<\/a>\n\t\t\t\t<img decoding=\"async\" src=\"https:\/\/marylandefc.org\/wp-content\/uploads\/2024\/02\/Girls-on-a-mission-raking-leaves.jpg\" alt=\"Girls on a mission raking leaves\" itemprop=\"image\" height=\"800\" width=\"1200\" title=\"C\u00e1c c\u00f4 g\u00e1i \u0111ang l\u00e0m nhi\u1ec7m v\u1ee5 c\u00e0o l\u00e1\" onerror=\"this.style.display='none'\" loading=\"lazy\" \/>\n\t<h3>Chia s\u1ebb d\u1eef li\u1ec7u<\/h3>\n\t<p>C\u00f9ng v\u1edbi h\u1ea7u h\u1ebft c\u00e1c ti\u1ec3u bang, Maryland tham gia Kh\u1ea3o s\u00e1t h\u00e0nh vi nguy c\u01a1 \u1edf thanh thi\u1ebfu ni\u00ean (YRBS) v\u00e0 Kh\u1ea3o s\u00e1t thu\u1ed1c l\u00e1 \u1edf thanh thi\u1ebfu ni\u00ean (YTS) do CDC t\u00e0i tr\u1ee3.<\/p>\n<p>Maryland YRBS\/YTS kh\u1ea3o s\u00e1t \u1ea9n danh h\u1ecdc sinh t\u1ea1i c\u00e1c tr\u01b0\u1eddng trung h\u1ecdc c\u01a1 s\u1edf v\u00e0 trung h\u1ecdc ph\u1ed5 th\u00f4ng c\u00f4ng l\u1eadp Maryland. Kh\u1ea3o s\u00e1t t\u1eadp trung v\u00e0o c\u00e1c h\u00e0nh vi g\u00f3p ph\u1ea7n g\u00e2y ra c\u00e1c nguy\u00ean nh\u00e2n h\u00e0ng \u0111\u1ea7u g\u00e2y t\u1eed vong v\u00e0 khuy\u1ebft t\u1eadt, bao g\u1ed3m nh\u01b0ng kh\u00f4ng gi\u1edbi h\u1ea1n \u1edf vi\u1ec7c s\u1eed d\u1ee5ng r\u01b0\u1ee3u v\u00e0 c\u00e1c lo\u1ea1i ma t\u00fay kh\u00e1c, s\u1eed d\u1ee5ng thu\u1ed1c l\u00e1, h\u00e0nh vi t\u00ecnh d\u1ee5c, th\u01b0\u01a1ng t\u00edch v\u00e0 b\u1ea1o l\u1ef1c kh\u00f4ng ch\u1ee7 \u00fd, ho\u1ea1t \u0111\u1ed9ng th\u1ec3 ch\u1ea5t k\u00e9m v\u00e0 h\u00e0nh vi \u0103n u\u1ed1ng.<\/p>\n<h3>Kh\u1ea3o s\u00e1t PACEs d\u00e0nh cho thanh thi\u1ebfu ni\u00ean<\/h3>\n<p>V\u00e0o n\u0103m 2018-2019, Maryland tr\u1edf th\u00e0nh ti\u1ec3u bang \u0111\u1ea7u ti\u00ean trong hai ti\u1ec3u bang b\u1eaft \u0111\u1ea7u thu th\u1eadp d\u1eef li\u1ec7u v\u1ec1 tr\u1ea3i nghi\u1ec7m t\u00edch c\u1ef1c v\u00e0 ti\u00eau c\u1ef1c th\u1eddi th\u01a1 \u1ea5u (PACE) \u1edf h\u1ecdc sinh trung h\u1ecdc.<\/p>\n<p>\u0110\u1ea1i h\u1ed9i \u0111\u1ed3ng Maryland \u0111\u00e3 th\u1ec3 ch\u1ebf h\u00f3a vi\u1ec7c thu th\u1eadp d\u1eef li\u1ec7u PACE \u0111\u1ed1i v\u1edbi h\u1ecdc sinh trung h\u1ecdc v\u00e0 trung h\u1ecdc c\u01a1 s\u1edf t\u1ea1i YRBS\/YTS v\u00e0o n\u0103m 2021.<\/p>\n\t\t\t<a href=\"https:\/\/health.maryland.gov\/newsroom\/Pages\/Maryland-Department-of-Health-releases-2021-2022-Youth-Risk-Behavior-Survey-and-Youth-Tobacco-Survey-data.aspx\" target=\"_blank\" rel=\"noopener\">\n\t\t\t\t\t\tXem th\u00f4ng c\u00e1o b\u00e1o ch\u00ed\n\t\t\t\t\t<\/a>\n\t\t\t\t<img decoding=\"async\" src=\"https:\/\/marylandefc.org\/wp-content\/uploads\/2024\/02\/MEC-Icons_v2_teach.svg\" alt=\"Teach skills icon with teacher at blackboard\" itemprop=\"image\" height=\"300\" width=\"300\" title=\"MEC-Bi\u1ec3u t\u01b0\u1ee3ng_v2_d\u1ea1y\" onerror=\"this.style.display='none'\" loading=\"lazy\" \/>\n\t\t<h3><a href=\"\/wp-content\/uploads\/2024\/02\/Adverse-Childhood-Experiences-2021-2022-YRBS-YTS.pdf\" target=\"_blank\"  rel=\"noopener\">Kh\u1ea3o s\u00e1t YRBS\/YTS c\u1ee7a Maryland<\/a><\/h3><p>K\u1ef3 thi Maryland YRBS\/YTS \u0111\u01b0\u1ee3c ti\u1ebfn h\u00e0nh v\u00e0o m\u00f9a thu n\u0103m 2021 v\u1edbi g\u1ea7n 60.000 h\u1ecdc sinh t\u1ea1i 366 tr\u01b0\u1eddng trung h\u1ecdc c\u01a1 s\u1edf v\u00e0 trung h\u1ecdc ph\u1ed5 th\u00f4ng c\u00f4ng l\u1eadp tr\u00ean to\u00e0n ti\u1ec3u bang.<\/p>\n<p>C\u00e1c \u0111\u1ed1i t\u00e1c c\u1ee7a ch\u00fang t\u00f4i t\u1ea1i S\u1edf Y t\u1ebf Maryland \u0111\u00e3 chia s\u1ebb t\u1ed5ng quan v\u1ec1 k\u1ebft qu\u1ea3 d\u1eef li\u1ec7u YRBS\/YTS PACE.<\/p>\n\t\t\t<a href=\"\/wp-content\/uploads\/2024\/02\/Adverse-Childhood-Experiences-2021-2022-YRBS-YTS.pdf\" target=\"_blank\" rel=\"noopener\">\n\t\t\t\t\t\tXem b\u00e0i tr\u00ecnh b\u00e0y\n\t\t\t\t\t<\/a>\n\t\t\t\t<img decoding=\"async\" src=\"https:\/\/marylandefc.org\/wp-content\/uploads\/2026\/01\/PCA-Case-Study-Report.jpg\" alt=\"Prevent Child Abuse America Case Study on Maryland EFC\" itemprop=\"image\" height=\"800\" width=\"1200\" title=\"B\u00e1o c\u00e1o nghi\u00ean c\u1ee9u tr\u01b0\u1eddng h\u1ee3p PCA\" onerror=\"this.style.display='none'\" loading=\"lazy\" \/>\n\t\t<h3><a href=\"https:\/\/preventchildabuse.org\/wp-content\/uploads\/2025\/12\/EfC-Case-Study-Nov-2025.pdf\" target=\"_blank\" rel=\"noopener\">Maryland \u0111\u01b0\u1ee3c t\u1ed5 ch\u1ee9c Prevent Child Abuse America vinh danh.<\/a><\/h3><p>Ch\u01b0\u01a1ng tr\u00ecnh Maryland Essentials for Childhood (Maryland EFC) l\u00e0 m\u1ed9t trong hai ti\u1ec3u bang \u0111\u01b0\u1ee3c t\u1ed5 ch\u1ee9c Prevent Child Abuse America (PCA) gi\u1edbi thi\u1ec7u. PCA \u0111\u00e3 ph\u1ecfng v\u1ea5n c\u00e1c l\u00e3nh \u0111\u1ea1o c\u0169 v\u00e0 hi\u1ec7n t\u1ea1i c\u1ee7a Maryland EFC, \u0111\u1ed3ng th\u1eddi gi\u1edbi thi\u1ec7u l\u1ecbch s\u1eed ch\u01b0\u01a1ng tr\u00ecnh, vi\u1ec7c th\u1ef1c hi\u1ec7n c\u00e1c bi\u1ec7n ph\u00e1p ph\u00f2ng ng\u1eeba v\u00e0 nh\u1eefng b\u00e0i h\u1ecdc kinh nghi\u1ec7m v\u1edbi t\u01b0 c\u00e1ch l\u00e0 m\u1ed9t ti\u1ec3u bang t\u1ef1 ch\u1ee7 v\u1ec1 t\u00e0i ch\u00ednh.<\/p>\n<blockquote><p>&#8220;I think what&#8217;s really important in the work, is to know who can lead that (policy) best and sometimes you follow, and sometimes you lead, and people start to respect you as a partner that way.&#8221;<\/p>\n<p>&#8211; Claudia Remington, former executive director fo Maryland SCCAN<\/p><\/blockquote>\n<p>Georgia, m\u1ed9t ti\u1ec3u bang \u0111\u01b0\u1ee3c t\u00e0i tr\u1ee3, c\u0169ng \u0111\u01b0\u1ee3c \u0111\u1ec1 c\u1eadp \u0111\u1ebfn.<\/p>\n<p>&nbsp;<\/p>\n\t\t\t<a href=\"https:\/\/preventchildabuse.org\/wp-content\/uploads\/2025\/12\/EfC-Case-Study-Nov-2025.pdf\" target=\"_blank\" rel=\"noopener\">\n\t\t\t\t\t\t\u0110\u1ecdc nghi\u00ean c\u1ee9u tr\u01b0\u1eddng h\u1ee3p\n\t\t\t\t\t<\/a>","protected":false},"excerpt":{"rendered":"<p>MEETINGS &amp; REPORTS Attend, Read and Share We invite you to attend our meetings, read our annual reports and share the information with your colleagues. Together we can grow our network of partners to strengthen our efforts and move Maryland forward. Attend a Meeting EFC meets on the first Thursday of certain months, alternating with&hellip;<\/p>","protected":false},"author":1,"featured_media":27470,"parent":26597,"menu_order":0,"comment_status":"closed","ping_status":"closed","template":"","meta":{"footnotes":""},"class_list":["post-26577","page","type-page","status-publish","has-post-thumbnail","hentry"],"_links":{"self":[{"href":"https:\/\/marylandefc.org\/vi\/wp-json\/wp\/v2\/pages\/26577","targetHints":{"allow":["GET"]}}],"collection":[{"href":"https:\/\/marylandefc.org\/vi\/wp-json\/wp\/v2\/pages"}],"about":[{"href":"https:\/\/marylandefc.org\/vi\/wp-json\/wp\/v2\/types\/page"}],"author":[{"embeddable":true,"href":"https:\/\/marylandefc.org\/vi\/wp-json\/wp\/v2\/users\/1"}],"replies":[{"embeddable":true,"href":"https:\/\/marylandefc.org\/vi\/wp-json\/wp\/v2\/comments?post=26577"}],"version-history":[{"count":0,"href":"https:\/\/marylandefc.org\/vi\/wp-json\/wp\/v2\/pages\/26577\/revisions"}],"up":[{"embeddable":true,"href":"https:\/\/marylandefc.org\/vi\/wp-json\/wp\/v2\/pages\/26597"}],"wp:featuredmedia":[{"embeddable":true,"href":"https:\/\/marylandefc.org\/vi\/wp-json\/wp\/v2\/media\/27470"}],"wp:attachment":[{"href":"https:\/\/marylandefc.org\/vi\/wp-json\/wp\/v2\/media?parent=26577"}],"curies":[{"name":"wp","href":"https:\/\/api.w.org\/{rel}","templated":true}]}}