{"id":26748,"date":"2024-01-29T13:07:38","date_gmt":"2024-01-29T21:07:38","guid":{"rendered":"https:\/\/marylandefc.org\/?page_id=26748"},"modified":"2026-03-03T06:14:20","modified_gmt":"2026-03-03T14:14:20","slug":"recent-impact","status":"publish","type":"page","link":"https:\/\/marylandefc.org\/vi\/policy\/recent-impact\/","title":{"rendered":"Nh\u1eefng th\u00e0nh c\u00f4ng ch\u00ednh s\u00e1ch g\u1ea7n \u0111\u00e2y"},"content":{"rendered":"<figure itemscope itemtype=\"https:\/\/schema.org\/ImageObject\">\n\t\t\t\t<img decoding=\"async\" src=\"https:\/\/marylandefc.org\/wp-content\/uploads\/2024\/01\/Legislative-impact-Essentials-for-childhood-Maryland-.jpeg\" alt=\"EFC members and partners standing in the Maryland legislature\" height=\"1536\" width=\"2048\" title=\"T\u00e1c \u0111\u1ed9ng c\u1ee7a lu\u1eadt ph\u00e1p - Nh\u1eefng \u0111i\u1ec1u c\u1ea7n thi\u1ebft cho tr\u1ebb em Maryland\" onerror=\"this.style.display='none'\" loading=\"lazy\" \/>\n\t<\/figure>\n\t<h1>T\u00c1C \u0110\u1ed8NG CH\u00cdNH S\u00c1CH G\u1ea6N \u0110\u00c2Y<\/h1>\n\t<h2>T\u00e1c \u0111\u1ed9ng c\u1ee7a ch\u00ednh s\u00e1ch<\/h2>\n<p>Maryland Essentials for Childhood coi tr\u1ecdng m\u1ecdi h\u00e0nh \u0111\u1ed9ng l\u1eadp ph\u00e1p, h\u00e0nh ph\u00e1p v\u00e0 t\u01b0 ph\u00e1p nh\u1eb1m c\u1ea3i thi\u1ec7n h\u1ec7 th\u1ed1ng c\u1ee7a ch\u00fang t\u00f4i v\u00e0 cung c\u1ea5p h\u01b0\u1edbng d\u1eabn cho c\u00e1c c\u01a1 quan c\u1ee7a ch\u00fang t\u00f4i. Ch\u00fang t\u00f4i tin r\u1eb1ng m\u1ecdi ch\u00ednh s\u00e1ch ch\u00fang t\u00f4i \u0111\u1eb7t ra \u0111\u1ec1u ph\u1ea3i th\u00fac \u0111\u1ea9y s\u1ef1 ph\u00e1t tri\u1ec3n l\u00e0nh m\u1ea1nh v\u00e0 gi\u1ea3m b\u1edbt g\u00e1nh n\u1eb7ng kh\u00f4ng c\u1ea7n thi\u1ebft cho tr\u1ebb em v\u00e0 ng\u01b0\u1eddi l\u1edbn trong cu\u1ed9c s\u1ed1ng c\u1ee7a h\u1ecd.<\/p>\n<p>Ba th\u00e0nh c\u00f4ng g\u1ea7n \u0111\u00e2y ch\u1ee9ng minh cho t\u00e1c \u0111\u1ed9ng \u0111\u00f3:\u00a0<\/p>\n<ul>\n<li aria-level=\"1\">\u0110\u1ea1o lu\u1eadt Time to Care n\u0103m 2022\u00a0<\/li>\n<li aria-level=\"1\">\u0110\u1ea1o lu\u1eadt N\u1ea1n nh\u00e2n Tr\u1ebb em n\u0103m 2023\u00a0<\/li>\n<li aria-level=\"1\">\u0110\u1ea1o lu\u1eadt Ch\u1eefa l\u00e0nh Ch\u1ea5n th\u01b0\u01a1ng c\u1ee7a Maryland n\u0103m 2021<\/li>\n<\/ul>\n\t\t<h2><a href=\"https:\/\/legiscan.com\/MD\/bill\/HB1\/2023\" target=\"_blank\" rel=\"noopener\">\u0110\u1ea1o lu\u1eadt N\u1ea1n nh\u00e2n Tr\u1ebb em n\u0103m 2023<\/a><\/h2><h3>\u0110\u00e3 x\u00f3a b\u1ecf th\u1eddi hi\u1ec7u \u0111\u1ed1i v\u1edbi c\u00e1c khi\u1ebfu n\u1ea1i v\u1ec1 l\u1ea1m d\u1ee5ng t\u00ecnh d\u1ee5c tr\u1ebb em<\/h3>\n<p>N\u1ed7 l\u1ef1c th\u00f4ng qua \u0110\u1ea1o lu\u1eadt N\u1ea1n nh\u00e2n Tr\u1ebb em \u0111\u00e3 m\u1ea5t nhi\u1ec1u n\u0103m ki\u00ean tr\u00ec v\u00e0 can \u0111\u1ea3m t\u1eeb ph\u00eda nh\u1eefng ng\u01b0\u1eddi s\u1ed1ng s\u00f3t sau l\u1ea1m d\u1ee5ng t\u00ecnh d\u1ee5c tr\u1ebb em. D\u01b0\u1edbi s\u1ef1 l\u00e3nh \u0111\u1ea1o c\u1ee7a Maryland Essentials for Childhood and Justice4MDSurvivors, m\u1ed9t nh\u00f3m t\u00ecnh nguy\u1ec7n vi\u00ean g\u1ed3m nh\u1eefng ng\u01b0\u1eddi s\u1ed1ng s\u00f3t, ng\u01b0\u1eddi \u1ee7ng h\u1ed9, t\u1ed5 ch\u1ee9c v\u00e0 nh\u00e0 l\u1eadp ph\u00e1p \u0111\u00e3 v\u1eadn \u0111\u1ed9ng \u0111\u1ec3 t\u1ea1o ra lu\u1eadt ph\u00e1p cung c\u1ea5p quy\u1ec1n ti\u1ebfp c\u1eadn c\u00f4ng l\u00fd cho nh\u1eefng ng\u01b0\u1eddi s\u1ed1ng s\u00f3t sau l\u1ea1m d\u1ee5ng t\u00ecnh d\u1ee5c tr\u1ebb em v\u00e0 <strong>ng\u0103n ch\u1eb7n t\u00ecnh tr\u1ea1ng x\u00e2m h\u1ea1i t\u00ecnh d\u1ee5c tr\u1ebb em x\u1ea3y ra ngay t\u1eeb \u0111\u1ea7u.<\/strong>\u00a0<\/p>\n<p><strong>Lu\u1eadt m\u1edbi x\u00f3a b\u1ecf th\u1eddi hi\u1ec7u khi\u1ebfu n\u1ea1i d\u00e2n s\u1ef1 v\u1ec1 l\u1ea1m d\u1ee5ng t\u00ecnh d\u1ee5c tr\u1ebb em v\u00e0 m\u1edf ra c\u01a1 h\u1ed9i ph\u1ee5c h\u1ed3i v\u0129nh vi\u1ec5n.<\/strong> \u0110i\u1ec1u \u0111\u00f3 cung c\u1ea5p cho nh\u1eefng ng\u01b0\u1eddi l\u1edbn b\u1ecb c\u1ea3n tr\u1edf b\u1edfi c\u00e1c lu\u1eadt l\u1ec7 tr\u01b0\u1edbc \u0111\u00e2y, c\u01a1 h\u1ed9i \u0111\u1ec3 n\u1ed9p \u0111\u01a1n ki\u1ec7n khi h\u1ecd \u0111\u00e3 s\u1eb5n s\u00e0ng. C\u00e1c v\u1ee5 \u00e1n d\u00e2n s\u1ef1 cung c\u1ea5p cho c\u00f4ng ch\u00fang m\u1ee9c \u0111\u1ed9 ti\u1ebft l\u1ed9 cao h\u01a1n cho c\u00f4ng ch\u00fang, <strong>kh\u00f4ng ch\u1ec9 v\u1ec1 nh\u1eefng k\u1ebb b\u1ecb t\u00ecnh nghi l\u1ea1m d\u1ee5ng m\u00e0 c\u00f2n v\u1ec1 c\u00e1c t\u1ed5 ch\u1ee9c c\u00f3 th\u1ec3 ng\u0103n ch\u1eb7n h\u00e0nh vi l\u1ea1m d\u1ee5ng x\u1ea3y ra.\u00a0<\/strong><\/p>\n<p>B\u1ed9 lu\u1eadt n\u00e0y t\u1ea1o th\u00eam c\u01a1 h\u1ed9i cho c\u00e1c t\u1ed5 ch\u1ee9c c\u00f4ng v\u00e0 t\u01b0 xem x\u00e9t l\u1ea1i c\u00e1c ch\u00ednh s\u00e1ch v\u00e0 quy tr\u00ecnh c\u1ee7a m\u00ecnh nh\u1eb1m ph\u00f2ng ng\u1eeba x\u00e2m h\u1ea1i t\u00ecnh d\u1ee5c tr\u1ebb em. <strong>N\u00f3 c\u0169ng t\u1ea1o c\u01a1 h\u1ed9i \u0111\u1ec3 bu\u1ed9c nh\u1eefng t\u1ed5 ch\u1ee9c \u0111\u00f3 ph\u1ea3i ch\u1ecbu tr\u00e1ch nhi\u1ec7m v\u1ec1 nh\u1eefng th\u1ea5t b\u1ea1i \u0111\u00e3 kh\u00f4ng l\u00e0m \u0111\u1ee7 \u0111\u1ec3 b\u1ea3o v\u1ec7 an to\u00e0n cho tr\u1ebb em. <\/strong><\/p>\n\t\t\t<a href=\"https:\/\/legiscan.com\/MD\/bill\/HB1\/2023\" target=\"_blank\" rel=\"noopener\">\n\t\t\t\t\t\t\u0110\u1ecdc lu\u1eadt\n\t\t\t\t\t<\/a>\n<figure itemscope itemtype=\"https:\/\/schema.org\/ImageObject\">\n\t\t\t\t<img decoding=\"async\" src=\"https:\/\/marylandefc.org\/wp-content\/uploads\/2024\/02\/Kathryn-Robb-and-Delegate-CT-Wilson-scaled.jpg\" alt=\"Kathryn Robb and Delegate CT Wilson\" height=\"2560\" width=\"1932\" title=\"Kathryn Robb v\u00e0 \u0110\u1ea1i bi\u1ec3u CT Wilson\" onerror=\"this.style.display='none'\" loading=\"lazy\" \/>\n\t\t<figcaption>Kathryn Robb v\u00e0 \u0110\u1ea1i bi\u1ec3u CT Wilson<\/figcaption>\n\t<\/figure>\n\t<h3>Kathryn Robb<br \/>\nGi\u00e1m \u0111\u1ed1c \u0111i\u1ec1u h\u00e0nh Child USAdvocacy<\/h3>\n<blockquote><p>\u0110\u1ea1o lu\u1eadt b\u1ea3o v\u1ec7 tr\u1ebb em c\u1ee7a Maryland l\u00e0 m\u1ed9t trong nh\u1eefng \u0111\u1ea1o lu\u1eadt t\u1ed1t nh\u1ea5t c\u1ea3 n\u01b0\u1edbc v\u00ec n\u00f3 kh\u00f4ng ch\u1ec9 mang l\u1ea1i c\u00f4ng l\u00fd cho t\u1ea5t c\u1ea3 nh\u1eefng ng\u01b0\u1eddi s\u1ed1ng s\u00f3t m\u00e0 c\u00f2n b\u1ea3o v\u1ec7 tr\u1ebb em trong t\u01b0\u01a1ng lai.<\/p><\/blockquote>\n<h3>\n\t\t\t\u0110\u1ea1o lu\u1eadt N\u1ea1n nh\u00e2n Tr\u1ebb em \u0111\u01b0\u1ee3c d\u1eabn \u0111\u1ea7u b\u1edfi\t<\/h3>\n<figure itemscope itemtype=\"https:\/\/schema.org\/ImageObject\">\n\t\t\t\t<img decoding=\"async\" src=\"https:\/\/marylandefc.org\/wp-content\/uploads\/2024\/01\/MEFC_Logo-RGB.svg\" alt=\"Maryland Essentials for Childhood logo\" height=\"247\" width=\"758\" title=\"MEFC_Logo-RGB\" onerror=\"this.style.display='none'\" loading=\"lazy\" \/>\n\t<\/figure>\n<figure itemscope itemtype=\"https:\/\/schema.org\/ImageObject\">\n\t\t\t\t<img decoding=\"async\" src=\"https:\/\/marylandefc.org\/wp-content\/uploads\/2024\/01\/J4MDS_logo.webp\" alt=\"Justice 4 MD Survivors logo\" height=\"216\" width=\"570\" title=\"Bi\u1ec3u t\u01b0\u1ee3ng J4MDS\" onerror=\"this.style.display='none'\" loading=\"lazy\" \/>\n\t<\/figure>\n\t\t<h2><a href=\"https:\/\/legiscan.com\/MD\/bill\/SB275\/2022\" target=\"_blank\" rel=\"noopener\">\u0110\u1ea1o lu\u1eadt Time to Care n\u0103m 2022<\/a><\/h2><h3>Ngh\u1ec9 ph\u00e9p c\u00f3 l\u01b0\u01a1ng v\u00ec l\u00fd do gia \u0111\u00ecnh v\u00e0 y t\u1ebf<\/h3>\n<p>D\u01b0\u1edbi s\u1ef1 l\u00e3nh \u0111\u1ea1o c\u1ee7a Maryland Family Network v\u00e0 c\u00e1c t\u1ed5 ch\u1ee9c quan tr\u1ecdng kh\u00e1c, <a href=\"https:\/\/www.timetocare.net\/\" target=\"_blank\" rel=\"noopener\">Li\u00ean minh Time to Care<\/a> t\u1eadp h\u1ee3p nh\u1eefng c\u00e1 nh\u00e2n, t\u1ed5 ch\u1ee9c v\u00e0 nh\u00e0 l\u1eadp ph\u00e1p \u0111\u00e3 v\u1eadn \u0111\u1ed9ng trong nhi\u1ec1u n\u0103m \u0111\u1ec3 x\u00e2y d\u1ef1ng s\u1ef1 \u0111\u1ed3ng thu\u1eadn cho m\u1ed9t \u0111\u1ea1o lu\u1eadt s\u1ebd t\u00e1c \u0111\u1ed9ng t\u00edch c\u1ef1c \u0111\u1ebfn c\u00e1c gia \u0111\u00ecnh trong nhi\u1ec1u th\u1ebf h\u1ec7. <\/p>\n<p>Maryland Essentials for Childhood v\u00e0 c\u00e1c \u0111\u1ed1i t\u00e1c c\u1ee7a ch\u00fang t\u00f4i t\u1ef1 h\u00e0o l\u00e0 th\u00e0nh vi\u00ean c\u1ee7a li\u00ean minh v\u00e0 c\u00f9ng chung ti\u1ebfng n\u00f3i c\u0169ng nh\u01b0 n\u1ed7 l\u1ef1c \u0111\u1ec3 bi\u1ebfn ch\u1ebf \u0111\u1ed9 ngh\u1ec9 ph\u00e9p c\u00f3 l\u01b0\u01a1ng cho gia \u0111\u00ecnh th\u00e0nh hi\u1ec7n th\u1ef1c t\u1ea1i Maryland.<\/p>\n<p>Lu\u1eadt m\u1edbi t\u1ea1o ra m\u1ed9t <b>qu\u1ef9 b\u1ea3o hi\u1ec3m cung c\u1ea5p m\u1ed9t ph\u1ea7n ti\u1ec1n l\u01b0\u01a1ng thay th\u1ebf cho ng\u01b0\u1eddi lao \u0111\u1ed9ng ph\u1ea3i ngh\u1ec9 vi\u1ec7c \u0111\u1ec3 ch\u0103m s\u00f3c tr\u1ebb s\u01a1 sinh, ng\u01b0\u1eddi th\u00e2n m\u1eafc b\u1ec7nh nghi\u00eam tr\u1ecdng ho\u1eb7c khuy\u1ebft t\u1eadt ho\u1eb7c ch\u00ednh h\u1ecd.<\/b><\/p>\n\t\t\t<a href=\"https:\/\/legiscan.com\/MD\/bill\/SB275\/2022\" target=\"_blank\" rel=\"noopener\">\n\t\t\t\t\t\t\u0110\u1ecdc lu\u1eadt\n\t\t\t\t\t<\/a>\n\t<p>Ch\u00fang t\u00f4i bi\u1ebft r\u1eb1ng ch\u1ebf \u0111\u1ed9 ngh\u1ec9 ph\u00e9p c\u00f3 l\u01b0\u01a1ng d\u00e0nh cho c\u00e1c b\u00e0 m\u1eb9 m\u1edbi sinh l\u00e0 y\u1ebfu t\u1ed1 g\u00f3p ph\u1ea7n c\u1ea3i thi\u1ec7n s\u1ee9c kh\u1ecfe tinh th\u1ea7n v\u00e0 th\u1ec3 ch\u1ea5t cho c\u1ea3 b\u00e0 m\u1eb9 v\u00e0 em b\u00e9 m\u1edbi sinh. <\/p>\n<p><strong>Ch\u1ebf \u0111\u1ed9 ngh\u1ec9 ph\u00e9p c\u00f3 l\u01b0\u01a1ng mang l\u1ea1i l\u1ee3i \u00edch cho c\u00e1c gia \u0111\u00ecnh, cho ph\u00e9p h\u1ecd c\u00f3 th\u1eddi gian g\u1eafn k\u1ebft x\u00e3 h\u1ed9i v\u00e0 t\u00ecnh c\u1ea3m trong nh\u1eefng tu\u1ea7n \u0111\u1ea7u ti\u00ean b\u00ean nhau nh\u01b0 m\u1ed9t gia \u0111\u00ecnh. <\/strong><\/p>\n<figure data-animation-delay=\"0\" data-animation-duration=\"1\" itemscope itemtype=\"https:\/\/schema.org\/ImageObject\">\n\t\t\t\t<img decoding=\"async\" src=\"https:\/\/marylandefc.org\/wp-content\/uploads\/2024\/02\/Parents-at-home-in-nursery-with-child-on-paid-time-off.jpg\" alt=\"Parents in nursery with child\" height=\"800\" width=\"1200\" title=\"Cha m\u1eb9 \u1edf nh\u00e0 tr\u1ebb v\u1edbi con trong th\u1eddi gian ngh\u1ec9 c\u00f3 l\u01b0\u01a1ng\" onerror=\"this.style.display='none'\" loading=\"lazy\" \/>\n\t<\/figure>\n<figure itemscope itemtype=\"https:\/\/schema.org\/ImageObject\">\n\t\t\t\t<img decoding=\"async\" src=\"https:\/\/marylandefc.org\/wp-content\/uploads\/2024\/01\/ashley-schappell.jpeg\" alt=\"Ashley Schappell photo\" height=\"800\" width=\"800\" title=\"ashley schappell\" onerror=\"this.style.display='none'\" loading=\"lazy\" \/>\n\t<\/figure>\n<h4>\n\t\t\tTi\u1ebfn s\u0129 Ashely Schappell D&#039;Inverno\t<\/h4>\n<h5>\n\t\t\tPh\u00f2ng Ph\u00f2ng ch\u1ed1ng B\u1ea1o l\u1ef1c t\u1ea1i Trung t\u00e2m Ki\u1ec3m so\u00e1t v\u00e0 Ph\u00f2ng ng\u1eeba D\u1ecbch b\u1ec7nh\t<\/h5>\n\t<blockquote><p>Ch\u1ebf \u0111\u1ed9 ngh\u1ec9 ph\u00e9p c\u00f3 l\u01b0\u01a1ng d\u00e0nh cho cha m\u1eb9 c\u00f3 th\u1ec3 gi\u1ea3m b\u1edbt c\u0103ng th\u1eb3ng v\u1ec1 t\u00e0i ch\u00ednh, cho ph\u00e9p cha m\u1eb9 t\u1eadp trung v\u00e0o vi\u1ec7c g\u1eafn k\u1ebft v\u1edbi con c\u00e1i v\u00e0 t\u0103ng c\u01b0\u1eddng b\u00ecnh \u0111\u1eb3ng gi\u1edbi khi c\u00e1c \u00f4ng b\u1ed1 c\u00f3 nhi\u1ec1u th\u1eddi gian h\u01a1n \u0111\u1ec3 tham gia v\u00e0o nhi\u1ec7m v\u1ee5 ch\u0103m s\u00f3c con c\u00e1i.<\/p>\n<p>T\u1ea5t c\u1ea3 nh\u1eefng t\u00e1c \u0111\u1ed9ng t\u00edch c\u1ef1c n\u00e0y \u0111\u1ec1u mang l\u1ea1i l\u1ee3i \u00edch cho tr\u1ebb v\u00e0 to\u00e0n th\u1ec3 gia \u0111\u00ecnh.<\/p><\/blockquote>\n\t\t\t<a href=\"https:\/\/paidleave.maryland.gov\/Pages\/default.aspx\" target=\"_blank\" rel=\"noopener\">\n\t\t\t\t\t\tT\u00ecm hi\u1ec3u th\u00eam\n\t\t\t\t\t<\/a>\n<h3>\n\t\t\t\u0110\u1ea1o lu\u1eadt Time to Care \u0111\u01b0\u1ee3c kh\u1edfi x\u01b0\u1edbng b\u1edfi:\t<\/h3>\n<figure itemscope itemtype=\"https:\/\/schema.org\/ImageObject\">\n\t\t\t\t<img decoding=\"async\" src=\"https:\/\/marylandefc.org\/wp-content\/uploads\/2024\/01\/Time-to-Care-Logo.png\" alt=\"Time to Care Logo\" height=\"1120\" width=\"1120\" title=\"Logo Th\u1eddi gian \u0111\u1ec3 ch\u0103m s\u00f3c\" onerror=\"this.style.display='none'\" loading=\"lazy\" \/>\n\t<\/figure>\n<figure itemscope itemtype=\"https:\/\/schema.org\/ImageObject\">\n\t\t\t\t<img decoding=\"async\" src=\"https:\/\/marylandefc.org\/wp-content\/uploads\/2024\/01\/Marylanf-Family-Network-Logo.jpg\" alt=\"Maryland Family Network logo\" height=\"259\" width=\"477\" title=\"Bi\u1ec3u t\u01b0\u1ee3ng M\u1ea1ng l\u01b0\u1edbi Gia \u0111\u00ecnh Marylandf\" onerror=\"this.style.display='none'\" loading=\"lazy\" \/>\n\t<\/figure>\n\t<h2>\u0110\u1ea1o lu\u1eadt Ch\u1eefa l\u00e0nh Ch\u1ea5n th\u01b0\u01a1ng c\u1ee7a Maryland n\u0103m 2021<\/h2>\n<h2>\u1ee6y ban ch\u0103m s\u00f3c c\u00f3 hi\u1ec3u bi\u1ebft v\u1ec1 ch\u1ea5n th\u01b0\u01a1ng<\/h2>\n<p>V\u00e0o n\u0103m 2021, Th\u1ed1ng \u0111\u1ed1c Larry Hogan \u0111\u00e3 ban h\u00e0nh L\u1ec7nh h\u00e0nh ph\u00e1p v\u1ec1 Tr\u1ea3i nghi\u1ec7m ti\u00eau c\u1ef1c th\u1eddi th\u01a1 \u1ea5u. <\/p>\n\t\t<h3>Ng\u00e0y 6 th\u00e1ng 5 l\u00e0 Ng\u00e0y n\u00e2ng cao nh\u1eadn th\u1ee9c v\u1ec1 tr\u1ea3i nghi\u1ec7m b\u1ea5t l\u1ee3i \u1edf tr\u1ebb em<\/h3>\t\n\t<figure itemscope itemtype=\"https:\/\/schema.org\/ImageObject\">\n\t\t\t\t<img decoding=\"async\" src=\"https:\/\/marylandefc.org\/wp-content\/uploads\/2024\/02\/Person-holding-someones-hand-to-comfort-during-trauma.jpg\" alt=\"Person holding someones hand to comfort during trauma\" height=\"800\" width=\"1200\" title=\"Ng\u01b0\u1eddi n\u1eafm tay ai \u0111\u00f3 \u0111\u1ec3 an \u1ee7i trong l\u00fac ch\u1ea5n th\u01b0\u01a1ng\" onerror=\"this.style.display='none'\" loading=\"lazy\" \/>\n\t<\/figure>\n\t<h3>\u1ee6y ban ch\u0103m s\u00f3c c\u00f3 hi\u1ec3u bi\u1ebft v\u1ec1 ch\u1ea5n th\u01b0\u01a1ng<\/h3>\n<p>C\u00f9ng th\u00e1ng \u0111\u00f3, \u0110\u1ea1i h\u1ed9i \u0111\u1ed3ng Maryland \u0111\u00e3 th\u00f4ng qua lu\u1eadt th\u00e0nh l\u1eadp \u1ee6y ban Ch\u0103m s\u00f3c c\u00f3 hi\u1ec3u bi\u1ebft v\u1ec1 Ch\u1ea5n th\u01b0\u01a1ng.<\/p>\n<p>Vai tr\u00f2 c\u1ee7a \u1ee6y ban l\u00e0 \u0111i\u1ec1u ph\u1ed1i s\u00e1ng ki\u1ebfn tr\u00ean to\u00e0n ti\u1ec3u bang nh\u1eb1m \u01b0u ti\u00ean cung c\u1ea5p c\u00e1c d\u1ecbch v\u1ee5 c\u1ee7a Ti\u1ec3u bang c\u00f3 t\u00ednh \u0111\u1ebfn ch\u1ea5n th\u01b0\u01a1ng v\u00e0 hi\u1ec3u bi\u1ebft v\u1ec1 ch\u1ea5n th\u01b0\u01a1ng \u1ea3nh h\u01b0\u1edfng \u0111\u1ebfn tr\u1ebb em, thanh thi\u1ebfu ni\u00ean, gia \u0111\u00ecnh v\u00e0 ng\u01b0\u1eddi l\u1edbn tu\u1ed5i.\u00a0<\/p>\n<p>N\u0103m 2022, Th\u1ed1ng \u0111\u1ed1c Wes Moore \u0111\u00e3 tr\u1edf th\u00e0nh \u1ee9ng c\u1eed vi\u00ean \u0111\u1ea7u ti\u00ean tr\u00ean to\u00e0n qu\u1ed1c cho ch\u1ee9c v\u1ee5 ch\u00ednh tr\u1ecb c\u1ea5p cao x\u00e2y d\u1ef1ng n\u1ec1n t\u1ea3ng v\u1eadn \u0111\u1ed9ng tranh c\u1eed v\u1ec1 ACE v\u00e0 ch\u1ea5n th\u01b0\u01a1ng.<\/p>\n<h3>\n\t\t\tTi\u1ebfp t\u1ee5c \u0111\u1ecdc\t<\/h3>\n\t\t\t<a href=\"https:\/\/goccp.maryland.gov\/councils-commissions-and-workgroups\/commission-on-trauma-informed-care\/\" target=\"_blank\" rel=\"noopener\">\n\t\t\t\t\t\tTi\u1ebfp t\u1ee5c \u0111\u1ecdc v\u1ec1 \u1ee6y ban Ch\u0103m s\u00f3c Ch\u1ea5n th\u01b0\u01a1ng c\u1ee7a Maryland\n\t\t\t\t\t<\/a>\n\t\t\t<a href=\"https:\/\/legiscan.com\/MD\/bill\/HB548\/2021\" target=\"_blank\" rel=\"noopener\">\n\t\t\t\t\t\t2021: \u1ee6y ban Ch\u0103m s\u00f3c v\u00e0 \u0110\u00e0o t\u1ea1o v\u1ec1 Ch\u1ea5n th\u01b0\u01a1ng (\u0110\u1ea1o lu\u1eadt Ch\u1eefa l\u00e0nh Ch\u1ea5n th\u01b0\u01a1ng c\u1ee7a Maryland) HB548 \/ SB299\n\t\t\t\t\t<\/a>\n\t\t\t<a href=\"\/wp-content\/uploads\/2024\/01\/Maryland-Governors-ACEs-Executive-Order-5-6-21.pdf\"  target=\"_blank\" rel=\"noopener\">\n\t\t\t\t\t\t\u0110\u1ecdc S\u1eafc l\u1ec7nh H\u00e0nh ph\u00e1p c\u1ee7a Th\u1ed1ng \u0111\u1ed1c Hogan\n\t\t\t\t\t<\/a>\n\t\t\t<a href=\"https:\/\/wesmoore.com\/wp-content\/uploads\/2022\/06\/Wes-Moore-For-Maryland-Trauma-Informed-Care-One-Pager.pdf%20\" target=\"_blank\" rel=\"noopener\">\n\t\t\t\t\t\t\u0110\u1ecdc N\u1ec1n t\u1ea3ng Chi\u1ebfn d\u1ecbch ACE v\u00e0 Ch\u1ea5n th\u01b0\u01a1ng c\u1ee7a Th\u1ed1ng \u0111\u1ed1c Moore\n\t\t\t\t\t<\/a>","protected":false},"excerpt":{"rendered":"<p>T\u00c1C \u0110\u1ed8NG CH\u00cdNH S\u00c1CH G\u1ea6N \u0110\u00c2Y T\u00e1c \u0111\u1ed9ng Ch\u00ednh s\u00e1ch Maryland Essentials for Childhood coi tr\u1ecdng t\u1ea5t c\u1ea3 c\u00e1c h\u00e0nh \u0111\u1ed9ng l\u1eadp ph\u00e1p, h\u00e0nh ph\u00e1p v\u00e0 t\u01b0 ph\u00e1p nh\u1eb1m c\u1ea3i thi\u1ec7n h\u1ec7 th\u1ed1ng c\u1ee7a ch\u00fang t\u00f4i v\u00e0 cung c\u1ea5p h\u01b0\u1edbng d\u1eabn cho c\u00e1c c\u01a1 quan c\u1ee7a ch\u00fang t\u00f4i. Ch\u00fang t\u00f4i tin r\u1eb1ng m\u1ecdi ch\u00ednh s\u00e1ch ch\u00fang t\u00f4i \u0111\u1eb7t ra \u0111\u1ec1u ph\u1ea3i th\u00fac \u0111\u1ea9y s\u1ef1 ph\u00e1t tri\u1ec3n l\u00e0nh m\u1ea1nh v\u00e0 gi\u1ea3m b\u1edbt g\u00e1nh n\u1eb7ng kh\u00f4ng c\u1ea7n thi\u1ebft cho tr\u1ebb em v\u00e0 ng\u01b0\u1eddi l\u1edbn trong cu\u1ed9c s\u1ed1ng c\u1ee7a h\u1ecd. Ba th\u00e0nh c\u00f4ng g\u1ea7n \u0111\u00e2y m\u00e0\u2026<\/p>","protected":false},"author":1,"featured_media":27091,"parent":3255,"menu_order":0,"comment_status":"closed","ping_status":"closed","template":"","meta":{"footnotes":""},"class_list":["post-26748","page","type-page","status-publish","has-post-thumbnail","hentry"],"_links":{"self":[{"href":"https:\/\/marylandefc.org\/vi\/wp-json\/wp\/v2\/pages\/26748","targetHints":{"allow":["GET"]}}],"collection":[{"href":"https:\/\/marylandefc.org\/vi\/wp-json\/wp\/v2\/pages"}],"about":[{"href":"https:\/\/marylandefc.org\/vi\/wp-json\/wp\/v2\/types\/page"}],"author":[{"embeddable":true,"href":"https:\/\/marylandefc.org\/vi\/wp-json\/wp\/v2\/users\/1"}],"replies":[{"embeddable":true,"href":"https:\/\/marylandefc.org\/vi\/wp-json\/wp\/v2\/comments?post=26748"}],"version-history":[{"count":0,"href":"https:\/\/marylandefc.org\/vi\/wp-json\/wp\/v2\/pages\/26748\/revisions"}],"up":[{"embeddable":true,"href":"https:\/\/marylandefc.org\/vi\/wp-json\/wp\/v2\/pages\/3255"}],"wp:featuredmedia":[{"embeddable":true,"href":"https:\/\/marylandefc.org\/vi\/wp-json\/wp\/v2\/media\/27091"}],"wp:attachment":[{"href":"https:\/\/marylandefc.org\/vi\/wp-json\/wp\/v2\/media?parent=26748"}],"curies":[{"name":"wp","href":"https:\/\/api.w.org\/{rel}","templated":true}]}}