{"id":26765,"date":"2024-01-29T14:32:11","date_gmt":"2024-01-29T22:32:11","guid":{"rendered":"https:\/\/marylandefc.org\/?page_id=26765"},"modified":"2026-02-12T15:24:59","modified_gmt":"2026-02-12T23:24:59","slug":"informing-policy","status":"publish","type":"page","link":"https:\/\/marylandefc.org\/vi\/policy\/informing-policy\/","title":{"rendered":"Ch\u00ednh s\u00e1ch th\u00f4ng b\u00e1o"},"content":{"rendered":"<figure itemscope itemtype=\"https:\/\/schema.org\/ImageObject\">\n\t\t\t\t<img decoding=\"async\" src=\"https:\/\/marylandefc.org\/wp-content\/uploads\/2024\/01\/The-Science-of-the-Developing-Child.jpg\" alt=\"The Science of the Developing Child white paper mockup\" height=\"800\" width=\"1200\" title=\"Khoa h\u1ecdc v\u1ec1 s\u1ef1 ph\u00e1t tri\u1ec3n c\u1ee7a tr\u1ebb em\" onerror=\"this.style.display='none'\" loading=\"lazy\" \/>\n\t<\/figure>\n\t<h1>NH\u00c0 L\u00c3NH \u0110\u1ea0O CH\u00cdNH S\u00c1CH<\/h1>\n\t<h2>Ch\u00ednh s\u00e1ch th\u00f4ng b\u00e1o<\/h2>\n<p>\u0110\u1ec3 \u1ee7ng h\u1ed9 ch\u00ednh s\u00e1ch hi\u1ec7u qu\u1ea3, Maryland Essentials for Childhood \u0111\u1ea7u t\u01b0 \u0111\u00e1ng k\u1ec3 v\u00e0o vi\u1ec7c x\u00e1c \u0111\u1ecbnh c\u00e1c ho\u1ea1t \u0111\u1ed9ng th\u1ef1c h\u00e0nh t\u1ed1t nh\u1ea5t tr\u00ean to\u00e0n qu\u1ed1c, qu\u1ed1c t\u1ebf v\u00e0 c\u00e1c ti\u1ec3u bang kh\u00e1c, h\u1ecdc h\u1ecfi t\u1eeb c\u00e1c nh\u00e0 nghi\u00ean c\u1ee9u trong l\u0129nh v\u1ef1c n\u00e0y v\u00e0 t\u1ea1o c\u01a1 h\u1ed9i \u0111\u1ed1i tho\u1ea1i gi\u1eefa c\u00e1c \u0111\u1ed1i t\u00e1c c\u1ee7a ch\u00fang t\u00f4i.\u00a0<\/p>\n<p>V\u00e0o n\u0103m 2016, Maryland EFC \u0111\u00e3 c\u00f4ng b\u1ed1 m\u1ed9t khu\u00f4n kh\u1ed5 cho c\u00e1c \u01b0u ti\u00ean c\u1ee7a ch\u00fang t\u00f4i, d\u1ef1a tr\u00ean c\u00e1c l\u0129nh v\u1ef1c m\u1edbi n\u1ed5i c\u1ee7a khoa h\u1ecdc n\u00e3o b\u1ed9 v\u00e0 nh\u1eefng tr\u1ea3i nghi\u1ec7m b\u1ea5t l\u1ee3i th\u1eddi th\u01a1 \u1ea5u. S\u00e1ch tr\u1eafng \u0111\u00f3, <i>Khoa h\u1ecdc v\u1ec1 n\u00e3o b\u1ed9 \u0111ang ph\u00e1t tri\u1ec3n, ACE v\u00e0 kh\u1ea3 n\u0103ng ph\u1ee5c h\u1ed3i: M\u1ed9t l\u1eadp lu\u1eadn m\u1ea1nh m\u1ebd cho m\u1ed9t Maryland th\u1ecbnh v\u01b0\u1ee3ng<\/i> v\u1eabn \u0111\u1ecbnh h\u00ecnh c\u00f4ng vi\u1ec7c ch\u00fang ta \u0111ang l\u00e0m ng\u00e0y nay. <\/p>\n\t\t\t<a href=\"https:\/\/marylandefc.org\/wp-content\/uploads\/2024\/03\/Prosperous-Maryland-white-paper-by-Maryland-Essentials-for-Childhood.pdf\"  target=\"_blank\" rel=\"noopener\">\n\t\t\t\t\t\t\tTi\u1ebfp t\u1ee5c \u0111\u1ecdc\n\t\t\t<\/a>\n\t<h3>H\u01b0\u1edbng t\u1edbi m\u1ed9t Maryland th\u1ecbnh v\u01b0\u1ee3ng h\u01a1n<\/h3>\n<p>V\u00e0o n\u0103m 2019, Maryland Essentials for Childhood \u0111\u00e3 ph\u00e1t h\u00e0nh m\u1ed9t b\u00e1o c\u00e1o, <i>H\u01b0\u1edbng t\u1edbi m\u1ed9t Maryland th\u1ecbnh v\u01b0\u1ee3ng h\u01a1n: C\u00e1c gi\u1ea3i ph\u00e1p l\u1eadp ph\u00e1p \u0111\u1ec3 ng\u0103n ng\u1eeba v\u00e0 gi\u1ea3m thi\u1ec3u nh\u1eefng tr\u1ea3i nghi\u1ec7m ti\u00eau c\u1ef1c th\u1eddi th\u01a1 \u1ea5u (ACE) v\u00e0 x\u00e2y d\u1ef1ng c\u1ed9ng \u0111\u1ed3ng ki\u00ean c\u01b0\u1eddng. <\/i>C\u00e1c nh\u00e0 l\u1eadp ph\u00e1p tr\u00ean kh\u1eafp c\u1ea3 n\u01b0\u1edbc \u0111ang t\u1ef1 gi\u00e1o d\u1ee5c b\u1ea3n th\u00e2n v\u1ec1 khoa h\u1ecdc th\u1ea7n kinh ti\u00ean ti\u1ebfn, di truy\u1ec1n h\u1ecdc bi\u1ec3u sinh, nghi\u00ean c\u1ee9u ACE v\u00e0 kh\u1ea3 n\u0103ng ph\u1ee5c h\u1ed3i (Khoa h\u1ecdc NEAR) v\u00e0 th\u1ef1c hi\u1ec7n c\u00e1c h\u00e0nh \u0111\u1ed9ng ch\u00ednh s\u00e1ch \u0111\u1ec3 th\u00fac \u0111\u1ea9y s\u1ef1 ph\u00e1t tri\u1ec3n l\u00e0nh m\u1ea1nh v\u00e0 t\u01b0\u01a1ng lai th\u1ecbnh v\u01b0\u1ee3ng cho c\u1eed tri c\u1ee7a h\u1ecd.<\/p>\n<p>This brief shares the basics of the NEAR &#8211; neurobiology, epigenetics, ACEs and resilience Science &#8211; along with the evidence-based and innovative policies being implemented by federal and state governments to prevent and mitigate childhood trauma and promote family and community resilience.\u00a0<\/p>\n<p>T\u00e0i li\u1ec7u n\u00e0y l\u00e0 c\u00f4ng c\u1ee5 h\u1eefu hi\u1ec7u trong vi\u1ec7c gi\u00e1o d\u1ee5c c\u00e1c nh\u00e0 l\u1eadp ph\u00e1p v\u00e0 nh\u00e0 l\u00e3nh \u0111\u1ea1o t\u01b0 t\u01b0\u1edfng v\u1ec1 khoa h\u1ecdc v\u00e0 gi\u1ea3i ph\u00e1p.\u00a0<\/p>\n<p>S\u00e1ch tr\u1eafng n\u00e0y s\u1ebd kh\u00f4ng th\u1ec3 th\u1ef1c hi\u1ec7n \u0111\u01b0\u1ee3c n\u1ebfu kh\u00f4ng c\u00f3 s\u1ef1 l\u00e0m vi\u1ec7c t\u1eadn t\u1ee5y c\u1ee7a c\u00e1c \u0110\u1ed1i t\u00e1c Maryland Essentials for Childhood, Change the Conversation, tr\u01b0\u1edbc \u0111\u00e2y l\u00e0 No More Stolen Childhoods, SCCAN v\u00e0 Ch\u01b0\u01a1ng tr\u00ecnh l\u00e3nh \u0111\u1ea1o phi l\u1ee3i nhu\u1eadn Sondheim.\u00a0<\/p>\n\t\t\t<a href=\"https:\/\/marylandefc.org\/wp-content\/uploads\/2024\/01\/FINAL-Toward-A-More-Prosperous-Maryland-ACEs-Legislative-Brief.pdf\"  target=\"_blank\" rel=\"noopener\">\n\t\t\t\t\t\t\tTi\u1ebfp t\u1ee5c \u0111\u1ecdc\n\t\t\t<\/a>\n<figure data-animation-delay=\"0\" data-animation-duration=\"1\" itemscope itemtype=\"https:\/\/schema.org\/ImageObject\">\n\t\t\t\t<a href=\"\/wp-content\/uploads\/2024\/01\/FINAL-Toward-A-More-Prosperous-Maryland-ACEs-Legislative-Brief.pdf\"  target=\"_blank\" rel=\"noopener\"  itemprop=\"url\">\n\t\t\t\t<img decoding=\"async\" src=\"https:\/\/marylandefc.org\/wp-content\/uploads\/2024\/01\/Toward-a-More-Prosperous-Maryland.jpg\" alt=\"Toward a More Prosperous Maryland white paper mockup\" height=\"800\" width=\"1200\" title=\"H\u01b0\u1edbng t\u1edbi m\u1ed9t Maryland th\u1ecbnh v\u01b0\u1ee3ng h\u01a1n\" onerror=\"this.style.display='none'\" loading=\"lazy\" \/>\n\t\t\t\t<\/a>\n\t<\/figure>\n\t\t<p>&#8220;Safe, stable, and nurturing relationships and environments serve as protective factors and are essential for the health and well-being of our children, ensuring that every child in Maryland has equal opportunity to thrive. All Marylanders play a role in ensuring the health and well-being of the next generation and a prosperous future for all. No one individual, organization, sector, or branch of government alone can prevent ACEs and trauma or mitigate their impact.&#8221;<\/p>\n<p>&nbsp;<\/p>\n<p><strong>~ T\u1eeb <i>H\u01b0\u1edbng t\u1edbi m\u1ed9t Maryland th\u1ecbnh v\u01b0\u1ee3ng h\u01a1n: C\u00e1c gi\u1ea3i ph\u00e1p l\u1eadp ph\u00e1p \u0111\u1ec3 ng\u0103n ng\u1eeba v\u00e0 gi\u1ea3m thi\u1ec3u nh\u1eefng tr\u1ea3i nghi\u1ec7m ti\u00eau c\u1ef1c th\u1eddi th\u01a1 \u1ea5u (ACE) v\u00e0 x\u00e2y d\u1ef1ng c\u1ed9ng \u0111\u1ed3ng ki\u00ean c\u01b0\u1eddng.<\/i>\u00a0\u00a0<\/strong><\/p>\n\t<h2>Phi\u00ean h\u1ecdp b\u00e0n tr\u00f2n c\u1ee7a ACEs<\/h2>\n<p><b>\u0110\u01b0\u1ee3c t\u00e0i tr\u1ee3 b\u1edfi: \u0110\u1ea1i bi\u1ec3u Vanessa E. Atterbeary v\u00e0 Th\u01b0\u1ee3ng ngh\u1ecb s\u0129 Antonio Hayes<\/b><\/p>\n<p>V\u00e0o th\u00e1ng 12 n\u0103m 2019, Maryland Essentials for Childhood \u0111\u00e3 t\u1ed5 ch\u1ee9c Phi\u00ean h\u1ecdp b\u00e0n tr\u00f2n ACEs cho c\u00e1c th\u00e0nh vi\u00ean c\u1ee7a \u0110\u1ea1i h\u1ed9i \u0111\u1ed3ng Maryland. S\u1ef1 ki\u1ec7n n\u00e0y \u0111\u00e3 t\u1ea1o c\u01a1 h\u1ed9i cho c\u00e1c nh\u00e0 l\u1eadp ph\u00e1p v\u00e0 l\u00e3nh \u0111\u1ea1o c\u1ed9ng \u0111\u1ed3ng l\u1eafng nghe c\u00e1c chuy\u00ean gia v\u00e0 th\u1ea3o lu\u1eadn v\u1ec1 c\u00e1c c\u00e1ch th\u1ee9c th\u00f4ng qua v\u00e0 th\u1ef1c hi\u1ec7n c\u00e1c ch\u00ednh s\u00e1ch v\u00e0 ho\u1ea1t \u0111\u1ed9ng: <\/p>\n<ul>\n<li>C\u00f3 t\u00e1c d\u1ee5ng \u0111\u00e3 \u0111\u01b0\u1ee3c ch\u1ee9ng minh, m\u1ea1nh m\u1ebd <a href=\"https:\/\/marylandefc.org\/vi\/grownups\/early-years\/\">tr\u1ebb em kh\u1ecfe m\u1ea1nh<\/a> V\u00e0 <a href=\"https:\/\/marylandefc.org\/vi\/grownups\/teen-development\/\">s\u1ef1 ph\u00e1t tri\u1ec3n c\u1ee7a thanh thi\u1ebfu ni\u00ean<\/a>.<\/li>\n<li>Ph\u00f2ng ng\u1eeba, gi\u1ea3m thi\u1ec3u v\u00e0 ch\u1eefa l\u00e0nh <a href=\"https:\/\/marylandefc.org\/vi\/get-involved\/ace-impact\/\">ngh\u1ecbch c\u1ea3nh v\u00e0 ch\u1ea5n th\u01b0\u01a1ng<\/a>.<\/li>\n<li>X\u00e2y d\u1ef1ng <a href=\"https:\/\/marylandefc.org\/vi\/grownups\/resilience\/\">s\u1ee9c ph\u1ee5c h\u1ed3i<\/a>.<\/li>\n<\/ul>\n<figure itemscope itemtype=\"https:\/\/schema.org\/ImageObject\">\n\t\t\t\t<img decoding=\"async\" src=\"https:\/\/marylandefc.org\/wp-content\/uploads\/2024\/01\/ACEs-Roundtable-Image-BrainScience-1-scaled.jpg\" alt=\"Infographic of ACEs roundtable findings\" height=\"1205\" width=\"2560\" title=\"H\u00ecnh \u1ea3nh B\u00e0n tr\u00f2n ACEs BrainScience (1)\" onerror=\"this.style.display='none'\" loading=\"lazy\" \/>\n\t<\/figure>\n<figure itemscope itemtype=\"https:\/\/schema.org\/ImageObject\">\n\t\t\t\t<img decoding=\"async\" src=\"https:\/\/marylandefc.org\/wp-content\/uploads\/2024\/02\/ACE-Roundtable-Drawing-about-Surprises-with-the-Science-scaled.jpg\" alt=\"ACE Roundtable drawing about surprises with the science\" height=\"1205\" width=\"2560\" title=\"B\u00e0n tr\u00f2n ACE v\u1ebd v\u1ec1 s\u1ef1 ng\u1ea1c nhi\u00ean v\u1edbi khoa h\u1ecdc\" onerror=\"this.style.display='none'\" loading=\"lazy\" \/>\n\t<\/figure>\n\t<h3>Ng\u00e0y n\u00e0y c\u00f3 c\u00e1c b\u00e0i thuy\u1ebft tr\u00ecnh v\u00e0 th\u1ea3o lu\u1eadn t\u1eeb:<\/h3>\n<ul>\n<li aria-level=\"1\">Frank Kros c\u1ee7a Kros Learning\u00a0<\/li>\n<li aria-level=\"1\">Melissa Merrick, CEO, Prevent Child Abuse America and served as a lead scientist for the ACE study at CDC\u00a0<\/li>\n<li aria-level=\"1\">Kate Blackman, H\u1ed9i ngh\u1ecb c\u00e1c nh\u00e0 l\u1eadp ph\u00e1p ti\u1ec3u bang to\u00e0n qu\u1ed1c<\/li>\n<li aria-level=\"1\"><a href=\"https:\/\/www.youtube.com\/watch?v=NyEcWHURXPw&amp;t=30s\" target=\"_blank\" rel=\"noopener\">\u0110\u1ec7 nh\u1ea5t phu nh\u00e2n c\u1ee7a Delaware Tracey Quillen Carney<\/a>\u00a0<\/li>\n<li aria-level=\"1\">Mary Rolando, ACEs Innovations Director in the Tennessee Department of Children&#8217;s Services <\/li>\n<li aria-level=\"1\">Michael Castognola, nh\u00e2n vi\u00ean c\u1ee7a \u1ee6y ban Gi\u00e1m s\u00e1t v\u00e0 C\u1ea3i c\u00e1ch H\u1ea1 vi\u1ec7n v\u00e0 c\u1ed1 D\u00e2n bi\u1ec3u Elijah Cummings\u00a0<\/li>\n<li aria-level=\"1\">Joan Gillece c\u1ee7a Hi\u1ec7p h\u1ed9i qu\u1ed1c gia c\u00e1c gi\u00e1m \u0111\u1ed1c ch\u01b0\u01a1ng tr\u00ecnh s\u1ee9c kh\u1ecfe t\u00e2m th\u1ea7n c\u1ee7a ti\u1ec3u bang<\/li>\n<\/ul>\n<p>Trong b\u1eefa tr\u01b0a v\u00f2ng tr\u00f2n v\u1edbi c\u00e1c nh\u00e0 l\u1eadp ph\u00e1p, c\u00e1c chuy\u00ean gia \u0111\u1ecba ph\u01b0\u01a1ng, c\u00e1c nh\u00e0 l\u00e3nh \u0111\u1ea1o c\u1ee7a s\u00e1ng ki\u1ebfn ACE c\u1ed9ng \u0111\u1ed3ng Maryland v\u00e0 c\u00e1c \u0111\u1ed1i t\u00e1c Maryland Essentials for Childhood tr\u00ean kh\u1eafp ti\u1ec3u bang \u0111\u00e3 c\u00f3 c\u01a1 h\u1ed9i chia s\u1ebb <b>c\u00e1ch khoa h\u1ecdc \u0111\u01b0\u1ee3c \u1ee9ng d\u1ee5ng v\u00e0o th\u1ef1c t\u1ebf t\u1ea1i c\u00e1c c\u1ed9ng \u0111\u1ed3ng tr\u00ean to\u00e0n ti\u1ec3u bang.<\/b>\u00a0<\/p>\n<p>C\u00e1c nh\u00e0 l\u1eadp ph\u00e1p \u0111\u01b0\u1ee3c khuy\u1ebfn kh\u00edch tham gia <a href=\"https:\/\/www.pacesconnection.com\/g\/maryland-state-aces\" target=\"_blank\" rel=\"noopener\">H\u00e0nh \u0111\u1ed9ng c\u1ee7a Maryland ACEs<\/a> to stay connected to organizations across the state working to promote ACEs research awareness and trauma-informed\/resilience-building practices.<\/p>\n<p>Qu\u1ef9 Abell \u0111\u00e3 h\u1ed7 tr\u1ee3 r\u1ea5t nhi\u1ec1u cho vi\u1ec7c t\u1ea1o \u0111i\u1ec1u ki\u1ec7n v\u00e0 ghi l\u1ea1i h\u00ecnh \u1ea3nh s\u1ef1 ki\u1ec7n.<\/p>","protected":false},"excerpt":{"rendered":"<p>POLICY MAKERS Informing Policy To advocate for effective policy, Maryland Essentials for Childhood invests significantly in identifying best practices nationally, internationally and in other states, learning from researchers in the field and providing an opportunity for dialogue among our partners.\u00a0 In 2016, Maryland EFC released a framework for our priorities, grounded in the emerging fields&hellip;<\/p>","protected":false},"author":1,"featured_media":26773,"parent":3255,"menu_order":0,"comment_status":"closed","ping_status":"closed","template":"","meta":{"footnotes":""},"class_list":["post-26765","page","type-page","status-publish","has-post-thumbnail","hentry"],"_links":{"self":[{"href":"https:\/\/marylandefc.org\/vi\/wp-json\/wp\/v2\/pages\/26765","targetHints":{"allow":["GET"]}}],"collection":[{"href":"https:\/\/marylandefc.org\/vi\/wp-json\/wp\/v2\/pages"}],"about":[{"href":"https:\/\/marylandefc.org\/vi\/wp-json\/wp\/v2\/types\/page"}],"author":[{"embeddable":true,"href":"https:\/\/marylandefc.org\/vi\/wp-json\/wp\/v2\/users\/1"}],"replies":[{"embeddable":true,"href":"https:\/\/marylandefc.org\/vi\/wp-json\/wp\/v2\/comments?post=26765"}],"version-history":[{"count":0,"href":"https:\/\/marylandefc.org\/vi\/wp-json\/wp\/v2\/pages\/26765\/revisions"}],"up":[{"embeddable":true,"href":"https:\/\/marylandefc.org\/vi\/wp-json\/wp\/v2\/pages\/3255"}],"wp:featuredmedia":[{"embeddable":true,"href":"https:\/\/marylandefc.org\/vi\/wp-json\/wp\/v2\/media\/26773"}],"wp:attachment":[{"href":"https:\/\/marylandefc.org\/vi\/wp-json\/wp\/v2\/media?parent=26765"}],"curies":[{"name":"wp","href":"https:\/\/api.w.org\/{rel}","templated":true}]}}