{"id":27731,"date":"2024-02-22T15:32:18","date_gmt":"2024-02-22T23:32:18","guid":{"rendered":"https:\/\/marylandefc.org\/?page_id=27731"},"modified":"2026-03-03T06:14:52","modified_gmt":"2026-03-03T14:14:52","slug":"ace-science","status":"publish","type":"page","link":"https:\/\/marylandefc.org\/vi\/about\/ace-science\/","title":{"rendered":"Khoa h\u1ecdc ACE"},"content":{"rendered":"<figure itemscope itemtype=\"https:\/\/schema.org\/ImageObject\">\n\t\t\t\t<img decoding=\"async\" src=\"https:\/\/marylandefc.org\/wp-content\/uploads\/2024\/02\/Anda-talking-to-a-community-crowd.jpg\" alt=\"Anda discussion in the community\" height=\"800\" width=\"1200\" title=\"Anda \u0111ang n\u00f3i chuy\u1ec7n v\u1edbi \u0111\u00e1m \u0111\u00f4ng c\u1ed9ng \u0111\u1ed3ng\" onerror=\"this.style.display='none'\" loading=\"lazy\" \/>\n\t<\/figure>\n\t<h1>KHOA H\u1eccC ACE<\/h1>\n\t<h2>Hi\u1ec3u \u0111\u01b0\u1ee3c khoa h\u1ecdc \u0111\u1eb1ng sau nghi\u00ean c\u1ee9u ACE<\/h2>\n<p>Learn more about this groundbreaking study and how it&#8217;s expanded our understanding of the impacts of adverse childhood experiences on brain development.\u00a0 <\/p>\n<figure data-animation-delay=\"0\" data-animation-duration=\"1\" itemscope itemtype=\"https:\/\/schema.org\/ImageObject\">\n\t\t\t\t<img decoding=\"async\" src=\"https:\/\/marylandefc.org\/wp-content\/uploads\/2024\/03\/Kids-holding-magnifying-glass.jpg\" alt=\"Kids holding magnifying glass\" height=\"800\" width=\"1200\" title=\"Tr\u1ebb em c\u1ea7m k\u00ednh l\u00fap \u00e1p v\u00e0o m\u1eb7t.\" onerror=\"this.style.display='none'\" loading=\"lazy\" \/>\n\t<\/figure>\n\t<h2>V\u1ec1 nghi\u00ean c\u1ee9u ACE<\/h2>\n\t<p>Dr. Robert Anda and Dr. Vincent Felitti are the co-principal investigators of the groundbreaking ACE study sponsored by Kaiser Permanente and the Centers for Disease Control and Prevention (CDC) in the mid-1990&#8217;s.<\/p>\n<blockquote><p>Nghi\u00ean c\u1ee9u ACE l\u00e0 m\u1ed9t trong nh\u1eefng nghi\u00ean c\u1ee9u l\u1edbn nh\u1ea5t v\u1ec1 ngh\u1ecbch c\u1ea3nh th\u1eddi th\u01a1 \u1ea5u v\u00e0 m\u1ed1i li\u00ean h\u1ec7 c\u1ee7a n\u00f3 v\u1edbi s\u1ee9c kh\u1ecfe v\u00e0 h\u1ea1nh ph\u00fac su\u1ed1t \u0111\u1eddi, v\u1edbi s\u1ef1 tham gia c\u1ee7a 17.000 ng\u01b0\u1eddi t\u1ea1i San Diego, California.\u00a0<\/p><\/blockquote>\n<p>Nghi\u00ean c\u1ee9u n\u00e0y r\u1ea5t quan tr\u1ecdng v\u00ec n\u00f3 \u0111\u00e3 x\u00e1c nh\u1eadn, b\u1eb1ng b\u1eb1ng ch\u1ee9ng khoa h\u1ecdc, r\u1eb1ng <a href=\"https:\/\/marylandefc.org\/vi\/grownups\/aces\/\">nh\u1eefng tr\u1ea3i nghi\u1ec7m b\u1ea5t l\u1ee3i th\u1eddi th\u01a1 \u1ea5u<\/a> trong giai \u0111o\u1ea1n \u0111\u1ea7u \u0111\u1eddi kh\u00f4ng ch\u1ec9 ph\u1ed5 bi\u1ebfn m\u00e0 c\u00f2n l\u00e0m t\u0103ng nguy c\u01a1 m\u1eafc c\u00e1c v\u1ea5n \u0111\u1ec1 v\u1ec1 s\u1ee9c kh\u1ecfe th\u1ec3 ch\u1ea5t, tinh th\u1ea7n v\u00e0 h\u00e0nh vi trong su\u1ed1t cu\u1ed9c \u0111\u1eddi, bao g\u1ed3m 5 trong 10 nguy\u00ean nh\u00e2n g\u00e2y t\u1eed vong h\u00e0ng \u0111\u1ea7u \u1edf Hoa K\u1ef3\u00a0<\/p>\n\t<h3>K\u1ebft qu\u1ea3 nghi\u00ean c\u1ee9u c\u1ee7a ACE<\/h3>\n\t<p>Khi t\u00ecm hi\u1ec3u v\u1ec1 Nghi\u00ean c\u1ee9u ACE, \u0111i\u1ec1u quan tr\u1ecdng c\u1ea7n nh\u1edb l\u00e0 \u0111\u00e2y l\u00e0 nghi\u00ean c\u1ee9u d\u1ecbch t\u1ec5 h\u1ecdc v\u1ec1 r\u1ee7i ro s\u1ee9c kh\u1ecfe \u1edf c\u1ea5p \u0111\u1ed9 qu\u1ea7n th\u1ec3 ch\u1ee9 kh\u00f4ng ph\u1ea3i c\u1ea5p \u0111\u1ed9 c\u00e1 nh\u00e2n. <\/p>\n<p>Everyone&#8217;s ACE story is unique &#8211; our personal story and not our destiny.\u00a0\u00a0<\/p>\n<p>The ACE Study&#8217;s findings are also consistent with converging discoveries in neurobiology (<a href=\"\/vi\/grownups\/early-years\/\">khoa h\u1ecdc n\u00e3o b\u1ed9<\/a>) v\u00e0 t\u00e1c d\u1ee5ng c\u1ee7a <a href=\"\/vi\/grownups\/aces\/\">c\u0103ng th\u1eb3ng \u0111\u1ed9c h\u1ea1i<\/a> v\u1ec1 s\u1ef1 ph\u00e1t tri\u1ec3n c\u1ee7a n\u00e3o b\u1ed9 v\u00e0 c\u01a1 th\u1ec3. <\/p>\n<p>Other scientific findings and ACE studies continue to expand our understanding of the impacts of adverse community experiences, historical trauma and generational hardship on families and healthy child development. What&#8217;s key to this ongoing research is the impact that childhood stressors have on larger public health concerns. <\/p>\n<figure data-animation-delay=\"0\" data-animation-duration=\"1\" itemscope itemtype=\"https:\/\/schema.org\/ImageObject\">\n\t\t\t\t<img decoding=\"async\" src=\"https:\/\/marylandefc.org\/wp-content\/uploads\/2024\/03\/Kids-navigating-challenges-on-obstacle-course-in-trees.jpg\" alt=\"Kids navigating challenges on obstacle course in trees\" height=\"800\" width=\"1200\" title=\"M\u1ed9t \u0111\u1ee9a tr\u1ebb \u0111ang v\u01b0\u1ee3t qua ch\u01b0\u1edbng ng\u1ea1i v\u1eadt \u0111\u1ea7y th\u1eed th\u00e1ch tr\u00ean c\u00e2y.\" onerror=\"this.style.display='none'\" loading=\"lazy\" \/>\n\t<\/figure>\n<figure itemscope itemtype=\"https:\/\/schema.org\/ImageObject\">\n\t\t\t\t<img decoding=\"async\" src=\"https:\/\/marylandefc.org\/wp-content\/uploads\/2024\/01\/MEC-Icons_idea.svg\" alt=\"Light bulb icon for information\" height=\"300\" width=\"300\" title=\"\u00dd t\u01b0\u1edfng bi\u1ec3u t\u01b0\u1ee3ng MEC\" onerror=\"this.style.display='none'\" loading=\"lazy\" \/>\n\t<\/figure>\n\t\t<h3>Ti\u1ebfp t\u1ee5c \u0111\u1ecdc<\/h3>\n\t\t<p>CDC cung c\u1ea5p t\u1ed5ng quan \u0111\u1ea7y \u0111\u1ee7 v\u1ec1 c\u00e1c s\u1ef1 ki\u1ec7n v\u00e0 t\u00e1c \u0111\u1ed9ng c\u1ee7a nghi\u00ean c\u1ee9u ACE.<\/p>\n\t\t\t<a href=\"https:\/\/www.cdc.gov\/aces\/about\/index.html\" target=\"_self\" rel=\"noopener\">\n\t\t\t\t\t\t\tXem T\u1ed5ng quan v\u1ec1 ACE\n\t\t\t\t\t<\/a>\n\t<h3>Nh\u1eefng \u0111i\u1ec1u ch\u00fang t\u00f4i mu\u1ed1n n\u00eau b\u1eadt<\/h3>\n<ul>\n<li aria-level=\"1\">ACE r\u1ea5t ph\u1ed5 bi\u1ebfn: kho\u1ea3ng 64% ng\u01b0\u1eddi l\u1edbn \u1edf Hoa K\u1ef3 b\u00e1o c\u00e1o r\u1eb1ng h\u1ecd \u0111\u00e3 t\u1eebng tr\u1ea3i qua \u00edt nh\u1ea5t m\u1ed9t lo\u1ea1i ACE tr\u01b0\u1edbc 18 tu\u1ed5i v\u00e0 g\u1ea7n 1\/6 (17,3%) b\u00e1o c\u00e1o r\u1eb1ng h\u1ecd \u0111\u00e3 t\u1eebng tr\u1ea3i qua b\u1ed1n ho\u1eb7c nhi\u1ec1u lo\u1ea1i ACE. (CDC)<\/li>\n<li aria-level=\"1\">ACE c\u00f3 th\u1ec3 ph\u00f2ng ng\u1eeba \u0111\u01b0\u1ee3c. <br \/>\n&#8220;ACEs are highly predictive of many of our Nation&#8217;s worst health and social problems. The good news, however, is that what is predictive is preventable.&#8221; Dr. Robert Anda\u00a0<\/li>\n<\/ul>\n<a href=\"\/vi\/grownups\/protective-factors\/\">C\u00e1c y\u1ebfu t\u1ed1 b\u1ea3o v\u1ec7<\/a> l\u00e0 nh\u1eefng vi\u1ec7c ch\u00fang ta c\u00f3 th\u1ec3 l\u00e0m \u0111\u1ec3 gi\u1ea3m thi\u1ec3u t\u00e1c \u0111\u1ed9ng c\u1ee7a c\u0103ng th\u1eb3ng trong cu\u1ed9c s\u1ed1ng c\u1ee7a tr\u1ebb em.\u00a0<br \/>\n\n<figure data-animation-delay=\"0\" data-animation-duration=\"1\" itemscope itemtype=\"https:\/\/schema.org\/ImageObject\">\n\t\t\t\t<img decoding=\"async\" src=\"https:\/\/marylandefc.org\/wp-content\/uploads\/2024\/02\/Community-gathering.jpg\" alt=\"Community gathering\" height=\"800\" width=\"1200\" title=\"L\u1ec5 h\u1ed9i c\u1ed9ng \u0111\u1ed3ng\" onerror=\"this.style.display='none'\" loading=\"lazy\" \/>\n\t<\/figure>\n\t<h2>S\u1eb5n s\u00e0ng t\u00ecm hi\u1ec3u s\u00e2u h\u01a1n v\u00e0 h\u00e0nh \u0111\u1ed9ng ch\u01b0a?<\/h2>\n\t<p>Family Tree, h\u1ee3p t\u00e1c v\u1edbi EFC, \u0111ang d\u1eabn \u0111\u1ea7u n\u1ed7 l\u1ef1c t\u1ea1i Maryland nh\u1eb1m th\u00f4ng tin cho c\u1ed9ng \u0111\u1ed3ng v\u1ec1 khoa h\u1ecdc v\u00e0 t\u00e1c \u0111\u1ed9ng c\u1ee7a ACE, th\u00f4ng qua ch\u01b0\u01a1ng tr\u00ecnh \u0111\u00e0o t\u1ea1o n\u1ed5i ti\u1ebfng \u0111\u01b0\u1ee3c g\u1ecdi l\u00e0 ACE Interface.\u00a0<\/p>\n<p>C\u00e1c kh\u00f3a \u0111\u00e0o t\u1ea1o ACE Interface \u0111\u01b0\u1ee3c thi\u1ebft k\u1ebf nh\u1eb1m h\u1ed7 tr\u1ee3 n\u00e2ng cao nh\u1eadn th\u1ee9c, th\u00fac \u0111\u1ea9y s\u1ef1 hi\u1ec3u bi\u1ebft v\u00e0 trao quy\u1ec1n cho c\u1ed9ng \u0111\u1ed3ng \u0111\u1ec3 c\u1ea3i thi\u1ec7n s\u1ee9c kh\u1ecfe v\u00e0 h\u1ea1nh ph\u00fac trong to\u00e0n x\u00e3 h\u1ed9i.<\/p>\n\t<iframe loading=\"lazy\" width=\"560\" height=\"315\" src=\"https:\/\/www.youtube.com\/embed\/49YZ2rn5R2M?si=Atuz1z7bg0XySREq\" title=\"Tr\u00ecnh ph\u00e1t video YouTube\" frameborder=\"0\" allow=\"accelerometer; autoplay; clipboard-write; encrypted-media; gyroscope; picture-in-picture; web-share\" allowfullscreen><\/iframe>\n\t<h2>T\u1ed5 ch\u1ee9c chi\u1ebfu phim<\/h2>\n\t<p>N\u0103m 2016, James Redford \u0111\u1ea1o di\u1ec5n v\u00e0 s\u1ea3n xu\u1ea5t <i>Kh\u1ea3 n\u0103ng ph\u1ee5c h\u1ed3i: Sinh h\u1ecdc c\u1ee7a c\u0103ng th\u1eb3ng v\u00e0 khoa h\u1ecdc hy v\u1ecdng, <\/i>m\u1ed9t b\u1ed9 phim t\u00e0i li\u1ec7u d\u00e0i m\u1ed9t gi\u1edd v\u1ec1 t\u00e1c \u0111\u1ed9ng c\u1ee7a c\u0103ng th\u1eb3ng \u0111\u1ed9c h\u1ea1i \u0111\u1ed1i v\u1edbi tr\u1ebb em v\u00e0 x\u00e3 h\u1ed9i. B\u1ed9 phim khuy\u1ebfn kh\u00edch ch\u00fang ta xem x\u00e9t c\u00e1c ch\u01b0\u01a1ng tr\u00ecnh \u0111ang ho\u1ea1t \u0111\u1ed9ng tr\u00ean kh\u1eafp \u0111\u1ea5t n\u01b0\u1edbc v\u00e0 t\u00ecm ra c\u00e1c gi\u1ea3i ph\u00e1p s\u00e1ng t\u1ea1o cho c\u1ed9ng \u0111\u1ed3ng c\u1ee7a ch\u00fang ta. <\/p>","protected":false},"excerpt":{"rendered":"<p>ACE SCIENCE Understand the science behind the ACE study Learn more about this groundbreaking study and how it&#8217;s expanded our understanding of the impacts of adverse childhood experiences on brain development.\u00a0 About the ACE study Dr. Robert Anda and Dr. Vincent Felitti are the co-principal investigators of the groundbreaking ACE study sponsored by Kaiser Permanente&hellip;<\/p>","protected":false},"author":1,"featured_media":27148,"parent":25,"menu_order":0,"comment_status":"closed","ping_status":"closed","template":"","meta":{"footnotes":""},"class_list":["post-27731","page","type-page","status-publish","has-post-thumbnail","hentry"],"_links":{"self":[{"href":"https:\/\/marylandefc.org\/vi\/wp-json\/wp\/v2\/pages\/27731","targetHints":{"allow":["GET"]}}],"collection":[{"href":"https:\/\/marylandefc.org\/vi\/wp-json\/wp\/v2\/pages"}],"about":[{"href":"https:\/\/marylandefc.org\/vi\/wp-json\/wp\/v2\/types\/page"}],"author":[{"embeddable":true,"href":"https:\/\/marylandefc.org\/vi\/wp-json\/wp\/v2\/users\/1"}],"replies":[{"embeddable":true,"href":"https:\/\/marylandefc.org\/vi\/wp-json\/wp\/v2\/comments?post=27731"}],"version-history":[{"count":0,"href":"https:\/\/marylandefc.org\/vi\/wp-json\/wp\/v2\/pages\/27731\/revisions"}],"up":[{"embeddable":true,"href":"https:\/\/marylandefc.org\/vi\/wp-json\/wp\/v2\/pages\/25"}],"wp:featuredmedia":[{"embeddable":true,"href":"https:\/\/marylandefc.org\/vi\/wp-json\/wp\/v2\/media\/27148"}],"wp:attachment":[{"href":"https:\/\/marylandefc.org\/vi\/wp-json\/wp\/v2\/media?parent=27731"}],"curies":[{"name":"wp","href":"https:\/\/api.w.org\/{rel}","templated":true}]}}