{"id":27733,"date":"2024-02-22T15:32:46","date_gmt":"2024-02-22T23:32:46","guid":{"rendered":"https:\/\/marylandefc.org\/?page_id=27733"},"modified":"2025-02-18T14:11:56","modified_gmt":"2025-02-18T22:11:56","slug":"ace-impact","status":"publish","type":"page","link":"https:\/\/marylandefc.org\/vi\/partners\/ace-impact\/","title":{"rendered":"T\u00e1c \u0111\u1ed9ng c\u1ee7a ACE"},"content":{"rendered":"<img loading=\"lazy\" decoding=\"async\" src=\"https:\/\/marylandefc.org\/wp-content\/uploads\/2024\/03\/Panoramic-photo-of-Maryland-bridge.jpg\" alt=\"Panoramic photo fo Maryland bridge\" itemprop=\"image\" height=\"800\" width=\"1200\" title=\"\u1ea2nh to\u00e0n c\u1ea3nh c\u1ea7u Maryland\" onerror=\"this.style.display='none'\"  \/>\n\t<h1>GIAO DI\u1ec6N THEO S\u1ed0<\/h1>\n\t<h2>Th\u00e0nh c\u00f4ng c\u1ee7a ch\u01b0\u01a1ng tr\u00ecnh \u0111\u00e0o t\u1ea1o giao di\u1ec7n ACE Maryland<\/h2>\n<p>Since 2017, in partnership with The Family Tree, we&#8217;ve had success across the state in bringing this critical information to members of the community across sectors and regions. <\/p>\n\t<h3>N\u0103m 2017 C\u00e2y gia \u0111\u00ecnh..<\/h3>\n<p>h\u1ee3p t\u00e1c v\u1edbi EFC, \u0111\u00e3 \u0111\u01b0a Ch\u01b0\u01a1ng tr\u00ecnh \u0111\u00e0o t\u1ea1o vi\u00ean ch\u00ednh c\u1ee7a ACE Interface do Ti\u1ebfn s\u0129 Robert Anda v\u00e0 Lara Porter d\u1eabn \u0111\u1ea7u \u0111\u1ebfn Maryland. ACE Interface h\u01b0\u1edbng \u0111\u1ebfn m\u1ee5c ti\u00eau ph\u1ed5 bi\u1ebfn khoa h\u1ecdc v\u1ec1 ACE v\u00e0 kh\u1ea3 n\u0103ng ph\u1ee5c h\u1ed3i theo c\u00e1ch trao quy\u1ec1n cho c\u00e1 nh\u00e2n v\u00e0 c\u1ed9ng \u0111\u1ed3ng \u0111\u1ec3 nh\u1eadn ra ti\u1ec1m n\u0103ng c\u1ee7a s\u1ef1 tham gia t\u1eadp trung v\u00e0o vi\u1ec7c ch\u1eefa l\u00e0nh.<\/p>\n<p>Since 2017, 28,508 community members have been educated across all of Maryland&#8217;s 24 jurisdictions.<\/p>\n<p>\u0110\u1ed1i v\u1edbi c\u00e1c chuy\u00ean gia mu\u1ed1n \u0111\u01b0a ch\u01b0\u01a1ng tr\u00ecnh gi\u1ea3ng d\u1ea1y ACE Interface \u0111\u1ebfn c\u1ed9ng \u0111\u1ed3ng c\u1ee7a h\u1ecd, h\u00e3y n\u1ed9p \u0111\u01a1n <a href=\"#master\">tr\u1edf th\u00e0nh Hu\u1ea5n luy\u1ec7n vi\u00ean\/Ng\u01b0\u1eddi thuy\u1ebft tr\u00ecnh ch\u00ednh c\u1ee7a ACE Interface.<\/a><\/p>\n\t\t\t\t<img loading=\"lazy\" decoding=\"async\" src=\"https:\/\/marylandefc.org\/wp-content\/uploads\/2024\/02\/People-Trained-in-ACEs-by-county.svg\" alt=\"People Trained in Aces by County\" itemprop=\"image\" height=\"422\" width=\"392\" title=\"Ng\u01b0\u1eddi \u0111\u01b0\u1ee3c \u0111\u00e0o t\u1ea1o trong ACE theo qu\u1eadn\" onerror=\"this.style.display='none'\"  \/>\n\t\t\t\t<img loading=\"lazy\" decoding=\"async\" src=\"https:\/\/marylandefc.org\/wp-content\/uploads\/2024\/02\/ACE-Trainer-Pie-Chart.svg\" alt=\"ACE Trainer Pie Chart\" itemprop=\"image\" height=\"435\" width=\"392\" title=\"Bi\u1ec3u \u0111\u1ed3 tr\u00f2n c\u1ee7a ACE Trainer\" onerror=\"this.style.display='none'\"  \/>\n\t<h2>Tr\u1edf th\u00e0nh m\u1ed9t hu\u1ea5n luy\u1ec7n vi\u00ean b\u1eadc th\u1ea7y<\/h2>\n\t<p>As Maryland&#8217;s leader in preventing child abuse, The Shepard Training Institute at The Family Tree provides technical assistance, skills-based learning and evidence-informed training opportunities to caregivers, professionals, nonprofits, community organizations and state agencies that build skills and knowledge about identifying child abuse, reporting child maltreatment, understanding child development and the impact of trauma on family systems.\u00a0<\/p>\n<p>One of The Family Tree&#8217;s core professional development opportunities is the Understanding N.E.A.R. (neurobiology, epigenetics, ACEs, and resilience) Science, ACE Interface Master Train the Trainer event. This two-day professional development opportunity is designed to train highly skilled, well-informed Master Trainers and Presenters on the N.E.A.R. science and its impact on both individual health and community well-being.<\/p>\n<p>Hi\u1ec7n t\u1ea1i, c\u00f3 300 Gi\u1ea3ng vi\u00ean v\u00e0 Ng\u01b0\u1eddi thuy\u1ebft tr\u00ecnh c\u1ee7a ACE Interface Master \u0111\u1ea1i di\u1ec7n cho nhi\u1ec1u l\u0129nh v\u1ef1c c\u00f4ng nghi\u1ec7p kh\u00e1c nhau bao g\u1ed3m c\u00e1c ng\u00e0nh y, lu\u1eadt s\u01b0, nh\u00e2n vi\u00ean x\u00e3 h\u1ed9i, nh\u00e0 gi\u00e1o d\u1ee5c, th\u1ef1c thi ph\u00e1p lu\u1eadt v\u00e0 c\u00e1c chuy\u00ean gia phi l\u1ee3i nhu\u1eadn. <\/p>\n\t\t\t\t<img loading=\"lazy\" decoding=\"async\" src=\"https:\/\/marylandefc.org\/wp-content\/uploads\/2024\/02\/MEC-Icons_v2_websearch.svg\" alt=\"web search icon\" itemprop=\"image\" height=\"300\" width=\"300\" title=\"MEC-Bi\u1ec3u t\u01b0\u1ee3ng_v2_t\u00ecm ki\u1ebfm tr\u00ean web\" onerror=\"this.style.display='none'\"  \/>\n\t\t<h3>\u0110\u0103ng k\u00fd<\/h3><p>\u0111\u1ec3 tr\u1edf th\u00e0nh m\u1ed9t <b>Chuy\u00ean gia \u0111\u00e0o t\u1ea1o v\u00e0 thuy\u1ebft tr\u00ecnh v\u1ec1 giao di\u1ec7n ACE.<\/b><\/p>","protected":false},"excerpt":{"rendered":"<p>INTERFACE BY THE NUMBERS Maryland ACE Interface Training Successes Since 2017, in partnership with The Family Tree, we&#8217;ve had success across the state in bringing this critical information to members of the community across sectors and regions. In 2017 The Family Tree.. in partnership with EFC, brought the ACE Interface Master Trainer Program led by&hellip;<\/p>","protected":false},"author":1,"featured_media":28179,"parent":26571,"menu_order":0,"comment_status":"closed","ping_status":"closed","template":"","meta":{"footnotes":""},"class_list":["post-27733","page","type-page","status-publish","has-post-thumbnail","hentry"],"_links":{"self":[{"href":"https:\/\/marylandefc.org\/vi\/wp-json\/wp\/v2\/pages\/27733","targetHints":{"allow":["GET"]}}],"collection":[{"href":"https:\/\/marylandefc.org\/vi\/wp-json\/wp\/v2\/pages"}],"about":[{"href":"https:\/\/marylandefc.org\/vi\/wp-json\/wp\/v2\/types\/page"}],"author":[{"embeddable":true,"href":"https:\/\/marylandefc.org\/vi\/wp-json\/wp\/v2\/users\/1"}],"replies":[{"embeddable":true,"href":"https:\/\/marylandefc.org\/vi\/wp-json\/wp\/v2\/comments?post=27733"}],"version-history":[{"count":0,"href":"https:\/\/marylandefc.org\/vi\/wp-json\/wp\/v2\/pages\/27733\/revisions"}],"up":[{"embeddable":true,"href":"https:\/\/marylandefc.org\/vi\/wp-json\/wp\/v2\/pages\/26571"}],"wp:featuredmedia":[{"embeddable":true,"href":"https:\/\/marylandefc.org\/vi\/wp-json\/wp\/v2\/media\/28179"}],"wp:attachment":[{"href":"https:\/\/marylandefc.org\/vi\/wp-json\/wp\/v2\/media?parent=27733"}],"curies":[{"name":"wp","href":"https:\/\/api.w.org\/{rel}","templated":true}]}}