{"id":27810,"date":"2024-02-26T00:01:10","date_gmt":"2024-02-26T08:01:10","guid":{"rendered":"https:\/\/marylandefc.org\/?page_id=27810"},"modified":"2026-02-12T15:26:07","modified_gmt":"2026-02-12T23:26:07","slug":"dive-deeper-policy-makers","status":"publish","type":"page","link":"https:\/\/marylandefc.org\/vi\/dive-deeper-policy-makers\/","title":{"rendered":"\u0110i s\u00e2u h\u01a1n | C\u00e1c nh\u00e0 ho\u1ea1ch \u0111\u1ecbnh ch\u00ednh s\u00e1ch"},"content":{"rendered":"<figure itemscope itemtype=\"https:\/\/schema.org\/ImageObject\">\n\t\t\t\t<img decoding=\"async\" src=\"https:\/\/marylandefc.org\/wp-content\/uploads\/2024\/02\/Maryland-statehouse-at-night.jpg\" alt=\"Maryland statehouse at night\" height=\"800\" width=\"1200\" title=\"T\u00f2a nh\u00e0 ti\u1ec3u bang Maryland v\u00e0o ban \u0111\u00eam\" onerror=\"this.style.display='none'\" loading=\"lazy\" \/>\n\t<\/figure>\n\t<h1>\u0110I S\u00c2U H\u01a0N | NH\u00c0 L\u00caN K\u1ebeT CH\u00cdNH S\u00c1CH<\/h1>\n\t<p>EFC understands that developing best practices and policy recommendations for Maryland means collecting and evaluating Maryland data and learning about what&#8217;s happening elsewhere across the country. You can dig deeper by subject matter here.<\/p>\n\t\t<h2>Tu\u1ed5i th\u01a1 ngh\u1ecbch c\u1ea3nh<\/h2><p><b>Ng\u0103n ng\u1eeba nh\u1eefng tr\u1ea3i nghi\u1ec7m ti\u00eau c\u1ef1c th\u1eddi th\u01a1 \u1ea5u (ACE): t\u1eadn d\u1ee5ng b\u1eb1ng ch\u1ee9ng t\u1ed1t nh\u1ea5t hi\u1ec7n c\u00f3<\/b><\/p>\n<p><i>Trung t\u00e2m qu\u1ed1c gia v\u1ec1 ph\u00f2ng ng\u1eeba v\u00e0 ki\u1ec3m so\u00e1t th\u01b0\u01a1ng t\u00edch (Hoa K\u1ef3). Ph\u00e2n ban ph\u00f2ng ng\u1eeba b\u1ea1o l\u1ef1c, 2019<\/i><\/p>\nB\u1ed1 tr\u00ed ra <a href=\"https:\/\/stacks.cdc.gov\/view\/cdc\/82316\" target=\"_blank\" rel=\"noopener\">s\u00e1u l\u0129nh v\u1ef1c ch\u00ednh s\u00e1ch quan tr\u1ecdng<\/a> \u0111\u1ec3 ng\u0103n ng\u1eeba ACE x\u1ea3y ra ngay t\u1eeb \u0111\u1ea7u.<br \/>\n\n<p>&nbsp;<\/p>\n<p><b>L\u1ed9 tr\u00ecnh ph\u1ee5c h\u1ed3i: <\/b><b>The California Surgeon General&#8217;s Report on Adverse Childhood Experiences, Toxic Stress, and Health<\/b><\/p>\n<p><i>California Surgeon General&#8217;s Office<\/i><\/p>\n<p><a href=\"https:\/\/osg.ca.gov\/wp-content\/uploads\/sites\/266\/2022\/05\/Roadmap-For-Resilience_CA-Surgeon-Generals-Report-on-ACEs-Toxic-Stress-and-Health_12092020.pdf\" target=\"_blank\" rel=\"noopener\">B\u00e1o c\u00e1o to\u00e0n di\u1ec7n n\u00e0y<\/a> cung c\u1ea5p nh\u1eefng hi\u1ec3u bi\u1ebft quan tr\u1ecdng cho c\u00e1c nh\u00e0 ho\u1ea1ch \u0111\u1ecbnh ch\u00ednh s\u00e1ch, nh\u00e0 khoa h\u1ecdc, nh\u00e0 cung c\u1ea5p d\u1ecbch v\u1ee5 ch\u0103m s\u00f3c s\u1ee9c kh\u1ecfe, nh\u00e0 gi\u00e1o d\u1ee5c v\u00e0 ng\u01b0\u1eddi \u1ee7ng h\u1ed9, \u0111\u1ed3ng th\u1eddi \u0111\u01b0a ra c\u00e1c gi\u1ea3i ph\u00e1p v\u00e0 ph\u01b0\u01a1ng ph\u00e1p ti\u1ebfp c\u1eadn d\u1ef1a tr\u00ean b\u1eb1ng ch\u1ee9ng \u0111\u1ec3 c\u1ea3i thi\u1ec7n s\u1ee9c kh\u1ecfe v\u00e0 s\u1ef1 an to\u00e0n.<\/p>\n\t\t<h3>Ph\u00e1t tri\u1ec3n tr\u1ebb em<\/h3><p><b>X\u00e2y d\u1ef1ng n\u0103ng l\u1ef1c c\u1ee7a ng\u01b0\u1eddi l\u1edbn \u0111\u1ec3 c\u1ea3i thi\u1ec7n k\u1ebft qu\u1ea3 c\u1ee7a tr\u1ebb em: M\u1ed9t l\u00fd thuy\u1ebft v\u1ec1 s\u1ef1 thay \u0111\u1ed5i<\/b><\/p>\n<p><i>Trung t\u00e2m Harvard v\u1ec1 s\u1ef1 ph\u00e1t tri\u1ec3n c\u1ee7a tr\u1ebb em<\/i><\/p>\n<p><a href=\"https:\/\/www.youtube.com\/watch?v=urU-a_FsS5Y\" target=\"_blank\" rel=\"noopener\">Video 5 ph\u00fat<\/a> depicting a theory of change for achieving breakthrough outcomes for vulnerable children and families. It describes the need to focus on building the capabilities of caregivers and strengthening the communities that together form the environment of relationships essential to children&#8217;s lifelong learning, health, and behavior.<\/p>\n<p>&nbsp;<\/p>\n<p><b>Tr\u1ebb em v\u00e0 ng\u01b0\u1eddi l\u1edbn c\u00f3 th\u1ec3 x\u00e2y d\u1ef1ng n\u0103ng l\u1ef1c c\u1ed1t l\u00f5i cho cu\u1ed9c s\u1ed1ng nh\u01b0 th\u1ebf n\u00e0o<\/b><\/p>\n<p><i>Trung t\u00e2m Harvard v\u1ec1 s\u1ef1 ph\u00e1t tri\u1ec3n c\u1ee7a tr\u1ebb em<\/i><\/p>\n<p><a href=\"https:\/\/www.youtube.com\/watch?v=6NehuwDA45Q&amp;t=0s\" target=\"_blank\" rel=\"noopener\">Video 5 ph\u00fat<\/a> exploring the importance of the development and use of core capabilities &#8211; known as executive function and self-regulation skills &#8211; from early childhood into adolescence and adulthood, so that we build communities that thrive.<\/p>\n\t\t<h3>Th\u1eddi th\u01a1 \u1ea5u<\/h3><p><b>Trang web c\u1ee7a Trung t\u00e2m t\u00e1c \u0111\u1ed9ng ch\u00ednh s\u00e1ch tr\u01b0\u1edbc khi sinh \u0111\u1ebfn 3<\/b><\/p>\n<p><i>Trung t\u00e2m t\u00e1c \u0111\u1ed9ng ch\u00ednh s\u00e1ch tr\u01b0\u1edbc khi sinh \u0111\u1ebfn 3, \u0110\u1ea1i h\u1ecdc Vanderbilt<\/i><\/p>\n<p><a href=\"https:\/\/pn3policy.org\/\" target=\"_blank\" rel=\"noopener\">Trung t\u00e2m t\u00e1c \u0111\u1ed9ng ch\u00ednh s\u00e1ch tr\u01b0\u1edbc khi sinh \u0111\u1ebfn 3<\/a> empowers states with rigorous evidence to implement effective and equitable policies that ensure all children thrive from the start. Based in Vanderbilt University&#8217;s Peabody College, our team of researchers and nonpartisan policy experts work directly with state leaders to achieve their goals for child and parent wellbeing-as well as the health, safety, and prosperity of communities.<\/p>\n<p>Nh\u00ecn th\u1ea5y <a href=\"https:\/\/pn3policy.org\/pn-3-state-policy-roadmap-2023\/md\/,\" target=\"_blank\" rel=\"noopener\">L\u1ed9 tr\u00ecnh ch\u00ednh s\u00e1ch Maryland t\u1eeb tr\u01b0\u1edbc khi sinh \u0111\u1ebfn 3<\/a>, Maryland&#8217;s current landscape of policies.<\/p>\n<p>&nbsp;<\/p>\n<p><b>T\u00f3m t\u1eaft lo\u1ea1t b\u00e0i: T\u00f3m t\u1eaft c\u00e1c ch\u1ee7 \u0111\u1ec1 nghi\u00ean c\u1ee9u v\u1ec1 s\u1ef1 ph\u00e1t tri\u1ec3n c\u1ee7a tr\u1ebb em<\/b><\/p>\n<p><i>Trung t\u00e2m Harvard v\u1ec1 s\u1ef1 ph\u00e1t tri\u1ec3n c\u1ee7a tr\u1ebb em<\/i><\/p>\n<p>Bao g\u1ed3m <a href=\"https:\/\/developingchild.harvard.edu\/inbrief-series\/\" target=\"_blank\" rel=\"noopener\">T\u00f3m t\u1eaft ch\u00ednh s\u00e1ch d\u00e0i 2-3 trang<\/a> v\u1ec1 c\u00e1c kh\u00e1i ni\u1ec7m c\u1ed1t l\u00f5i v\u1ec1 s\u1ef1 ph\u00e1t tri\u1ec3n l\u00e0nh m\u1ea1nh c\u1ee7a tr\u1ebb em, bao g\u1ed3m c\u00e1c khuy\u1ebfn ngh\u1ecb v\u1ec1 ch\u00ednh s\u00e1ch.\u00a0 <\/p>\n\t\t<h3>PACE c\u1ee7a Maryland v\u00e0 D\u1eef li\u1ec7u Y t\u1ebf Kh\u00e1c<\/h3><p><b>MD-IBIS &#8211; Maryland&#8217;s Health Data Resource<\/b><\/p>\n<p><i>S\u1edf Y t\u1ebf Maryland<\/i><\/p>\nMD-IBIS cung c\u1ea5p quy\u1ec1n truy c\u1eadp v\u00e0o d\u1eef li\u1ec7u c\u00f3 th\u1ec3 gi\u00fap \u0111\u01b0a ra c\u00e2u tr\u1ea3 l\u1eddi \u0111\u1ec3 hi\u1ec7n th\u1ef1c h\u00f3a c\u00e1c m\u1ee5c ti\u00eau s\u1ee9c kh\u1ecfe c\u1ee7a Maryland. Nhi\u1ec1u r\u1ee7i ro v\u00e0 k\u1ebft qu\u1ea3 s\u1ee9c kh\u1ecfe c\u00f3 th\u1ec3 \u0111\u01b0\u1ee3c t\u00ecm ki\u1ebfm \u1edf c\u1ea5p ti\u1ec3u bang v\u00e0 \u0111\u1ecba ph\u01b0\u01a1ng.<br \/>\n\n<p><a href=\"https:\/\/ibis.health.maryland.gov\/ibisph-view\/about\/Welcome.html\" target=\"_blank\" rel=\"noopener\">H\u00e3y xem video<\/a> \u0111\u1ec3 t\u00ecm ki\u1ebfm d\u1eef li\u1ec7u cho khu v\u1ef1c ph\u00e1p l\u00fd c\u1ee7a b\u1ea1n.<\/p>\n\n<p><strong>H\u1ec7 th\u1ed1ng gi\u00e1m s\u00e1t y\u1ebfu t\u1ed1 r\u1ee7i ro h\u00e0nh vi Maryland (BRFSS) D\u1eef li\u1ec7u ACE (2015, 2018, 2020)<\/strong><\/p>\n<p><em>S\u1edf Y t\u1ebf Maryland\u00a0<\/em><\/p>\n<p><a href=\"https:\/\/ibis.health.maryland.gov\/ibisph-view\/query\/selection\/brfss\/BRFSSSelection.html\" target=\"_blank\" rel=\"noopener\">Xem<\/a> d\u1eef li\u1ec7u.<\/p>\n<p>&nbsp;<\/p>\n<p><strong>D\u1eef li\u1ec7u PACEs c\u1ee7a Kh\u1ea3o s\u00e1t y\u1ebfu t\u1ed1 nguy c\u01a1 c\u1ee7a thanh thi\u1ebfu ni\u00ean Maryland\/Kh\u1ea3o s\u00e1t thu\u1ed1c l\u00e1 c\u1ee7a thanh thi\u1ebfu ni\u00ean (YRBS\/YTS) (2018-19, 2020-21)<\/strong><\/p>\n<p><em>S\u1edf Y t\u1ebf Maryland\u00a0<\/em><\/p>\n<p><a href=\"https:\/\/health.maryland.gov\/phpa\/ccdpc\/Reports\/Pages\/State-Level-Data%2c-2021-2022.aspx\" target=\"_blank\" rel=\"noopener\">Nh\u00ecn th\u1ea5y<\/a> d\u1eef li\u1ec7u.<\/p>\n<p>&nbsp;<\/p>\n<p><strong>Strong Roots Grow a Strong Nation &#8211; Maryland Fact Sheet 2021<\/strong><\/p>\n<p><i>CAHMI, S\u00e1ng ki\u1ebfn \u0111o l\u01b0\u1eddng s\u1ee9c kh\u1ecfe tr\u1ebb em v\u00e0 thanh thi\u1ebfu ni\u00ean, Tr\u01b0\u1eddng Y t\u1ebf c\u00f4ng c\u1ed9ng Johns Hopkins<\/i><\/p>\n<p><a href=\"https:\/\/www.cahmi.org\/docs\/default-source\/resources\/2021-aces-fact-sheets\/cahmi-state-fact-sheet---md.pdf?sfvrsn=8909459e_4\" target=\"_blank\" rel=\"noopener\">Xem<\/a> D\u1eef li\u1ec7u PACE c\u1ee7a Maryland \u0111\u01b0\u1ee3c thu th\u1eadp t\u1eeb Kh\u1ea3o s\u00e1t s\u1ee9c kh\u1ecfe tr\u1ebb em qu\u1ed1c gia.<\/p>\n<p>&nbsp;<\/p>\n<p><b>Maryland&#8217;s Health Rankings<\/b><\/p>\n<p><i>America&#8217;s Health Rankings, United Health Foundation<\/i><\/p>\n<p>The longest-running state-by-state analysis of the nation&#8217;s health, the platform provides actionable, data-driven insights that stakeholders can use to effect change in Maryland and other states. The <a href=\"https:\/\/www.americashealthrankings.org\/explore\/states\/MD\" target=\"_blank\" rel=\"noopener\">n\u1ec1n t\u1ea3ng<\/a> nh\u1eb1m gi\u00fap c\u00e1c nh\u00e0 ho\u1ea1ch \u0111\u1ecbnh ch\u00ednh s\u00e1ch, l\u00e3nh \u0111\u1ea1o c\u1ed9ng \u0111\u1ed3ng v\u00e0 c\u00e1n b\u1ed9 y t\u1ebf hi\u1ec3u r\u00f5 h\u01a1n v\u1ec1 nh\u1eefng lo ng\u1ea1i c\u1ee5 th\u1ec3 v\u1ec1 s\u1ee9c kh\u1ecfe trong c\u1ed9ng \u0111\u1ed3ng c\u1ee7a h\u1ecd \u0111\u1ec3 t\u1ea5t c\u1ea3 ch\u00fang ta c\u00f3 th\u1ec3 c\u00f9ng nhau gi\u1ea3i quy\u1ebft c\u00e1c th\u00e1ch th\u1ee9c v\u1ec1 s\u1ee9c kh\u1ecfe.<\/p>\n\t\t<h3>D\u1eef li\u1ec7u PACE qu\u1ed1c gia<\/h3><p><b>D\u1ea5u hi\u1ec7u quan tr\u1ecdng c\u1ee7a CDC<\/b><\/p>\n<p><em>Trung t\u00e2m Ki\u1ec3m so\u00e1t v\u00e0 Ph\u00f2ng ng\u1eeba D\u1ecbch b\u1ec7nh<\/em><\/p>\n<p>C\u00e1c <a href=\"https:\/\/www.cdc.gov\/vitalsigns\/aces\/pdf\/vs-1105-aces-H.pdf\" target=\"_blank\" rel=\"noopener\">D\u1ea5u hi\u1ec7u quan tr\u1ecdng c\u1ee7a CDC<\/a> b\u00e1o c\u00e1o \u0111\u1ec1 c\u1eadp \u0111\u1ebfn c\u00e1c m\u1ed1i \u0111e d\u1ecda s\u1ee9c kh\u1ecfe quan tr\u1ecdng, b\u00e1o c\u00e1o n\u00e0y n\u00f3i v\u1ec1 ACE v\u00e0 nh\u1eefng g\u00ec c\u00f3 th\u1ec3 l\u00e0m \u0111\u1ec3 gi\u1ea3m thi\u1ec3u b\u1ec7nh t\u1eadt.<\/p>\n<b><br \/>\nPh\u00e1t tri\u1ec3n trong h\u00e0nh \u0111\u1ed9ng: D\u1eef li\u1ec7u qu\u1ed1c gia, ti\u1ec3u bang v\u00e0 \u0111\u1ecba ph\u01b0\u01a1ng<\/b>\n<p><i>CAMHI, S\u00e1ng ki\u1ebfn \u0110o l\u01b0\u1eddng S\u1ee9c kh\u1ecfe Tr\u1ebb em v\u00e0 Thanh thi\u1ebfu ni\u00ean, Tr\u01b0\u1eddng Y t\u1ebf C\u00f4ng c\u1ed9ng Bloomberg thu\u1ed9c \u0110\u1ea1i h\u1ecdc Johns Hopkins<\/i><\/p>\n<p>So s\u00e1nh t\u1eebng ti\u1ec3u bang\/qu\u1ed1c gia <a href=\"https:\/\/www.cahmi.org\/our-work-in-action\/flourishing-in-action\/data\" target=\"_blank\" rel=\"noopener\">t\u1edd th\u00f4ng tin<\/a> using 2018\/2019 National Survey of Children&#8217;s Health data regarding the prevalence of adverse childhood experiences (ACEs) and key child outcomes such as bullying, school engagement, resilience and flourishing.<\/p>\n\t\t<h3>Nghi\u1ec7n ng\u1eadp<\/h3><p><b>Facing Addiction in America: The Surgeon General&#8217;s Report on Alcohol, Drugs, and Health<\/b><\/p>\n<p><i>V\u0103n ph\u00f2ng T\u1ed5ng Y s\u0129<\/i><\/p>\n<p><a href=\"https:\/\/store.samhsa.gov\/sites\/default\/files\/surgeon-generals-report.pdf\" target=\"_blank\" rel=\"noopener\">L\u1eddi k\u00eau g\u1ecdi h\u00e0nh \u0111\u1ed9ng d\u00e0i 413 trang<\/a> ch\u1ea5m d\u1ee9t cu\u1ed9c kh\u1ee7ng ho\u1ea3ng s\u1ee9c kh\u1ecfe c\u1ed9ng \u0111\u1ed3ng do nghi\u1ec7n ng\u1eadp, bao g\u1ed3m c\u00e1c ph\u00e1t hi\u1ec7n v\u00e0 khuy\u1ebfn ngh\u1ecb quan tr\u1ecdng cho c\u00e1c ch\u00ednh s\u00e1ch v\u00e0 ch\u01b0\u01a1ng tr\u00ecnh d\u1ef1a tr\u00ean b\u1eb1ng ch\u1ee9ng.<\/p>\n\t\t<h3>L\u1ea1m d\u1ee5ng t\u00ecnh d\u1ee5c tr\u1ebb em<\/h3><p><b>Ph\u00f2ng ng\u1eeba c\u00f9ng nhau: K\u1ebf ho\u1ea1ch qu\u1ed1c gia ph\u00f2ng ng\u1eeba l\u1ea1m d\u1ee5ng v\u00e0 b\u00f3c l\u1ed9t t\u00ecnh d\u1ee5c tr\u1ebb em<\/b><\/p>\n<p><i>Li\u00ean minh qu\u1ed1c gia ph\u00f2ng ng\u1eeba l\u1ea1m d\u1ee5ng v\u00e0 b\u00f3c l\u1ed9t t\u00ecnh d\u1ee5c tr\u1ebb em<\/i><\/p>\n<p>Provides a framework &#8211; <a href=\"https:\/\/preventtogether.org\/wp-content\/uploads\/2023\/10\/National-Plan_Oct2023.pdf\" target=\"_blank\" rel=\"noopener\">S\u00e1u tr\u1ee5 c\u1ed9t \u0111\u1ec3 ph\u00f2ng ng\u1eeba l\u1ea1m d\u1ee5ng v\u00e0 b\u00f3c l\u1ed9t t\u00ecnh d\u1ee5c tr\u1ebb em<\/a> &#8211; for effective, comprehensive, and holistic prevention interventions, including policies, to prevent child sexual abuse before it occurs.<\/p>\n<p>&nbsp;<\/p>\n<p><b>Child USA&#8217;s Gold Standard: Policy Recommendations for Preventing Child Sexual Abuse<\/b><\/p>\n<p><i>Tr\u1ebb em Hoa K\u1ef3<\/i><\/p>\n<p><a href=\"https:\/\/childusa.org\/wp-content\/uploads\/2021\/07\/CHILD-USAs-Gold-Standard.pdf\" target=\"_blank\" rel=\"noopener\">H\u01b0\u1edbng d\u1eabn 23 trang<\/a> n\u00eau ra c\u00e1c b\u01b0\u1edbc m\u00e0 c\u00e1c t\u1ed5 ch\u1ee9c ph\u1ee5c v\u1ee5 tr\u1ebb em v\u00e0 thanh thi\u1ebfu ni\u00ean c\u00f3 th\u1ec3 th\u1ef1c hi\u1ec7n \u0111\u1ec3 ng\u0103n ng\u1eeba l\u1ea1m d\u1ee5ng t\u00ecnh d\u1ee5c tr\u1ebb em.<\/p>\n\t\t<h3>Ngh\u00e8o \u0111\u00f3i tr\u1ebb em<\/h3><p><b>The Brain Architects Podcast: A New Lens on Poverty &#8211; Working Towards Fairness of Place in the United States<\/b><\/p>\n<p><em>Trung t\u00e2m Harvard v\u1ec1 s\u1ef1 ph\u00e1t tri\u1ec3n c\u1ee7a tr\u1ebb em<\/em><\/p>\n<p><a href=\"https:\/\/developingchild.harvard.edu\/resources\/the-brain-architects-podcast-a-new-lens-on-poverty\/\" target=\"_blank\" rel=\"noopener\">B\u1ea3n tin<\/a> c\u00f3 cu\u1ed9c th\u1ea3o lu\u1eadn v\u1edbi c\u00e1c \u0111\u1ed3ng t\u00e1c gi\u1ea3 Mona Hanna-Attisha, MD, MPH, FAAP v\u00e0 H. Luke Shaefer, PhD, v\u00e0 cu\u1ed1n s\u00e1ch c\u1ee7a h\u1ecd, <i>S\u1ef1 b\u1ea5t c\u00f4ng c\u1ee7a n\u01a1i ch\u1ed1n: Kh\u00e1m ph\u00e1 di s\u1ea3n c\u1ee7a \u0111\u00f3i ngh\u00e8o \u1edf M\u1ef9<\/i>. N\u00f3 kh\u00e1m ph\u00e1 ch\u01b0\u01a1ng tr\u00ecnh m\u1edbi mang t\u00ednh \u0111\u1ed9t ph\u00e1, <i>Tr\u1ebb em<\/i>, m\u1ed9t n\u1ed7 l\u1ef1c s\u00e1ng t\u1ea1o nh\u1eb1m gi\u1ea3i quy\u1ebft t\u00ecnh tr\u1ea1ng ngh\u00e8o \u0111\u00f3i \u1edf tr\u1ebb em v\u00e0 c\u1ea3i thi\u1ec7n c\u00f4ng b\u1eb1ng v\u1ec1 y t\u1ebf.<\/p>\n\t\t<h3>D\u1ecbch v\u1ee5 can thi\u1ec7p s\u1edbm\/C\u00e1c m\u1ed1c quan tr\u1ecdng<\/h3><p><b>Can thi\u1ec7p s\u1edbm: H\u1ed7 tr\u1ee3 quan tr\u1ecdng cho tr\u1ebb s\u01a1 sinh, tr\u1ebb m\u1edbi bi\u1ebft \u0111i v\u00e0 gia \u0111\u00ecnh<\/b><\/p>\n<p><i>CLASP v\u00e0 Zero to Three<\/i><\/p>\n<p><a href=\"https:\/\/www.clasp.org\/wp-content\/uploads\/2022\/01\/2017_EarlyInterventionACriticalSupport.pdf\" target=\"_blank\" rel=\"noopener\">T\u00f3m t\u1eaft ch\u00ednh s\u00e1ch 4 trang<\/a> v\u1ec1 t\u1ea7m quan tr\u1ecdng c\u1ee7a vi\u1ec7c can thi\u1ec7p s\u1edbm v\u00e0 nh\u1eefng kho\u1ea3ng tr\u1ed1ng trong ch\u00ednh s\u00e1ch c\u1ee7a ti\u1ec3u bang v\u00e0 li\u00ean bang.<\/p>\n\t\t<h3>Di truy\u1ec1n h\u1ecdc bi\u1ec3u sinh<\/h3><p><b>Di truy\u1ec1n h\u1ecdc bi\u1ec3u sinh l\u00e0 g\u00ec? V\u00e0 n\u00f3 li\u00ean quan th\u1ebf n\u00e0o \u0111\u1ebfn s\u1ef1 ph\u00e1t tri\u1ec3n c\u1ee7a tr\u1ebb em?<\/b><\/p>\n<p><i>Trung t\u00e2m Harvard v\u1ec1 s\u1ef1 ph\u00e1t tri\u1ec3n c\u1ee7a tr\u1ebb em<\/i><\/p>\n<p><a href=\"https:\/\/drive.google.com\/file\/d\/16H-LghnJUNp9PMOe78wajhQ-kooePuQt\/view\" target=\"_blank\" rel=\"noopener\">\u0110\u1ed3 h\u1ecda th\u00f4ng tin<\/a> gi\u1ea3i th\u00edch khoa h\u1ecdc bi\u1ec3u sinh v\u00e0 \u00fd ngh\u0129a ch\u00ednh s\u00e1ch nh\u1eb1m c\u1ea3i thi\u1ec7n k\u1ebft qu\u1ea3 cho tr\u1ebb em v\u00e0 x\u00e3 h\u1ed9i.<\/p>\n<p>&nbsp;<\/p>\n<p><b>Di truy\u1ec1n h\u1ecdc bi\u1ec3u sinh: T\u1ea1i sao s\u1ef1 di truy\u1ec1n l\u1ea1i k\u1ef3 l\u1ea1 h\u01a1n ch\u00fang ta ngh\u0129<\/b><\/p>\n<p><i>Tr\u00e1i \u0110\u1ea5t Ph\u00fat<\/i><\/p>\n<p><a href=\"https:\/\/www.youtube.com\/watch?v=AvB0q3mg4sQ\" target=\"_blank\" rel=\"noopener\">Video 3 ph\u00fat<\/a> v\u1ec1 bi\u1ec3u sinh h\u1ecdc v\u00e0 t\u00e1c \u0111\u1ed9ng c\u1ee7a n\u00f3 t\u1edbi h\u00e0nh vi con ng\u01b0\u1eddi.<\/p>\n\t\t<h3>S\u1ef1 c\u00f4 \u0111\u01a1n v\u00e0 c\u00f4 l\u1eadp<\/h3><p><b>Our Epidemic of Loneliness &amp; Isolation: The Surgeon General&#8217;s Advisory on the Healing Effects of Social Connection and Community, 2023<\/b><\/p>\n<p><i>V\u0103n ph\u00f2ng T\u1ed5ng Y s\u0129<\/i><\/p>\n<p><a href=\"https:\/\/www.hhs.gov\/sites\/default\/files\/surgeon-general-social-connection-advisory.pdf\" target=\"_blank\" rel=\"noopener\">82-page Surgeon General&#8217;s Advisory<\/a> that calls the American people&#8217;s attention to an urgent public health of loneliness and isolation and provides recommendations for how it should be addressed.<\/p>\n\t\t<h3>Ch\u1ee7 ngh\u0129a ph\u00e2n bi\u1ec7t ch\u1ee7ng t\u1ed9c<\/h3><p><b>Understanding Racism&#8217;s Impact on Child Development<\/b><\/p>\n<p><em>Trung t\u00e2m Harvard v\u1ec1 s\u1ef1 ph\u00e1t tri\u1ec3n c\u1ee7a tr\u1ebb em\u00a0\u00a0<\/em><\/p>\n<p>Experts across various fields share their latest research and potential solutions to promote healthy child development and dismantle systemic racism; exploring how racism gets &#8220;under the skin&#8221; to impact children&#8217;s development as well as contributes to unequal access to opportunity. <a href=\"https:\/\/developingchild.harvard.edu\/resources\/understanding-racisms-impact-on-child-development\/\" target=\"_blank\" rel=\"noopener\">Xem video<\/a>.<\/p>\n<b><br \/>\nKhoa h\u1ecdc ph\u00e1t tri\u1ec3n c\u00f3 th\u1ec3 gi\u00fap ch\u00fang ta gi\u1ea3i quy\u1ebft b\u1ea5t b\u00ecnh \u0111\u1eb3ng trong th\u1eddi k\u1ef3 v\u1ecb th\u00e0nh ni\u00ean nh\u01b0 th\u1ebf n\u00e0o<\/b>\n<p><i>Trung t\u00e2m UCLA cho thanh thi\u1ebfu ni\u00ean \u0111ang ph\u00e1t tri\u1ec3n<\/i><\/p>\n<p><a href=\"https:\/\/developingadolescent.semel.ucla.edu\/assets\/uploads\/research\/resources\/Equity_brief_Nov20_%28updated_11421_by_KI%29.pdf\" target=\"_blank\" rel=\"noopener\">Ch\u00ednh s\u00e1ch 4 trang<\/a> brief that examines how principles of developmental science could play a part in creating more equity in outcomes for all adolescents.<\/p>\n<b><br \/>\nKhoa h\u1ecdc ph\u00e1t tri\u1ec3n c\u00f3 th\u1ec3 gi\u00fap gi\u1ea3i quy\u1ebft v\u1ea5n \u0111\u1ec1 ph\u00e2n bi\u1ec7t ch\u1ee7ng t\u1ed9c ch\u1ed1ng ng\u01b0\u1eddi da \u0111en trong giai \u0111o\u1ea1n v\u1ecb th\u00e0nh ni\u00ean nh\u01b0 th\u1ebf n\u00e0o<\/b>\u00a0\n<p><i>Trung t\u00e2m UCLA cho thanh thi\u1ebfu ni\u00ean \u0111ang ph\u00e1t tri\u1ec3n<\/i><\/p>\n<p><a href=\"https:\/\/developingadolescent.semel.ucla.edu\/assets\/uploads\/research\/resources\/Anti-racism_brief_Sep21.pdf\" target=\"_blank\" rel=\"noopener\">T\u00f3m t\u1eaft 7 trang<\/a> v\u1ec1 c\u00e1ch khoa h\u1ecdc ph\u00e1t tri\u1ec3n c\u00f3 th\u1ec3 h\u1ed7 tr\u1ee3 c\u00e1c gi\u1ea3i ph\u00e1p gi\u1ea3i quy\u1ebft b\u1ea5t c\u00f4ng v\u00e0 th\u00e1ch th\u1ee9c li\u00ean quan \u0111\u1ebfn ch\u1ee7ng t\u1ed9c m\u00e0 thanh thi\u1ebfu ni\u00ean da \u0111en ph\u1ea3i \u0111\u1ed1i m\u1eb7t.<\/p>\n<b><br \/>\nCh\u1ed1ng ph\u00e2n bi\u1ec7t ch\u1ee7ng t\u1ed9c c\u00f3 ngh\u0129a l\u00e0 g\u00ec?<\/b>\n<p><i>Tr\u00ean Ti\u1ebfng \u1ed2n<\/i><\/p>\n<p><a href=\"https:\/\/mpt.pbslearningmedia.org\/resource\/what-does-it-mean-to-be-anti-racist-video\/above-the-noise\/\" target=\"_blank\" rel=\"noopener\">Video d\u00e0i 10 ph\u00fat<\/a> v\u1ec1 \u00fd ngh\u0129a c\u1ee7a vi\u1ec7c ch\u1ed1ng ph\u00e2n bi\u1ec7t ch\u1ee7ng t\u1ed9c v\u00e0 t\u1ea1i sao \u0111i\u1ec1u \u0111\u00f3 l\u1ea1i quan tr\u1ecdng.<\/p>\n\t\t<h3>Youth Depression &#038; Suicide<\/h3><p><b>Nh\u1eefng ng\u01b0\u1eddi tr\u1ebb \u0111ang trong kh\u1ee7ng ho\u1ea3ng c\u1ea7n g\u00ec t\u1eeb c\u1ed9ng \u0111\u1ed3ng c\u1ee7a h\u1ecd?<\/b><\/p>\n<p><i>D\u00f2ng v\u0103n b\u1ea3n kh\u1ee7ng ho\u1ea3ng<\/i><\/p>\n<p><a href=\"https:\/\/www.crisistextline.org\/wp-content\/uploads\/2024\/02\/community-resilience-report.pdf\" target=\"_blank\" rel=\"noopener\">\u0110\u1ecdc b\u00e1o c\u00e1o n\u00e0y<\/a> v\u1ec1 c\u00e1c gi\u1ea3i ph\u00e1p cho n\u1ea1n tr\u1ea7m c\u1ea3m v\u00e0 t\u1ef1 t\u1eed \u1edf thanh thi\u1ebfu ni\u00ean t\u1ea1i Hoa K\u1ef3.<\/p>\n\t<h3>M\u1ee5c l\u1ee5c<\/h3>\n<ul>\n<li><a href=\"#childhood-adversity\">Tu\u1ed5i th\u01a1 ngh\u1ecbch c\u1ea3nh<\/a><\/li>\n<li><a href=\"#childhood-development\">Ph\u00e1t tri\u1ec3n th\u1eddi th\u01a1 \u1ea5u<\/a><\/li>\n<li><a href=\"#early-childhood\">Th\u1eddi th\u01a1 \u1ea5u<\/a><\/li>\n<li><a href=\"#paces-health-data\">PACE c\u1ee7a Maryland v\u00e0 D\u1eef li\u1ec7u Y t\u1ebf kh\u00e1c<\/a><\/li>\n<li><a href=\"#national-paces-data\">D\u1eef li\u1ec7u PACE qu\u1ed1c gia<\/a><\/li>\n<li><a href=\"#addiction\">Nghi\u1ec7n ng\u1eadp<\/a><\/li>\n<li><a href=\"#child-sexual-abuse\">L\u1ea1m d\u1ee5ng t\u00ecnh d\u1ee5c tr\u1ebb em<\/a><\/li>\n<li><a href=\"#child-poverty\">Ngh\u00e8o \u0111\u00f3i tr\u1ebb em<\/a><\/li>\n<li><a href=\"#intervention\">S\u1ef1 can thi\u1ec7p<\/a><\/li>\n<li><a href=\"#epigenetics\">Di truy\u1ec1n h\u1ecdc bi\u1ec3u sinh<\/a><\/li>\n<li><a href=\"#loneliness\">S\u1ef1 c\u00f4 \u0111\u01a1n v\u00e0 c\u00f4 l\u1eadp<\/a><\/li>\n<li><a href=\"#racism\">Ch\u1ee7 ngh\u0129a ph\u00e2n bi\u1ec7t ch\u1ee7ng t\u1ed9c<\/a><\/li>\n<li><a href=\"#youth-depression\">Tr\u1ea7m c\u1ea3m \u1edf tu\u1ed5i tr\u1ebb<\/a><\/li>\n<\/ul>","protected":false},"excerpt":{"rendered":"<p>DIVE DEEPER | POLICY MAKERS EFC understands that developing best practices and policy recommendations for Maryland means collecting and evaluating Maryland data and learning about what&#8217;s happening elsewhere across the country. You can dig deeper by subject matter here. Childhood Adversity Preventing adverse childhood experiences (ACEs): leveraging the best available evidence National Center for Injury&hellip;<\/p>","protected":false},"author":1,"featured_media":28022,"parent":0,"menu_order":0,"comment_status":"closed","ping_status":"closed","template":"","meta":{"footnotes":""},"class_list":["post-27810","page","type-page","status-publish","has-post-thumbnail","hentry"],"_links":{"self":[{"href":"https:\/\/marylandefc.org\/vi\/wp-json\/wp\/v2\/pages\/27810","targetHints":{"allow":["GET"]}}],"collection":[{"href":"https:\/\/marylandefc.org\/vi\/wp-json\/wp\/v2\/pages"}],"about":[{"href":"https:\/\/marylandefc.org\/vi\/wp-json\/wp\/v2\/types\/page"}],"author":[{"embeddable":true,"href":"https:\/\/marylandefc.org\/vi\/wp-json\/wp\/v2\/users\/1"}],"replies":[{"embeddable":true,"href":"https:\/\/marylandefc.org\/vi\/wp-json\/wp\/v2\/comments?post=27810"}],"version-history":[{"count":0,"href":"https:\/\/marylandefc.org\/vi\/wp-json\/wp\/v2\/pages\/27810\/revisions"}],"wp:featuredmedia":[{"embeddable":true,"href":"https:\/\/marylandefc.org\/vi\/wp-json\/wp\/v2\/media\/28022"}],"wp:attachment":[{"href":"https:\/\/marylandefc.org\/vi\/wp-json\/wp\/v2\/media?parent=27810"}],"curies":[{"name":"wp","href":"https:\/\/api.w.org\/{rel}","templated":true}]}}