{"id":27820,"date":"2024-02-26T00:12:24","date_gmt":"2024-02-26T08:12:24","guid":{"rendered":"https:\/\/marylandefc.org\/?page_id=27820"},"modified":"2026-02-13T17:22:59","modified_gmt":"2026-02-14T01:22:59","slug":"dive-deeper","status":"publish","type":"page","link":"https:\/\/marylandefc.org\/vi\/dive-deeper\/","title":{"rendered":"L\u1eb7n s\u00e2u h\u01a1n"},"content":{"rendered":"<figure itemscope itemtype=\"https:\/\/schema.org\/ImageObject\">\n\t\t\t\t<img decoding=\"async\" src=\"https:\/\/marylandefc.org\/wp-content\/uploads\/2024\/02\/illustration-of-books-tools-and-resources-to-dig-deeper.jpg\" alt=\"illustration of books, tools, and resources to dig deeper\" height=\"800\" width=\"1200\" title=\"minh h\u1ecda v\u1ec1 s\u00e1ch, c\u00f4ng c\u1ee5 v\u00e0 t\u00e0i nguy\u00ean \u0111\u1ec3 \u0111\u00e0o s\u00e2u h\u01a1n\" onerror=\"this.style.display='none'\" loading=\"lazy\" \/>\n\t<\/figure>\n\t<h1>L\u1eb7n s\u00e2u h\u01a1n v\u1edbi c\u00e1c ngu\u1ed3n b\u1ed5 sung n\u00e0y<\/h1>\n<p>We&#8217;ve gathered resources from leading experts on brain science, ACEs and parenting. These are additional resources from the ones already found throughout the site, specifically in the <a href=\"https:\/\/marylandefc.org\/vi\/grownups\/\">B\u1ed9 c\u00f4ng c\u1ee5 x\u00e2y d\u1ef1ng n\u00e3o b\u1ed9<\/a> n\u01a1i ch\u00fang t\u00f4i gi\u1edbi thi\u1ec7u nhi\u1ec1u kh\u00e1i ni\u1ec7m c\u01a1 b\u1ea3n v\u1ec1 ph\u00e1t tri\u1ec3n n\u00e3o b\u1ed9 cho s\u1ef1 ph\u00e1t tri\u1ec3n l\u00e0nh m\u1ea1nh c\u1ee7a tr\u1ebb em.<\/p>\n\t\t<figure itemscope itemtype=\"https:\/\/schema.org\/ImageObject\">\n\t\t\t\t<a href=\"\/vi\/dive-deeper-policy-makers\/\"  target=\"_self\" itemprop=\"url\">\n\t\t\t\t<img decoding=\"async\" src=\"https:\/\/marylandefc.org\/wp-content\/uploads\/2024\/01\/MEC-Icons_idea.svg\" alt=\"Light bulb icon for information\" height=\"300\" width=\"300\" title=\"\u00dd t\u01b0\u1edfng bi\u1ec3u t\u01b0\u1ee3ng MEC\" onerror=\"this.style.display='none'\" loading=\"lazy\" \/>\n\t\t\t\t<\/a>\n\t<\/figure>\n<h2><a href=\"\/vi\/dive-deeper-policy-makers\/\" target=\"_self\">C\u00e1c nh\u00e0 ho\u1ea1ch \u0111\u1ecbnh ch\u00ednh s\u00e1ch<\/a><\/h2>\n\t\t\t<a href=\"\/vi\/dive-deeper-policy-makers\/\"  target=\"_self\">\n\t\t\t\t\t\t\tT\u00ecm hi\u1ec3u th\u00eam\n\t\t\t\t\t<\/a>\n\t\t<figure itemscope itemtype=\"https:\/\/schema.org\/ImageObject\">\n\t\t\t\t<a href=\"\/vi\/dive-deeper-partners\/\"  target=\"_self\" itemprop=\"url\">\n\t\t\t\t<img decoding=\"async\" src=\"https:\/\/marylandefc.org\/wp-content\/uploads\/2024\/01\/MEC-Icons_book.svg\" alt=\"Book icon\" height=\"300\" width=\"300\" title=\"S\u00e1ch bi\u1ec3u t\u01b0\u1ee3ng MEC\" onerror=\"this.style.display='none'\" loading=\"lazy\" \/>\n\t\t\t\t<\/a>\n\t<\/figure>\n<h2><a href=\"\/vi\/dive-deeper-partners\/\" target=\"_self\">\u0110\u1ed1i t\u00e1c<\/a><\/h2>\n\t\t\t<a href=\"\/vi\/dive-deeper-partners\/\"  target=\"_self\">\n\t\t\t\t\t\t\tT\u00ecm hi\u1ec3u th\u00eam\n\t\t\t\t\t<\/a>\n\t\t<figure itemscope itemtype=\"https:\/\/schema.org\/ImageObject\">\n\t\t\t\t<a href=\"\/vi\/dive-deeper-grown-ups\/\"  target=\"_self\" itemprop=\"url\">\n\t\t\t\t<img decoding=\"async\" src=\"https:\/\/marylandefc.org\/wp-content\/uploads\/2024\/01\/MEC-Icons_websearch.svg\" alt=\"Web search icon\" height=\"300\" width=\"300\" title=\"MEC-Bi\u1ec3u t\u01b0\u1ee3ng_t\u00ecm ki\u1ebfm tr\u00ean web\" onerror=\"this.style.display='none'\" loading=\"lazy\" \/>\n\t\t\t\t<\/a>\n\t<\/figure>\n<h2><a href=\"\/vi\/dive-deeper-grown-ups\/\" target=\"_self\">Ng\u01b0\u1eddi l\u1edbn<\/a><\/h2>\n\t\t\t<a href=\"\/vi\/dive-deeper-grown-ups\/\"  target=\"_self\">\n\t\t\t\t\t\t\tT\u00ecm hi\u1ec3u th\u00eam\n\t\t\t\t\t<\/a>","protected":false},"excerpt":{"rendered":"<p>Dive Deeper With These Additional Resources We&#8217;ve gathered resources from leading experts on brain science, ACEs and parenting. These are additional resources from the ones already found throughout the site, specifically in the Brain-Building Toolkit where we introduce many of the foundational brain-building concepts for healthy development of children. Policy Makers Learn More Partners Learn&hellip;<\/p>","protected":false},"author":1,"featured_media":27630,"parent":0,"menu_order":0,"comment_status":"closed","ping_status":"closed","template":"","meta":{"footnotes":""},"class_list":["post-27820","page","type-page","status-publish","has-post-thumbnail","hentry"],"_links":{"self":[{"href":"https:\/\/marylandefc.org\/vi\/wp-json\/wp\/v2\/pages\/27820","targetHints":{"allow":["GET"]}}],"collection":[{"href":"https:\/\/marylandefc.org\/vi\/wp-json\/wp\/v2\/pages"}],"about":[{"href":"https:\/\/marylandefc.org\/vi\/wp-json\/wp\/v2\/types\/page"}],"author":[{"embeddable":true,"href":"https:\/\/marylandefc.org\/vi\/wp-json\/wp\/v2\/users\/1"}],"replies":[{"embeddable":true,"href":"https:\/\/marylandefc.org\/vi\/wp-json\/wp\/v2\/comments?post=27820"}],"version-history":[{"count":0,"href":"https:\/\/marylandefc.org\/vi\/wp-json\/wp\/v2\/pages\/27820\/revisions"}],"wp:featuredmedia":[{"embeddable":true,"href":"https:\/\/marylandefc.org\/vi\/wp-json\/wp\/v2\/media\/27630"}],"wp:attachment":[{"href":"https:\/\/marylandefc.org\/vi\/wp-json\/wp\/v2\/media?parent=27820"}],"curies":[{"name":"wp","href":"https:\/\/api.w.org\/{rel}","templated":true}]}}