{"id":28008,"date":"2024-02-29T08:25:39","date_gmt":"2024-02-29T16:25:39","guid":{"rendered":"https:\/\/marylandefc.org\/?page_id=28008"},"modified":"2025-06-16T11:08:43","modified_gmt":"2025-06-16T18:08:43","slug":"hotlines","status":"publish","type":"page","link":"https:\/\/marylandefc.org\/vi\/grownups\/hotlines\/","title":{"rendered":"\u0110\u01b0\u1eddng d\u00e2y tr\u1ee3 gi\u00fap &amp; \u0110\u01b0\u1eddng d\u00e2y n\u00f3ng"},"content":{"rendered":"<img decoding=\"async\" src=\"https:\/\/marylandefc.org\/wp-content\/uploads\/2024\/02\/Mother-on-the-phone-talking-to-a-hotline-for-help.jpg\" alt=\"Mother on the phone talking to a hotline for help\" itemprop=\"image\" height=\"800\" width=\"1200\" title=\"Ng\u01b0\u1eddi m\u1eb9 \u0111ang g\u1ecdi \u0111i\u1ec7n \u0111\u1ebfn \u0111\u01b0\u1eddng d\u00e2y n\u00f3ng \u0111\u1ec3 nh\u1edd gi\u00fap \u0111\u1ee1\" onerror=\"this.style.display='none'\" loading='lazy' \/>\n\t<h1>\u0110\u01af\u1edcNG D\u00c2Y TR\u1ee2 GI\u00daP<\/h1>\n\t<h2>K\u1ebft n\u1ed1i v\u1edbi b\u1ed9 ph\u1eadn h\u1ed7 tr\u1ee3<\/h2>\n<p>H\u00e3y tham kh\u1ea3o danh s\u00e1ch \u0111\u01b0\u1eddng d\u00e2y tr\u1ee3 gi\u00fap v\u00e0 th\u00f4ng tin b\u00ean d\u01b0\u1edbi khi c\u1ea7n thi\u1ebft.<\/p>\n\t\t\t<a href=\"#helplines\" target=\"_self\">\n\t\t\t\t\t\t\u0110\u01b0\u1eddng d\u00e2y tr\u1ee3 gi\u00fap \/ Gi\u1edbi thi\u1ec7u\n\t\t\t\t\t<\/a>\n\t<h2>\u0110\u01b0\u1eddng d\u00e2y tr\u1ee3 gi\u00fap v\u00e0 gi\u1edbi thi\u1ec7u<\/h2>\n<p>&nbsp;<\/p>\n<ul>\n<li><strong>Information and Referral Services (Health\/Human Services) &#8211; <\/strong>Quay s\u1ed1 211<\/li>\n<li><strong>Suicide &amp; Crisis Lifeline &#8211; <\/strong>G\u1ecdi 9-8-8<\/li>\n<li><strong>Maryland Parenting Helpline &#8211; <\/strong>1-800-243-7337<\/li>\n<li><strong>\u0110\u01b0\u1eddng d\u00e2y n\u00f3ng s\u1ee9c kh\u1ecfe t\u00e2m th\u1ea7n qu\u1ed1c gia d\u00e0nh cho b\u00e0 m\u1eb9 <\/strong>&#8211; 1-800-TLC-MAMA (1-833-852-6262)<\/li>\n<li><strong>National Women&#8217;s Health and Breastfeeding Helpline<\/strong> &#8211; 1-800-994-9662<\/li>\n<li><strong>\u0110\u1ecaA \u0110I\u1ec2M Ch\u0103m s\u00f3c tr\u1ebb em<\/strong> &#8211; 877-261-0060<\/li>\n<li><strong>\u0110\u01b0\u1eddng d\u00e2y n\u00f3ng qu\u1ed1c gia v\u1ec1 b\u1ea1o l\u1ef1c gia \u0111\u00ecnh<\/strong> &#8211; 1-800-799-7233*<\/li>\n<li><strong>\u0110\u01b0\u1eddng d\u00e2y tr\u1ee3 gi\u00fap LGBTQ (D\u1ef1 \u00e1n Trevor)<\/strong> &#8211; 1-866-488-7386<\/li>\n<li><strong>\u0110\u01b0\u1eddng d\u00e2y n\u00f3ng v\u1ec1 l\u1ea1m d\u1ee5ng tr\u1ebb em<\/strong> &#8211; 1-800-91Prevent (1-800-917-7383)<\/li>\n<li><strong>National Human Trafficking Hotline &#8211;<\/strong> 1-888-373-7888<\/li>\n<li><strong>M\u1ea1ng l\u01b0\u1edbi qu\u1ed1c gia v\u1ec1 l\u1ea1m d\u1ee5ng hi\u1ebfp d\u00e2m v\u00e0 lo\u1ea1n lu\u00e2n\/ \u0110\u01b0\u1eddng d\u00e2y n\u00f3ng qu\u1ed1c gia v\u1ec1 t\u1ea5n c\u00f4ng t\u00ecnh d\u1ee5c<\/strong> &#8211; 1-800-656-HOPE (4673)<\/li>\n<li><strong>SAMHSA Helpline (Substance Abuse &amp; Mental Health) &#8211;<\/strong> 1-800-662-TR\u1ee2 GI\u00daP (4357)<\/li>\n<li><strong>\u0110\u01b0\u1eddng d\u00e2y tr\u1ee3 gi\u00fap nghi\u1ec7n c\u1edd b\u1ea1c<\/strong> &#8211; 1-800-GAMBLER<\/li>\n<li><strong>Trung t\u00e2m ch\u1ed1ng \u0111\u1ed9c Maryland<\/strong> &#8211; 1-800-222-1222<\/li>\n<li><strong>Ph\u00f2ng ng\u1eeba ng\u1ed9 \u0111\u1ed9c ch\u00ec<\/strong> &#8211; 410-537-3825 or 1-800-633-6101, Ext. 3825\u200b\u200b\u200b\u200b\u200b<\/li>\n<\/ul>","protected":false},"excerpt":{"rendered":"<p>HELPLINES Get Connected To Support Refer to our list of helplines and information below in times of need. Helplines \/ Referrals Helplines and Referrals &nbsp; Information and Referral Services (Health\/Human Services) &#8211; Dial 211 Suicide &amp; Crisis Lifeline &#8211; Call 9-8-8 Maryland Parenting Helpline &#8211; 1-800-243-7337 National Maternal Mental Health Hotline &#8211; 1-800-TLC-MAMA (1-833-852-6262) National&hellip;<\/p>","protected":false},"author":2,"featured_media":28011,"parent":26895,"menu_order":0,"comment_status":"closed","ping_status":"closed","template":"","meta":{"footnotes":""},"class_list":["post-28008","page","type-page","status-publish","has-post-thumbnail","hentry"],"_links":{"self":[{"href":"https:\/\/marylandefc.org\/vi\/wp-json\/wp\/v2\/pages\/28008","targetHints":{"allow":["GET"]}}],"collection":[{"href":"https:\/\/marylandefc.org\/vi\/wp-json\/wp\/v2\/pages"}],"about":[{"href":"https:\/\/marylandefc.org\/vi\/wp-json\/wp\/v2\/types\/page"}],"author":[{"embeddable":true,"href":"https:\/\/marylandefc.org\/vi\/wp-json\/wp\/v2\/users\/2"}],"replies":[{"embeddable":true,"href":"https:\/\/marylandefc.org\/vi\/wp-json\/wp\/v2\/comments?post=28008"}],"version-history":[{"count":0,"href":"https:\/\/marylandefc.org\/vi\/wp-json\/wp\/v2\/pages\/28008\/revisions"}],"up":[{"embeddable":true,"href":"https:\/\/marylandefc.org\/vi\/wp-json\/wp\/v2\/pages\/26895"}],"wp:featuredmedia":[{"embeddable":true,"href":"https:\/\/marylandefc.org\/vi\/wp-json\/wp\/v2\/media\/28011"}],"wp:attachment":[{"href":"https:\/\/marylandefc.org\/vi\/wp-json\/wp\/v2\/media?parent=28008"}],"curies":[{"name":"wp","href":"https:\/\/api.w.org\/{rel}","templated":true}]}}