{"id":28336,"date":"2025-04-28T12:10:24","date_gmt":"2025-04-28T19:10:24","guid":{"rendered":"https:\/\/marylandefc.org\/?page_id=28336"},"modified":"2026-03-31T12:39:48","modified_gmt":"2026-03-31T19:39:48","slug":"vroom","status":"publish","type":"page","link":"https:\/\/marylandefc.org\/vi\/vroom\/","title":{"rendered":"Ng\u01b0\u1eddi l\u1edbn Maryland: Nh\u1eadn Vroom Tips\u2122 v\u00e0 tr\u1edf th\u00e0nh ng\u01b0\u1eddi x\u00e2y d\u1ef1ng tr\u00ed n\u00e3o"},"content":{"rendered":"<figure itemscope itemtype=\"https:\/\/schema.org\/ImageObject\">\n\t\t\t\t<img decoding=\"async\" src=\"https:\/\/marylandefc.org\/wp-content\/uploads\/2025\/04\/Grandfather-blowing-bubbles-with-grandaughter.jpg\" alt=\"Grandfather blowing bubbles with grandaughter\" height=\"800\" width=\"1200\" title=\"\u00d4ng n\u1ed9i th\u1ed5i bong b\u00f3ng c\u00f9ng ch\u00e1u g\u00e1i\" onerror=\"this.style.display='none'\" loading=\"lazy\" \/>\n\t<\/figure>\n\t<h2>H\u00e3y l\u00e0 ng\u01b0\u1eddi ph\u00e1t tri\u1ec3n tr\u00ed n\u00e3o!<\/h2>\n<p>You have what it takes to help your child thrive! Make little changes with your everyday interactions and make a big difference in a child&#8217;s life.<\/p>\n<p>Be a brain builder and add learning during mealtime, playtime, bathtime, and bedtime. Any moment can be a moment you connect with a child &#8211; even waiting in line! We&#8217;ve collaborated with Vroom to connect parents to these easy and fun tips.<\/p>\n<p>Nh\u1eadn Vroom Tips\u2122 mi\u1ec5n ph\u00ed.<\/p>\n\t\t\t<a href=\"https:\/\/app.vroom.org\/?lng=en\" target=\"_blank\" rel=\"noopener\">\n\t\t\t\t\t\t\tNh\u1eadn Vroom\n\t\t\t\t\t<\/a>\n<figure itemscope itemtype=\"https:\/\/schema.org\/ImageObject\">\n\t\t\t\t<img decoding=\"async\" src=\"https:\/\/marylandefc.org\/wp-content\/uploads\/2024\/02\/BrainArchitecture_EFC_icon.svg\" alt=\"Brain Architecture icons with brain and scaffolding\" height=\"376\" width=\"376\" title=\"Bi\u1ec3u t\u01b0\u1ee3ng BrainArchitecture_EFC\" onerror=\"this.style.display='none'\" loading=\"lazy\" \/>\n\t<\/figure>\n\t\t<h2>Vroom \u1edf Maryland<\/h2><p>Vroom Tips\u2122 make brain science simple. Three core principles guide the tips, and they&#8217;re the same ones that guide the science behind our <a href=\"https:\/\/marylandefc.org\/vi\/grownups\/\">B\u1ed9 c\u00f4ng c\u1ee5 x\u00e2y d\u1ef1ng n\u00e3o b\u1ed9<\/a>. That&#8217;s why Maryland Essentials for Childhood collaborated with Vroom to bring these resources to Maryland.<\/p>\n<p>Ba nguy\u00ean t\u1eafc c\u1ed1t l\u00f5i l\u00e0:<\/p>\n<ol>\n<li>M\u1ed1i quan h\u1ec7 t\u00edch c\u1ef1c gi\u1eefa ng\u01b0\u1eddi l\u1edbn v\u00e0 tr\u1ebb em<\/li>\n<li>Back and Forth Interaction &#8211; what we like to call &#8220;serve and return&#8221;<\/li>\n<li>K\u1ef9 n\u0103ng s\u1ed1ng th\u00fac \u0111\u1ea9y ch\u1ee9c n\u0103ng \u0111i\u1ec1u h\u00e0nh<\/li>\n<\/ol>\n<p>T\u1ea5t c\u1ea3 ch\u00fang ta \u0111\u1ec1u c\u00f3 th\u1ec3 gi\u00fap tr\u1ebb em ph\u00e1t tri\u1ec3n, t\u1eebng kho\u1ea3nh kh\u1eafc, t\u1eebng k\u1ebft n\u1ed1i m\u1ed9t!<\/p>\n<h3>Ph\u00e1t tri\u1ec3n tr\u00ed n\u00e3o cho c\u00e1c b\u1eadc cha m\u1eb9 t\u01b0\u01a1ng lai<\/h3>\n<p>Vroom now has new tools for expecting parents. Whether it&#8217;s your first time or you have other children, boost your confidence, connection, and calm even before the baby arrives. Start building parenting skills before the baby even arrives.<\/p>\n<p>&nbsp;<\/p>\n<h2>\n\t\t\tC\u00e1ch s\u1eed d\u1ee5ng Vroom\t<\/h2>\n\t\t<figure itemscope itemtype=\"https:\/\/schema.org\/ImageObject\">\n\t\t\t\t<a href=\"\/vi\/get-involved\/ace-science\/\"  target=\"_self\" itemprop=\"url\">\n\t\t\t\t<img decoding=\"async\" src=\"https:\/\/marylandefc.org\/wp-content\/uploads\/2024\/02\/MEC-Icons_v2_websearch.svg\" alt=\"web search icon\" height=\"300\" width=\"300\" title=\"MEC-Bi\u1ec3u t\u01b0\u1ee3ng_v2_t\u00ecm ki\u1ebfm tr\u00ean web\" onerror=\"this.style.display='none'\" loading=\"lazy\" \/>\n\t\t\t\t<\/a>\n\t<\/figure>\n<h3><a href=\"\/vi\/get-involved\/ace-science\/\" target=\"_self\">Tr\u1ef1c tuy\u1ebfn<\/a><\/h3><p>N\u1ebfu b\u1ea1n ch\u0103m s\u00f3c ho\u1eb7c h\u1ed7 tr\u1ee3 tr\u1ebb em t\u1eeb 0-5 tu\u1ed5i, nh\u1eefng l\u1eddi khuy\u00ean n\u00e0y ho\u00e0n to\u00e0n d\u00e0nh cho b\u1ea1n!<\/p>\n<a href=\"https:\/\/app.vroom.org\/?lng=en\" target=\"_blank\" rel=\"noopener\">Nh\u1eadn Vroom<\/a><br \/>\n(C\u00f3 s\u1eb5n b\u1eb1ng ti\u1ebfng Anh v\u00e0 ti\u1ebfng T\u00e2y Ban Nha)\n\t\t<figure itemscope itemtype=\"https:\/\/schema.org\/ImageObject\">\n\t\t\t\t<a href=\"\/vi\/get-involved\/ace-science\/\"  target=\"_self\" itemprop=\"url\">\n\t\t\t\t<img decoding=\"async\" src=\"https:\/\/marylandefc.org\/wp-content\/uploads\/2024\/01\/MEC-Icons_digital-talk.svg\" alt=\"Talking online with someone icon\" height=\"300\" width=\"300\" title=\"MEC-Bi\u1ec3u t\u01b0\u1ee3ng_n\u00f3i chuy\u1ec7n k\u1ef9 thu\u1eadt s\u1ed1\" onerror=\"this.style.display='none'\" loading=\"lazy\" \/>\n\t\t\t\t<\/a>\n\t<\/figure>\n<h3><a href=\"\/vi\/get-involved\/ace-science\/\" target=\"_self\">Tr\u00ean \u1ee9ng d\u1ee5ng<\/a><\/h3><p>Download the app and get 1,000+ activities to help your child&#8217;s brain grow. Available in English and Spanish.<\/p>\n<p><a href=\"https:\/\/apps.apple.com\/us\/app\/vroom-early-learning\/id885948312\" target=\"_blank\" rel=\"noopener\">T\u1ea3i xu\u1ed1ng tr\u00ean App store (Apple)<\/a><\/p>\n<p><a href=\"https:\/\/play.google.com\/store\/apps\/details?id=org.joinvroom.dailyvroom&amp;hl=en_US&amp;pli=1\" target=\"_blank\" rel=\"noopener\">T\u1ea3i xu\u1ed1ng tr\u00ean Google Play (Android)<\/a><\/p>\n\t\t<figure itemscope itemtype=\"https:\/\/schema.org\/ImageObject\">\n\t\t\t\t<a href=\"\/vi\/get-involved\/ace-science\/\"  target=\"_self\" itemprop=\"url\">\n\t\t\t\t<img decoding=\"async\" src=\"https:\/\/marylandefc.org\/wp-content\/uploads\/2024\/01\/MEC-Icons_discussion.svg\" alt=\"text message icons\" height=\"300\" width=\"300\" title=\"MEC-Bi\u1ec3u t\u01b0\u1ee3ng_th\u1ea3o lu\u1eadn\" onerror=\"this.style.display='none'\" loading=\"lazy\" \/>\n\t\t\t\t<\/a>\n\t<\/figure>\n<h3><a href=\"\/vi\/get-involved\/ace-science\/\" target=\"_self\">Tin nh\u1eafn v\u0103n b\u1ea3n<\/a><\/h3><p>Nh\u1eadn Vroom Tips\u2122 qua tin nh\u1eafn v\u0103n b\u1ea3n.<\/p>\n<p><a href=\"https:\/\/www.vroom.org\/sms\" target=\"_blank\" rel=\"noopener\">\u0110\u0103ng k\u00fd<\/a><\/p>\n<p>(C\u00f3 s\u1eb5n b\u1eb1ng ti\u1ebfng Anh v\u00e0 ti\u1ebfng T\u00e2y Ban Nha)<\/p>\n\t<h2>Vroom Tips\u2122 d\u00e0nh cho tr\u1ebb em t\u1eeb 0-5 tu\u1ed5i<\/h2>\n<p>Nh\u1eadn h\u01a1n 1000 \u00fd t\u01b0\u1edfng \u0111\u1ec3 x\u00e2y d\u1ef1ng m\u1ed1i quan h\u1ec7 t\u00edch c\u1ef1c v\u1edbi tr\u1ebb em t\u1eeb 0-5 tu\u1ed5i m\u1ed7i ng\u00e0y. B\u1ea1n c\u00f3 th\u1ec3 c\u00e1 nh\u00e2n h\u00f3a c\u00e1c m\u1eb9o c\u1ee7a m\u00ecnh theo \u0111\u1ed9 tu\u1ed5i. M\u1ed7i m\u1eb9o \u0111\u1ec1u \u0111i k\u00e8m th\u00f4ng tin \u0111\u1ec3 \u0111\u01b0a v\u00e0o th\u1ef1c t\u1ebf v\u00e0 th\u00f4ng tin Brainy Background\u2122 gi\u1ea3i th\u00edch khoa h\u1ecdc \u0111\u1eb1ng sau m\u1eb9o. \u0110\u1ecdc c\u00e1c m\u1eb9o m\u1eabu b\u00ean d\u01b0\u1edbi.<\/p>\n\t\t<ul>\n\t\t\t\t<li>\n\t\t\t\t<h2>Th\u00e1m t\u1eed h\u00ecnh \u1ea3nh <br \/> (Tu\u1ed5i t\u1eeb 2-4)<\/h2><h4>M\u1eb9o<\/h4>\n<p>Encourage your child to be a picture detective. Look at a picture in a book or magazine. It can even be in a newspaper or in an ad on a bus or train. Talk about the picture together. Can you find certain objects? Ask questions like, &#8220;Look at that boy&#8217;s face. How do you think he feels?&#8221;<\/p>\n<p><img loading=\"lazy\" decoding=\"async\" role=\"img\" src=\"https:\/\/marylandefc.org\/wp-content\/uploads\/2024\/03\/Kids-holding-magnifying-glass.jpg\" alt=\"Book icon\" width=\"400\" height=\"400\" \/><\/p>\n<h4>N\u1ec1n t\u1ea3ng th\u00f4ng minh\u2122<\/h4>\n<p>Pictures help your child make connections and to understand that words have meaning. Having them look closely builds focus and self-control. The example here also helps them learn to recognize other people&#8217;s feelings.<\/p>\n<p><img loading=\"lazy\" decoding=\"async\" role=\"img\" src=\"https:\/\/marylandefc.org\/wp-content\/uploads\/2025\/05\/Vroom_Logo_PoweredBy_Orange_RGB_R.png\" alt=\"Book icon\" width=\"400\" height=\"400\" \/><\/p>\n\t\t<\/li>\n\t\t\t<li>\n\t\t\t\t<h2>M\u1ed9t l\u1ea7n th\u1eed n\u1eefa <br \/> (Tu\u1ed5i t\u1eeb 2-5)<\/h2><h4>M\u1eb9o<\/h4>\n<p>If your child gives up easily, show them how to try again. You can say, &#8220;I can&#8217;t find my hat.&#8221; Then add, &#8220;One More Try! I found it!&#8221; Celebrate and reflect on what happened. &#8220;I tried again, and I did it!&#8221; The next time they want to give up, try saying, &#8220;One More Try!&#8221; in a fun and positive voice.<\/p>\n<p><img loading=\"lazy\" decoding=\"async\" role=\"img\" src=\"https:\/\/marylandefc.org\/wp-content\/uploads\/2025\/04\/Mom-hugging-and-comforting-son.jpg\" alt=\"Mom comforting son\" width=\"400\" height=\"400\" \/><\/p>\n<h4>N\u1ec1n t\u1ea3ng th\u00f4ng minh\u2122<\/h4>\n<p>Giving something &#8220;One More Try&#8221; is easy. It can help your child learn to tackle a job a little bit at a time. Learning not to give up can take time, so try to be patient and make it fun! Sticking with tasks will help your child when they try to learn new skills and reach goals.<\/p>\n<p><img loading=\"lazy\" decoding=\"async\" role=\"img\" src=\"https:\/\/marylandefc.org\/wp-content\/uploads\/2025\/05\/Vroom_Logo_PoweredBy_Orange_RGB_R.png\" alt=\"Book icon\" width=\"400\" height=\"400\" \/><\/p>\n\t\t<\/li>\n\t\t\t<li>\n\t\t\t\t<h2>K\u1ef3 quan r\u0103ng <br \/> (Ages 12 mo &#8211; 2)<\/h2><p>When you&#8217;re brushing your child&#8217;s teeth, look in the mirror together. Talk about how your teeth are the same and different from theirs. For example, you have more teeth, and bigger teeth, but you both can make funny faces. Follow their lead and talk about what they notice.<\/p>\n<p><img loading=\"lazy\" decoding=\"async\" role=\"img\" src=\"https:\/\/marylandefc.org\/wp-content\/uploads\/2025\/04\/Dad-helping-child-brush-his-teeth.jpg\" alt=\"Dad helping kid brush teeth\" width=\"400\" height=\"400\" \/><\/p>\n<h4>N\u1ec1n t\u1ea3ng th\u00f4ng minh\u2122<\/h4>\n<p>Comparing things that are the same and different will help your child sort their experiences into categories and make connections-skills that are important in reading, math, and science in the future. This also builds their connection with you!<\/p>\n<p><img loading=\"lazy\" decoding=\"async\" role=\"img\" src=\"https:\/\/marylandefc.org\/wp-content\/uploads\/2025\/05\/Vroom_Logo_PoweredBy_Orange_RGB_R.png\" alt=\"Book icon\" width=\"400\" height=\"400\" \/><\/p>\n\t\t<\/li>\n\t\t<\/ul>\n\t\t\t<a href=\"https:\/\/app.vroom.org\/?lng=en\" target=\"_self\" rel=\"noopener\">\n\t\t\t\t\t\t\tH\u00e3y th\u1eed Vroom\n\t\t\t\t\t<\/a>\n\t<h2>Vroom d\u00e0nh cho t\u1ea5t c\u1ea3 m\u1ecdi ng\u01b0\u1eddi<\/h2>\nNh\u1eadn t\u1edd h\u01b0\u1edbng d\u1eabn c\u00f3 th\u1ec3 in d\u00e0nh cho ng\u01b0\u1eddi l\u1edbn, nh\u00e0 gi\u00e1o d\u1ee5c v\u00e0 nh\u00f3m c\u1ed9ng \u0111\u1ed3ng.<br \/>\nPrint these out and spend a few minutes a day helping a child&#8217;s brain grow strong.\n\t\t<figure itemscope itemtype=\"https:\/\/schema.org\/ImageObject\">\n\t\t\t\t<a href=\"\/vi\/get-involved\/ace-science\/\"  target=\"_self\" itemprop=\"url\">\n\t\t\t\t<img decoding=\"async\" src=\"https:\/\/marylandefc.org\/wp-content\/uploads\/2024\/02\/MEC-Icons_v2_strong-start.svg\" alt=\"Ensure strong start icon with baby carriage and family\" height=\"300\" width=\"300\" title=\"MEC-Icons_v2_strong-b\u1eaft \u0111\u1ea7u\" onerror=\"this.style.display='none'\" loading=\"lazy\" \/>\n\t\t\t\t<\/a>\n\t<\/figure>\n<h3><a href=\"\/vi\/get-involved\/ace-science\/\" target=\"_self\">Ng\u01b0\u1eddi l\u1edbn<\/a><\/h3><p>N\u1ebfu b\u1ea1n ch\u0103m s\u00f3c ho\u1eb7c h\u1ed7 tr\u1ee3 tr\u1ebb em t\u1eeb 0-5 tu\u1ed5i, nh\u1eefng l\u1eddi khuy\u00ean n\u00e0y ho\u00e0n to\u00e0n d\u00e0nh cho b\u1ea1n!<\/p>\n\t\t<figure itemscope itemtype=\"https:\/\/schema.org\/ImageObject\">\n\t\t\t\t<a href=\"\/vi\/get-involved\/ace-science\/\"  target=\"_self\" itemprop=\"url\">\n\t\t\t\t<img decoding=\"async\" src=\"https:\/\/marylandefc.org\/wp-content\/uploads\/2024\/01\/MEC-Icons_school.svg\" alt=\"School icon\" height=\"300\" width=\"300\" title=\"MEC-Bi\u1ec3u t\u01b0\u1ee3ng_tr\u01b0\u1eddng h\u1ecdc\" onerror=\"this.style.display='none'\" loading=\"lazy\" \/>\n\t\t\t\t<\/a>\n\t<\/figure>\n<h3><a href=\"\/vi\/get-involved\/ace-science\/\" target=\"_self\">C\u00e1c nh\u00e0 gi\u00e1o d\u1ee5c<\/a><\/h3><p>S\u1eed d\u1ee5ng c\u00e1c c\u00f4ng c\u1ee5 \u0111\u1ec3 x\u00e2y d\u1ef1ng ch\u01b0\u01a1ng tr\u00ecnh gi\u1ea3ng d\u1ea1y ho\u1eb7c t\u00e0i li\u1ec7u ph\u00e1t tay cho ph\u1ee5 huynh v\u00e0 ng\u01b0\u1eddi ch\u0103m s\u00f3c.<\/p>\n\t\t<figure itemscope itemtype=\"https:\/\/schema.org\/ImageObject\">\n\t\t\t\t<a href=\"\/vi\/get-involved\/ace-science\/\"  target=\"_self\" itemprop=\"url\">\n\t\t\t\t<img decoding=\"async\" src=\"https:\/\/marylandefc.org\/wp-content\/uploads\/2024\/02\/CaringRespectforSelfOthers_EFC_icon.svg\" alt=\"Caring respect for others icon hands with heart\" height=\"377\" width=\"377\" title=\"Quan t\u00e2mT\u00f4n tr\u1ecdng b\u1ea3n th\u00e2nNg\u01b0\u1eddi kh\u00e1c_EFC_icon\" onerror=\"this.style.display='none'\" loading=\"lazy\" \/>\n\t\t\t\t<\/a>\n\t<\/figure>\n<h3><a href=\"\/vi\/get-involved\/ace-science\/\" target=\"_self\">Nh\u00f3m c\u1ed9ng \u0111\u1ed3ng<\/a><\/h3><p>Khuy\u1ebfn kh\u00edch ph\u1ee5 huynh s\u1eed d\u1ee5ng c\u00e1c c\u00f4ng c\u1ee5 v\u00e0 cung c\u1ea5p t\u00e0i li\u1ec7u h\u01b0\u1edbng d\u1eabn cho ph\u1ee5 huynh v\u00e0 ng\u01b0\u1eddi ch\u0103m s\u00f3c.<\/p>\n\t\t\t<a href=\"https:\/\/www.vroom.org\/vroom-materials\" target=\"_self\" rel=\"noopener\">\n\t\t\t\t\t\t\tT\u1ea3i v\u1ec1\n\t\t\t\t\t<\/a>","protected":false},"excerpt":{"rendered":"<p>Be A Brain Builder! You have what it takes to help your child thrive! Make little changes with your everyday interactions and make a big difference in a child&#8217;s life. Be a brain builder and add learning during mealtime, playtime, bathtime, and bedtime. Any moment can be a moment you connect with a child &#8211;&hellip;<\/p>","protected":false},"author":2,"featured_media":0,"parent":0,"menu_order":0,"comment_status":"closed","ping_status":"closed","template":"","meta":{"footnotes":""},"class_list":["post-28336","page","type-page","status-publish","hentry"],"_links":{"self":[{"href":"https:\/\/marylandefc.org\/vi\/wp-json\/wp\/v2\/pages\/28336","targetHints":{"allow":["GET"]}}],"collection":[{"href":"https:\/\/marylandefc.org\/vi\/wp-json\/wp\/v2\/pages"}],"about":[{"href":"https:\/\/marylandefc.org\/vi\/wp-json\/wp\/v2\/types\/page"}],"author":[{"embeddable":true,"href":"https:\/\/marylandefc.org\/vi\/wp-json\/wp\/v2\/users\/2"}],"replies":[{"embeddable":true,"href":"https:\/\/marylandefc.org\/vi\/wp-json\/wp\/v2\/comments?post=28336"}],"version-history":[{"count":0,"href":"https:\/\/marylandefc.org\/vi\/wp-json\/wp\/v2\/pages\/28336\/revisions"}],"wp:attachment":[{"href":"https:\/\/marylandefc.org\/vi\/wp-json\/wp\/v2\/media?parent=28336"}],"curies":[{"name":"wp","href":"https:\/\/api.w.org\/{rel}","templated":true}]}}