{"id":28372,"date":"2025-06-30T14:03:32","date_gmt":"2025-06-30T21:03:32","guid":{"rendered":"https:\/\/marylandefc.org\/?page_id=28372"},"modified":"2025-06-30T14:03:32","modified_gmt":"2025-06-30T21:03:32","slug":"resilience-infographic","status":"publish","type":"page","link":"https:\/\/marylandefc.org\/vi\/resilience-infographic\/","title":{"rendered":"\u0110\u1ed3 h\u1ecda th\u00f4ng tin v\u1ec1 kh\u1ea3 n\u0103ng ph\u1ee5c h\u1ed3i"},"content":{"rendered":"<img decoding=\"async\" src=\"https:\/\/marylandefc.org\/wp-content\/uploads\/2025\/06\/Post-1.svg\" alt=\"Post 1\" itemprop=\"image\" height=\"1350\" width=\"1080\" title=\"B\u00e0i 1\" onerror=\"this.style.display='none'\" loading='lazy' \/>\n\t\t\t\t<img decoding=\"async\" src=\"https:\/\/marylandefc.org\/wp-content\/uploads\/2025\/06\/Post-2.svg\" alt=\"Post 2\" itemprop=\"image\" height=\"1350\" width=\"1080\" title=\"B\u00e0i vi\u1ebft 2\" onerror=\"this.style.display='none'\" loading='lazy' \/>\n\t\t\t\t<img decoding=\"async\" src=\"https:\/\/marylandefc.org\/wp-content\/uploads\/2025\/06\/Post-3.svg\" alt=\"Post 3\" itemprop=\"image\" height=\"1350\" width=\"1080\" title=\"B\u00e0i vi\u1ebft 3\" onerror=\"this.style.display='none'\" loading='lazy' \/>\n\t\t\t\t<img decoding=\"async\" src=\"https:\/\/marylandefc.org\/wp-content\/uploads\/2025\/06\/Post-4.svg\" alt=\"Post 4\" itemprop=\"image\" height=\"1350\" width=\"1080\" title=\"B\u00e0i vi\u1ebft 4\" onerror=\"this.style.display='none'\" loading='lazy' \/>\n\t\t\t\t<img decoding=\"async\" src=\"https:\/\/marylandefc.org\/wp-content\/uploads\/2025\/06\/Post-5.svg\" alt=\"Post 5\" itemprop=\"image\" height=\"1350\" width=\"1080\" title=\"B\u00e0i vi\u1ebft th\u1ee9 5\" onerror=\"this.style.display='none'\" loading='lazy' \/>\n\t\t\t\t<img decoding=\"async\" src=\"https:\/\/marylandefc.org\/wp-content\/uploads\/2025\/06\/Post-6.svg\" alt=\"Post 6\" itemprop=\"image\" height=\"1350\" width=\"1080\" title=\"B\u00e0i 6\" onerror=\"this.style.display='none'\" loading='lazy' \/>\n\t\t\t\t<img decoding=\"async\" src=\"https:\/\/marylandefc.org\/wp-content\/uploads\/2025\/06\/Post-7.svg\" alt=\"Post 7\" itemprop=\"image\" height=\"1350\" width=\"1080\" title=\"B\u00e0i 7\" onerror=\"this.style.display='none'\" loading='lazy' \/>\n\t\t\t\t<img decoding=\"async\" src=\"https:\/\/marylandefc.org\/wp-content\/uploads\/2025\/06\/EFC_Post-8_with-Logo_2025.svg\" alt=\"EFC_Post 8_with Logo_2025\" itemprop=\"image\" height=\"1350\" width=\"1080\" title=\"EFC_B\u00e0i 8_c\u00f3 Logo_2025\" onerror=\"this.style.display='none'\" loading='lazy' \/>\n<h4>\n\t\t\tNh\u1ea5p v\u00e0o n\u00fat b\u00ean d\u01b0\u1edbi \u0111\u1ec3 sao ch\u00e9p \u0111\u1ed3 h\u1ecda th\u00f4ng tin cho m\u1ea1ng x\u00e3 h\u1ed9i:\t<\/h4>\n\t<style>\n    .infographic-share {\n        text-align: center;\n        max-width: 500px;\n        margin: 0 auto;\n    }\n    #infographic-share-text {\n        height: 120px;\n        resize: none;\n    }\n    #infographic-copy-button {\n        text-align: center;\n        margin: 10px auto 0;\n    }\n<\/style>\n    <textarea readonly id=\"infographic-share-text\">&lt;a href=&quot;https:\/\/marylandefc.org\/resilience-infographic&quot; title=&quot;ACEs Infographic&quot;&gt;&lt;img src=&quot;https:\/\/marylandefc.org\/wp-content\/uploads\/2025\/06\/maryland-efc-aces-infographic-2025.png&quot; alt=&quot;Resilience Infographic&quot; style=&quot;width: 1000px; height: 10000px; border: 0px;&quot;\/&gt;&lt;\/a&gt;<\/textarea>\n    <button id=\"infographic-copy-button\" onclick=\"copyCode()\">Sao ch\u00e9p m\u00e3 n\u00e0y<\/button>","protected":false},"excerpt":{"rendered":"<p>Nh\u1ea5p v&agrave;o n&uacute;t b&ecirc;n d\u01b0\u1edbi \u0111\u1ec3 sao ch&eacute;p \u0111\u1ed3 h\u1ecda th&ocirc;ng tin cho m\u1ea1ng x&atilde; h\u1ed9i: &lt;a href=&quot;https:\/\/marylandefc.org\/vi\/resilience-infographic\/&quot; title=&quot;ACEs Infographic&quot;&gt;&lt;img src=&quot;https:\/\/marylandefc.org\/wp-content\/uploads\/2025\/06\/maryland-efc-aces-infographic-2025.png&quot; alt=&quot;Resilience Infographic&quot; style=&quot;width: 1000px; height: 10000px; border: 0px;&quot;\/&gt;&lt;\/a&gt; Sao ch&eacute;p m&atilde; n&agrave;y<\/p>","protected":false},"author":4,"featured_media":28374,"parent":0,"menu_order":0,"comment_status":"closed","ping_status":"closed","template":"","meta":{"footnotes":""},"class_list":["post-28372","page","type-page","status-publish","has-post-thumbnail","hentry"],"_links":{"self":[{"href":"https:\/\/marylandefc.org\/vi\/wp-json\/wp\/v2\/pages\/28372","targetHints":{"allow":["GET"]}}],"collection":[{"href":"https:\/\/marylandefc.org\/vi\/wp-json\/wp\/v2\/pages"}],"about":[{"href":"https:\/\/marylandefc.org\/vi\/wp-json\/wp\/v2\/types\/page"}],"author":[{"embeddable":true,"href":"https:\/\/marylandefc.org\/vi\/wp-json\/wp\/v2\/users\/4"}],"replies":[{"embeddable":true,"href":"https:\/\/marylandefc.org\/vi\/wp-json\/wp\/v2\/comments?post=28372"}],"version-history":[{"count":0,"href":"https:\/\/marylandefc.org\/vi\/wp-json\/wp\/v2\/pages\/28372\/revisions"}],"wp:featuredmedia":[{"embeddable":true,"href":"https:\/\/marylandefc.org\/vi\/wp-json\/wp\/v2\/media\/28374"}],"wp:attachment":[{"href":"https:\/\/marylandefc.org\/vi\/wp-json\/wp\/v2\/media?parent=28372"}],"curies":[{"name":"wp","href":"https:\/\/api.w.org\/{rel}","templated":true}]}}