{"id":3255,"date":"2024-01-18T10:42:45","date_gmt":"2024-01-18T18:42:45","guid":{"rendered":"https:\/\/marylandefc.org\/?page_id=3255"},"modified":"2026-03-25T10:38:03","modified_gmt":"2026-03-25T17:38:03","slug":"policy","status":"publish","type":"page","link":"https:\/\/marylandefc.org\/vi\/policy\/","title":{"rendered":"Ng\u01b0\u1eddi ho\u1ea1ch \u0111\u1ecbnh ch\u00ednh s\u00e1ch v\u00e0 ng\u01b0\u1eddi \u1ee7ng h\u1ed9"},"content":{"rendered":"<figure itemscope itemtype=\"https:\/\/schema.org\/ImageObject\">\n\t\t\t\t<img decoding=\"async\" src=\"https:\/\/marylandefc.org\/wp-content\/uploads\/2024\/01\/Maryland-statehouse-in-Annapolis-scaled.jpeg\" alt=\"Maryland state house in Annapolis\" height=\"1440\" width=\"2560\" title=\"Nh\u00e0 c\u1ee7a ti\u1ec3u bang Maryland \u1edf Annapolis\" onerror=\"this.style.display='none'\" loading=\"lazy\" \/>\n\t<\/figure>\n\t<h1>NH\u00c0 L\u00c3NH \u0110\u1ea0O CH\u00cdNH S\u00c1CH &amp; NG\u01af\u1edcI \u1ee6NG H\u1ed8<\/h1>\n\t<h2>Ch\u00ednh s\u00e1ch t\u00e1c \u0111\u1ed9ng \u0111\u1ebfn gia \u0111\u00ecnh<\/h2>\n<p>Maryland Essentials for Childhood (EFC) hi\u1ec3u r\u1eb1ng c\u00f4ng t\u00e1c ch\u00ednh s\u00e1ch r\u1ea5t quan tr\u1ecdng. H\u00e0nh \u0111\u1ed9ng l\u1eadp ph\u00e1p v\u00e0 h\u00e0nh ph\u00e1p c\u00f3 th\u1ec3 t\u00e1c \u0111\u1ed9ng t\u00edch c\u1ef1c \u0111\u1ebfn cu\u1ed9c s\u1ed1ng c\u1ee7a ng\u01b0\u1eddi d\u00e2n Maryland v\u00e0 c\u00f3 t\u00e1c \u0111\u1ed9ng \u0111\u1ebfn nhi\u1ec1u th\u1ebf h\u1ec7 trong vi\u1ec7c gi\u1ea3i quy\u1ebft v\u00e0 ng\u0103n ng\u1eeba ch\u1ea5n th\u01b0\u01a1ng. C\u00f9ng v\u1edbi m\u1ed9t li\u00ean minh r\u1ed9ng l\u1edbn g\u1ed3m c\u00e1c t\u1ed5 ch\u1ee9c, ng\u01b0\u1eddi \u1ee7ng h\u1ed9 v\u00e0 th\u00e0nh vi\u00ean c\u1ed9ng \u0111\u1ed3ng, EFC cung c\u1ea5p m\u1ed9t g\u00f3c nh\u00ecn c\u00f3 gi\u00e1 tr\u1ecb cho c\u00e1c th\u00e0nh vi\u00ean c\u1ee7a c\u01a1 quan l\u1eadp ph\u00e1p Maryland v\u00e0 ch\u00ednh quy\u1ec1n ti\u1ec3u bang. <\/p>\n\t\t\t<a href=\"\/vi\/policy\/policies-matter\/\"  target=\"_self\">\n\t\t\t\t\t\t\tT\u1ea1i sao ch\u00ednh s\u00e1ch quan tr\u1ecdng\n\t\t\t\t\t<\/a>\n\t\t<h2><a href=\"\/vi\/policy\/legislative-action\/\" target=\"_self\">C\u00f9ng nhau, ch\u00fang ta \u0111\u1ea1t \u0111\u01b0\u1ee3c m\u1ee5c ti\u00eau ch\u00ednh s\u00e1ch c\u1ee7a m\u00ecnh<\/a><\/h2><p>C\u00f4ng vi\u1ec7c h\u1ee3p t\u00e1c c\u1ee7a ch\u00fang t\u00f4i v\u1edbi c\u00e1c \u0111\u1ed1i t\u00e1c, nh\u00f3m c\u1ed9ng \u0111\u1ed3ng v\u00e0 c\u00e1c li\u00ean minh kh\u00e1c \u0111\u00e3 \u0111\u00f3ng g\u00f3p v\u00e0o h\u01a1n m\u1ed9t ch\u1ee5c th\u00e0nh c\u00f4ng v\u1ec1 ch\u00ednh s\u00e1ch cho Maryland ch\u1ec9 trong 7 n\u0103m qua. M\u1ed9t s\u1ed1 trong s\u1ed1 \u0111\u00f3 bao g\u1ed3m:\u00a0<\/p>\n<ul>\n<li aria-level=\"1\">Gi\u00e1m \u0111\u1ed1c Y khoa Ph\u00fac l\u1ee3i Tr\u1ebb em<\/li>\n<li aria-level=\"1\">SESAME (Ch\u1ea5m d\u1ee9t h\u00e0nh vi l\u1ea1m d\u1ee5ng v\u00e0 b\u00f3c l\u1ed9t t\u00ecnh d\u1ee5c c\u1ee7a gi\u00e1o vi\u00ean)<\/li>\n<li aria-level=\"1\">Ngh\u1ec9 ph\u00e9p c\u00f3 l\u01b0\u01a1ng cho gia \u0111\u00ecnh<\/li>\n<\/ul>\n\t\t\t<a href=\"\/vi\/policy\/legislative-action\/\"  target=\"_self\">\n\t\t\t\t\t\t\tXem D\u00f2ng th\u1eddi gian l\u1eadp ph\u00e1p\n\t\t\t\t\t<\/a>\n<figure data-animation-delay=\"0\" data-animation-duration=\"1\" itemscope itemtype=\"https:\/\/schema.org\/ImageObject\">\n\t\t\t\t<img decoding=\"async\" src=\"https:\/\/marylandefc.org\/wp-content\/uploads\/2024\/01\/Together-We-reach-our-policy-goals-Essentials-for-Chilhood-maryland--scaled.jpg\" alt=\"Two people hugging\" height=\"1920\" width=\"2560\" title=\"C\u00f9ng nhau ch\u00fang ta \u0111\u1ea1t \u0111\u01b0\u1ee3c m\u1ee5c ti\u00eau ch\u00ednh s\u00e1ch c\u1ee7a m\u00ecnh - Nh\u1eefng \u0111i\u1ec1u c\u1ea7n thi\u1ebft cho tr\u1ebb em maryland\" onerror=\"this.style.display='none'\" loading=\"lazy\" \/>\n\t<\/figure>\n<figure data-animation-delay=\"0\" data-animation-duration=\"1\" itemscope itemtype=\"https:\/\/schema.org\/ImageObject\">\n\t\t\t\t<img decoding=\"async\" src=\"https:\/\/marylandefc.org\/wp-content\/uploads\/2024\/02\/Communitymember-at-trauma-informed-event-Courtesy-Healing-City-Baltimore.jpg\" alt=\"Community member at trauma-informed event\" height=\"800\" width=\"1200\" title=\"Th\u00e0nh vi\u00ean c\u1ed9ng \u0111\u1ed3ng t\u1ea1i s\u1ef1 ki\u1ec7n th\u00f4ng tin v\u1ec1 ch\u1ea5n th\u01b0\u01a1ng Courtesy-Healing-City-Baltimore\" onerror=\"this.style.display='none'\" loading=\"lazy\" \/>\n\t\t<figcaption>L\u1ecbch s\u1ef1 Healing City Baltimore<\/figcaption>\n\t<\/figure>\n\t\t<h2><a href=\"\/vi\/policy\/informing-policy\/\" target=\"_self\">D\u1eabn \u0111\u1ea7u cu\u1ed9c tr\u00f2 chuy\u1ec7n v\u1ec1 ch\u0103m s\u00f3c c\u00f3 hi\u1ec3u bi\u1ebft v\u1ec1 ch\u1ea5n th\u01b0\u01a1ng<\/a><\/h2><p>L\u00e0 m\u1ed9t nh\u00f3m t\u00e1c \u0111\u1ed9ng t\u1eadp th\u1ec3 tr\u00ean to\u00e0n ti\u1ec3u bang, EFC \u0111\u1eb7t ra ch\u01b0\u01a1ng tr\u00ecnh ngh\u1ecb s\u1ef1 ch\u00ednh s\u00e1ch v\u1edbi c\u00e1c b\u00e1o c\u00e1o c\u00f3 ngu\u1ed3n g\u1ed1c t\u1eeb c\u00e1c chuy\u00ean gia h\u00e0ng \u0111\u1ea7u v\u1ec1 nghi\u00ean c\u1ee9u v\u00e0 ch\u00ednh s\u00e1ch li\u00ean quan \u0111\u1ebfn ch\u1ea5n th\u01b0\u01a1ng.<\/p>\n<p>C\u00f4ng tr\u00ecnh n\u00e0y gi\u00fap \u0111\u1ecbnh h\u00ecnh c\u00e1c ch\u00ednh s\u00e1ch \u1edf Maryland nh\u1eb1m th\u00fac \u0111\u1ea9y m\u00f4i tr\u01b0\u1eddng ph\u00e1t tri\u1ec3n cho tr\u1ebb em v\u00e0 gia \u0111\u00ecnh. <\/p>\n\t\t\t<a href=\"\/vi\/policy\/informing-policy\/\"  target=\"_self\">\n\t\t\t\t\t\t\t\u0110\u1ecdc S\u00e1ch Tr\u1eafng EFC\n\t\t\t\t\t<\/a>\n\t\t<h2><a href=\"\/vi\/get-involved\/\" target=\"_self\">H\u00e3y h\u00e0nh \u0111\u1ed9ng v\u1edbi EFC<\/a><\/h2><p>Share your email so we can work together on trauma-informed policies. We&#8217;ll also inform you of ways to bring ACE Interface trainings to your community and EFC events that bring together stakeholders for community dialgoue that promotes a brighter future for Maryland children and families. <\/p>\n\t\t\t<a href=\"\/vi\/get-involved\/\"  target=\"_self\">\n\t\t\t\t\t\t\tTham gia n\u1ed7 l\u1ef1c\n\t\t\t\t\t<\/a>\n<figure data-animation-delay=\"0\" data-animation-duration=\"1\" itemscope itemtype=\"https:\/\/schema.org\/ImageObject\">\n\t\t\t\t<img decoding=\"async\" src=\"https:\/\/marylandefc.org\/wp-content\/uploads\/2024\/02\/Maryland-Police-Officers-at-a-resilience-workshop.jpg\" alt=\"Maryland Police Officers at a resilience workshop\" height=\"800\" width=\"1200\" title=\"C\u00e1c s\u0129 quan c\u1ea3nh s\u00e1t Maryland t\u1ea1i m\u1ed9t h\u1ed9i th\u1ea3o v\u1ec1 kh\u1ea3 n\u0103ng ph\u1ee5c h\u1ed3i\" onerror=\"this.style.display='none'\" loading=\"lazy\" \/>\n\t<\/figure>\n<figure data-animation-delay=\"0\" data-animation-duration=\"1\" itemscope itemtype=\"https:\/\/schema.org\/ImageObject\">\n\t\t\t\t<img decoding=\"async\" src=\"https:\/\/marylandefc.org\/wp-content\/uploads\/2024\/02\/Teacher-talking-to-students-about-digging-deeper.jpg\" alt=\"Teacher talking to students about digging deeper\" height=\"800\" width=\"1200\" title=\"Gi\u00e1o vi\u00ean n\u00f3i chuy\u1ec7n v\u1edbi h\u1ecdc sinh v\u1ec1 vi\u1ec7c \u0111\u00e0o s\u00e2u h\u01a1n\" onerror=\"this.style.display='none'\" loading=\"lazy\" \/>\n\t<\/figure>\n\t\t<h2><a href=\"\/vi\/dive-deeper-policy-makers\/\" target=\"_self\">L\u1eb7n s\u00e2u h\u01a1n<\/a><\/h2><p>Xem <a href=\"https:\/\/marylandefc.org\/vi\/partners\/meetings-reports\/\">B\u00e1o c\u00e1o th\u01b0\u1eddng ni\u00ean c\u1ee7a SCCAN<\/a> ho\u1eb7c danh s\u00e1ch \u0111\u01b0\u1ee3c tuy\u1ec3n ch\u1ecdn v\u1ec1 nghi\u00ean c\u1ee9u, ch\u00ednh s\u00e1ch, s\u00e1ch tr\u1eafng v\u00e0 podcast v\u00e0 \u0111\u01b0\u1ee3c truy\u1ec1n c\u1ea3m h\u1ee9ng \u0111\u1ec3 h\u00e0nh \u0111\u1ed9ng c\u00f9ng ch\u00fang t\u00f4i.<\/p>\n\t\t\t<a href=\"\/vi\/dive-deeper-policy-makers\/\"  target=\"_self\">\n\t\t\t\t\t\t\tNh\u1eadn th\u00f4ng tin\n\t\t\t\t\t<\/a>","protected":false},"excerpt":{"rendered":"<p>POLICY MAKERS &amp; ADVOCATES Policies Impact Families Maryland Essentials for Childhood (EFC) understands that policy work matters. Legislative and executive action can positively impact the lives of Marylanders and have generational impacts in addressing and preventing trauma. Together with a broad coalition of organizations, advocates and community members, EFC provides a valued perspective to members&hellip;<\/p>","protected":false},"author":1,"featured_media":26720,"parent":0,"menu_order":0,"comment_status":"closed","ping_status":"closed","template":"","meta":{"footnotes":""},"class_list":["post-3255","page","type-page","status-publish","has-post-thumbnail","hentry"],"_links":{"self":[{"href":"https:\/\/marylandefc.org\/vi\/wp-json\/wp\/v2\/pages\/3255","targetHints":{"allow":["GET"]}}],"collection":[{"href":"https:\/\/marylandefc.org\/vi\/wp-json\/wp\/v2\/pages"}],"about":[{"href":"https:\/\/marylandefc.org\/vi\/wp-json\/wp\/v2\/types\/page"}],"author":[{"embeddable":true,"href":"https:\/\/marylandefc.org\/vi\/wp-json\/wp\/v2\/users\/1"}],"replies":[{"embeddable":true,"href":"https:\/\/marylandefc.org\/vi\/wp-json\/wp\/v2\/comments?post=3255"}],"version-history":[{"count":0,"href":"https:\/\/marylandefc.org\/vi\/wp-json\/wp\/v2\/pages\/3255\/revisions"}],"wp:featuredmedia":[{"embeddable":true,"href":"https:\/\/marylandefc.org\/vi\/wp-json\/wp\/v2\/media\/26720"}],"wp:attachment":[{"href":"https:\/\/marylandefc.org\/vi\/wp-json\/wp\/v2\/media?parent=3255"}],"curies":[{"name":"wp","href":"https:\/\/api.w.org\/{rel}","templated":true}]}}