{"id":3272,"date":"2024-01-18T13:28:19","date_gmt":"2024-01-18T21:28:19","guid":{"rendered":"https:\/\/marylandefc.org\/?page_id=3272"},"modified":"2026-02-13T12:52:18","modified_gmt":"2026-02-13T20:52:18","slug":"how-we-started","status":"publish","type":"page","link":"https:\/\/marylandefc.org\/vi\/about\/how-we-started\/","title":{"rendered":"Ch\u00fang t\u00f4i \u0111\u00e3 b\u1eaft \u0111\u1ea7u nh\u01b0 th\u1ebf n\u00e0o"},"content":{"rendered":"<figure itemscope itemtype=\"https:\/\/schema.org\/ImageObject\">\n\t\t\t\t<img decoding=\"async\" src=\"https:\/\/marylandefc.org\/wp-content\/uploads\/2024\/02\/Vision-board-for-an-organization-on-how-it-starts-and-grows.jpg\" alt=\"Leaders at a vision board pointing to sticky notes\" height=\"800\" width=\"1200\" title=\"B\u1ea3ng t\u1ea7m nh\u00ecn cho m\u1ed9t t\u1ed5 ch\u1ee9c v\u1ec1 c\u00e1ch th\u1ee9c b\u1eaft \u0111\u1ea7u v\u00e0 ph\u00e1t tri\u1ec3n\" onerror=\"this.style.display='none'\" loading=\"lazy\" \/>\n\t<\/figure>\n\t<h1>CH\u00daNG T\u00d4I B\u1eaeT \u0110\u1ea6U NH\u01af TH\u1ebe N\u00c0O<\/h1>\n\t<h2>N\u01a1i m\u1ecdi th\u1ee9 b\u1eaft \u0111\u1ea7u<\/h2>\n<p>Maryland c\u00f3 l\u1ecbch s\u1eed l\u00e2u \u0111\u1eddi v\u1ec1 vi\u1ec7c c\u00e1c h\u1ecdc vi\u00ean v\u00e0 t\u1ed5 ch\u1ee9c c\u00f9ng nhau l\u00e0m vi\u1ec7c \u0111\u1ec3 \u01b0u ti\u00ean c\u00f4ng t\u00e1c ph\u00f2ng ng\u1eeba.<\/p>\n<strong><a href=\"https:\/\/www.healthcarevaluehub.org\/advocate-resources\/what-are-backbone-organizations\" target=\"_blank\" rel=\"noopener\">\u201cC\u00e1c t\u1ed5 ch\u1ee9c x\u01b0\u01a1ng s\u1ed1ng<\/a> ho\u1ea1t \u0111\u1ed9ng nh\u01b0 c\u00e1c c\u01a1 quan \u0111i\u1ec1u ph\u1ed1i t\u1eadp h\u1ee3p nhi\u1ec1u b\u00ean li\u00ean quan v\u00e0 d\u1eabn d\u1eaft n\u1ed7 l\u1ef1c \u0111\u1ed3ng b\u1ed9 \u0111\u1ec3 \u0111\u1ea1t \u0111\u01b0\u1ee3c m\u1ee5c ti\u00eau chung.\u201d<br \/>\n<\/strong>\n<p><a href=\"https:\/\/www.healthcarevaluehub.org\/\" target=\"_blank\" rel=\"noopener\">~ Trung t\u00e2m gi\u00e1 tr\u1ecb ch\u0103m s\u00f3c s\u1ee9c kh\u1ecfe<\/a><\/p>\n<h2>\n\t\t\tT\u1ed5 ch\u1ee9c x\u01b0\u01a1ng s\u1ed1ng\t<\/h2>\n\t<p>C\u00e1c t\u1ed5 ch\u1ee9c tr\u1ee5 c\u1ed9t ban \u0111\u1ea7u c\u1ee7a ch\u00fang t\u00f4i, The Family Tree v\u00e0 H\u1ed9i \u0111\u1ed3ng Ti\u1ec3u bang Maryland v\u1ec1 L\u1ea1m d\u1ee5ng v\u00e0 B\u1ecf b\u00ea Tr\u1ebb em (SCCAN), t\u1eeb l\u00e2u \u0111\u00e3 hi\u1ec3u r\u00f5 t\u00e1c \u0111\u1ed9ng s\u00e2u s\u1eafc c\u1ee7a vi\u1ec7c ng\u01b0\u1ee3c \u0111\u00e3i tr\u1ebb em v\u00e0 c\u00e1c Tr\u1ea3i nghi\u1ec7m Tu\u1ed5i th\u01a1 B\u1ea5t l\u1ee3i (ACE) kh\u00e1c \u0111\u1ed1i v\u1edbi s\u1ee9c kh\u1ecfe c\u1ee7a tr\u1ebb. D\u1eef li\u1ec7u \u0111\u00e3 \u0111\u01b0\u1ee3c ghi ch\u00e9p \u0111\u1ea7y \u0111\u1ee7, t\u1eeb s\u1ee9c kh\u1ecfe ng\u1eafn h\u1ea1n v\u00e0 d\u00e0i h\u1ea1n, c\u00e1c th\u00e1ch th\u1ee9c v\u1ec1 h\u00e0nh vi v\u00e0 ph\u00e1t tri\u1ec3n, cho \u0111\u1ebfn th\u00e0nh c\u00f4ng trong h\u1ecdc t\u1eadp, vi\u1ec7c l\u00e0m trong t\u01b0\u01a1ng lai v\u00e0 ti\u1ec1m n\u0103ng thu nh\u1eadp.\u00a0<\/p>\n<figure data-animation-delay=\".2\" data-animation-duration=\"1\" itemscope itemtype=\"https:\/\/schema.org\/ImageObject\">\n\t\t\t\t<img decoding=\"async\" src=\"https:\/\/marylandefc.org\/wp-content\/uploads\/2024\/02\/EFC-Leadership-Pat-Cronin-in-crowd-listening.jpg\" alt=\"EFC Leadership Pat Cronin in crowd listening\" height=\"800\" width=\"1200\" title=\"L\u00e3nh \u0111\u1ea1o EFC Pat Cronin trong \u0111\u00e1m \u0111\u00f4ng\" onerror=\"this.style.display='none'\" loading=\"lazy\" \/>\n\t<\/figure>\n<figure data-animation-delay=\".4\" data-animation-duration=\"1\" itemscope itemtype=\"https:\/\/schema.org\/ImageObject\">\n\t\t\t\t<img decoding=\"async\" src=\"https:\/\/marylandefc.org\/wp-content\/uploads\/2024\/02\/ACE-Interface-Policy-Maker-Reception-Attendees.jpg\" alt=\"ACE Interface Policy Maker Reception Attendees\" height=\"800\" width=\"1200\" title=\"Nh\u00f3m ti\u1ebfp t\u00e2n c\u1ee7a nh\u00e0 ho\u1ea1ch \u0111\u1ecbnh ch\u00ednh s\u00e1ch giao di\u1ec7n ACE\" onerror=\"this.style.display='none'\" loading=\"lazy\" \/>\n\t<\/figure>\n\t<p>Tuy nhi\u00ean, kh\u00f4ng c\u00f3 c\u01a1 quan ho\u1eb7c chi\u1ebfn l\u01b0\u1ee3c li\u00ean ng\u00e0nh ch\u00ednh th\u1ee9c n\u00e0o tr\u00ean to\u00e0n ti\u1ec3u bang \u0111\u1ec3 th\u00fac \u0111\u1ea9y ph\u00fac l\u1ee3i tr\u1ebb em v\u00e0 ng\u0103n ng\u1eeba c\u00e1c Tr\u1ea3i nghi\u1ec7m ti\u00eau c\u1ef1c th\u1eddi th\u01a1 \u1ea5u (ACE) c\u0169ng nh\u01b0 gi\u1ea3m thi\u1ec3u t\u00e1c \u0111\u1ed9ng c\u1ee7a ACE \u0111\u1ed1i v\u1edbi tr\u1ebb em v\u00e0 gia \u0111\u00ecnh c\u00e1c em.\u00a0<\/p>\n<p>L\u1ea5p \u0111\u1ea7y kho\u1ea3ng tr\u1ed1ng \u0111\u00f3 l\u00e0 \u0111\u1ed9ng l\u1ef1c th\u00fac \u0111\u1ea9y c\u00e1c \u0111\u1ed1i t\u00e1c c\u1ee7a ch\u00fang t\u00f4i th\u00e0nh l\u1eadp Maryland Essentials for Childhood. C\u00e1c t\u1ed5 ch\u1ee9c x\u01b0\u01a1ng s\u1ed1ng ban \u0111\u1ea7u, SCCAN v\u00e0 The Family Tree, v\u00e0 g\u1ea7n \u0111\u00e2y h\u01a1n l\u00e0 Maryland Information Network, h\u1ed7 tr\u1ee3 cho c\u00f4ng vi\u1ec7c chung v\u00e0 s\u1ef1 ph\u00e1t tri\u1ec3n c\u1ee7a Maryland Essentials for Childhood b\u1eb1ng c\u00e1ch tri\u1ec7u t\u1eadp c\u00e1c \u0111\u1ed1i t\u00e1c, h\u01b0\u1edbng d\u1eabn t\u1ea7m nh\u00ecn v\u00e0 chi\u1ebfn l\u01b0\u1ee3c, thi\u1ebft l\u1eadp c\u00e1c ph\u00e9p \u0111o chung, h\u1ed7 tr\u1ee3 c\u00e1c ho\u1ea1t \u0111\u1ed9ng th\u1ed1ng nh\u1ea5t, x\u00e2y d\u1ef1ng \u00fd ch\u00ed c\u00f4ng ch\u00fang, th\u00fac \u0111\u1ea9y ch\u00ednh s\u00e1ch v\u00e0 huy \u0111\u1ed9ng t\u00e0i tr\u1ee3.<\/p>\n\t\t<h2>SCCAN | H\u1ed9i \u0111\u1ed3ng Ti\u1ec3u bang Maryland v\u1ec1 L\u1ea1m d\u1ee5ng v\u00e0 B\u1ecf b\u00ea Tr\u1ebb em<\/h2>\n\t\t<p>H\u1ed9i \u0111\u1ed3ng Ti\u1ec3u bang Maryland v\u1ec1 L\u1ea1m d\u1ee5ng v\u00e0 B\u1ecf b\u00ea Tr\u1ebb em (SCCAN), \u0111\u01b0\u1ee3c th\u00e0nh l\u1eadp n\u0103m 1999, l\u00e0 ban c\u1ed1 v\u1ea5n cho Th\u1ed1ng \u0111\u1ed1c Maryland v\u00e0 \u0110\u1ea1i h\u1ed9i \u0111\u1ed3ng Maryland.\u00a0<\/p>\n<p>Th\u1ed1ng \u0111\u1ed1c b\u1ed5 nhi\u1ec7m m\u01b0\u1eddi l\u0103m c\u00f4ng d\u00e2n v\u00e0o SCCAN c\u00f3 chuy\u00ean m\u00f4n ho\u1eb7c kinh nghi\u1ec7m s\u1ed1ng v\u1ec1 t\u00ecnh tr\u1ea1ng l\u1ea1m d\u1ee5ng v\u00e0 b\u1ecf b\u00ea tr\u1ebb em: ng\u01b0\u1eddi s\u1ed1ng s\u00f3t, b\u00e1c s\u0129 nhi khoa, lu\u1eadt s\u01b0, c\u01a1 quan th\u1ef1c thi ph\u00e1p lu\u1eadt, chuy\u00ean gia s\u1ee9c kh\u1ecfe t\u00e2m th\u1ea7n, nh\u00e0 gi\u00e1o d\u1ee5c, nh\u00e0 l\u00e3nh \u0111\u1ea1o t\u00f4n gi\u00e1o v\u00e0 ng\u01b0\u1eddi \u1ee7ng h\u1ed9.\u00a0<\/p>\n<p>T\u00e1m th\u00e0nh vi\u00ean b\u1ed5 sung \u0111\u01b0\u1ee3c ch\u1ec9 \u0111\u1ecbnh b\u1edfi Th\u01b0\u1ee3ng vi\u1ec7n Maryland, H\u1ea1 vi\u1ec7n Maryland, T\u00f2a \u00e1n Maryland v\u00e0 c\u00e1c c\u01a1 quan ph\u1ee5c v\u1ee5 tr\u1ebb em v\u00e0 gia \u0111\u00ecnh c\u1ee7a Maryland \u2014 B\u1ed9 D\u1ecbch v\u1ee5 Nh\u00e2n sinh, B\u1ed9 Y t\u1ebf, B\u1ed9 Gi\u00e1o d\u1ee5c, B\u1ed9 D\u1ecbch v\u1ee5 V\u1ecb th\u00e0nh ni\u00ean v\u00e0 Hi\u1ec7p h\u1ed9i Lu\u1eadt s\u01b0 Ti\u1ec3u bang.\u00a0<\/p>\n<p>SCCAN b\u00e1o c\u00e1o h\u00e0ng n\u0103m v\u1edbi Th\u1ed1ng \u0111\u1ed1c v\u00e0 \u0110\u1ea1i h\u1ed9i \u0111\u1ed3ng v\u1ec1 vi\u1ec7c ph\u00f2ng ng\u1eeba, ph\u00e1t hi\u1ec7n, truy t\u1ed1 v\u00e0 \u0111i\u1ec1u tr\u1ecb t\u00ecnh tr\u1ea1ng l\u1ea1m d\u1ee5ng v\u00e0 b\u1ecf b\u00ea tr\u1ebb em. SCCAN t\u1ed5 ch\u1ee9c c\u00e1c cu\u1ed9c h\u1ecdp c\u00f4ng khai \u0111\u1ec3 ti\u1ebfp c\u1eadn c\u00f4ng ch\u00fang v\u00e0 \u0111\u00f3ng g\u00f3p \u00fd ki\u1ebfn nh\u1eb1m \u0111\u00e1nh gi\u00e1 t\u00e1c \u0111\u1ed9ng c\u1ee7a c\u00e1c ch\u00ednh s\u00e1ch v\u00e0 th\u00f4ng l\u1ec7 hi\u1ec7n h\u00e0nh \u0111\u1ed1i v\u1edbi tr\u1ebb em v\u00e0 gia \u0111\u00ecnh trong c\u1ed9ng \u0111\u1ed3ng.<\/p>\n\t\t\t<a href=\"\/vi\/partners\/meetings-reports\/\"  target=\"_self\">\n\t\t\t\t\t\tB\u00e1o c\u00e1o SCAAN \/ \u0110\u1ed1i t\u00e1c \/ Nh\u00f3m l\u00e0m vi\u1ec7c\n\t\t\t\t\t<\/a>\n<figure itemscope itemtype=\"https:\/\/schema.org\/ImageObject\">\n\t\t\t\t<img decoding=\"async\" src=\"https:\/\/marylandefc.org\/wp-content\/uploads\/2019\/01\/SCCAN-LOGO-CLEAR.png\" alt=\"SCCAN logo\" height=\"333\" width=\"579\" title=\"LOGO SCCAN R\u00d5 R\u00c0NG\" onerror=\"this.style.display='none'\" loading=\"lazy\" \/>\n\t<\/figure>\n<figure itemscope itemtype=\"https:\/\/schema.org\/ImageObject\">\n\t\t\t\t<img decoding=\"async\" src=\"https:\/\/marylandefc.org\/wp-content\/uploads\/2019\/01\/cropped-LBH_TFT_VERT_logo_rgb.png\" alt=\"The Family Tree logo\" height=\"332\" width=\"1046\" title=\"\u0111\u00e3 c\u1eaft-LBH_TFT_VERT_logo_rgb\" onerror=\"this.style.display='none'\" loading=\"lazy\" \/>\n\t<\/figure>\n\t\t<h2>C\u00e2y ph\u1ea3 h\u1ec7<\/h2>\n\t\t<p>Family Tree, \u0111\u01b0\u1ee3c th\u00e0nh l\u1eadp v\u00e0o n\u0103m 1997, l\u00e0 m\u1ed9t t\u1ed5 ch\u1ee9c to\u00e0n ti\u1ec3u bang v\u00e0 l\u00e0 c\u01a1 quan c\u00f3 th\u1ea9m quy\u1ec1n h\u00e0ng \u0111\u1ea7u trong vi\u1ec7c ph\u00f2ng ng\u1eeba t\u00ecnh tr\u1ea1ng ng\u01b0\u1ee3c \u0111\u00e3i v\u00e0 b\u1ecf b\u00ea tr\u1ebb em.\u00a0<\/p>\n<p>The Family Tree l\u00e0 chi nh\u00e1nh qu\u1ed1c gia c\u1ee7a Prevent Child Abuse America, Circle of Parents v\u00e0 Parents as Teachers. T\u1ea7m nh\u00ecn c\u1ee7a h\u1ecd l\u00e0 t\u1ea5t c\u1ea3 tr\u1ebb em \u0111\u1ec1u \u0111\u01b0\u1ee3c nu\u00f4i d\u01b0\u1ee1ng trong c\u00e1c gia \u0111\u00ecnh v\u00e0 c\u1ed9ng \u0111\u1ed3ng an to\u00e0n v\u00e0 \u0111\u01b0\u1ee3c h\u1ed7 tr\u1ee3. H\u1ecd th\u1ef1c hi\u1ec7n s\u1ee9 m\u1ec7nh c\u1ee7a m\u00ecnh th\u00f4ng qua c\u00e1c ch\u01b0\u01a1ng tr\u00ecnh \u0111\u00e3 \u0111\u01b0\u1ee3c ch\u1ee9ng minh, d\u1ef1a tr\u00ean nghi\u00ean c\u1ee9u, gi\u00fap c\u1ee7ng c\u1ed1 c\u00e1c gia \u0111\u00ecnh v\u00e0 ph\u00e1 v\u1ee1 chu k\u1ef3 l\u1ea1m d\u1ee5ng v\u00e0 b\u1ecf b\u00ea.\u00a0<\/p>\n\t\t\t<a href=\"https:\/\/www.familytreemd.org\/\" target=\"_self\" rel=\"noopener\">\n\t\t\t\t\t\tTruy c\u1eadp familytreemd.org\n\t\t\t\t\t<\/a>\n\t\t<h2>M\u1ea1ng l\u01b0\u1edbi th\u00f4ng tin Maryland<\/h2>\n\t\t<p>M\u1ea1ng l\u01b0\u1edbi Th\u00f4ng tin Maryland l\u00e0 H\u1ec7 th\u1ed1ng Th\u00f4ng tin v\u00e0 Gi\u1edbi thi\u1ec7u v\u1ec1 d\u1ecbch v\u1ee5 y t\u1ebf v\u00e0 nh\u00e2n sinh to\u00e0n di\u1ec7n nh\u1ea5t c\u1ee7a ti\u1ec3u bang. V\u1edbi h\u01a1n 7.500 ngu\u1ed3n l\u1ef1c, nh\u1eefng c\u00e1 nh\u00e2n c\u00f3 nhu c\u1ea7u thi\u1ebft y\u1ebfu c\u00f3 th\u1ec3 \u0111\u01b0\u1ee3c k\u1ebft n\u1ed1i v\u1edbi d\u1ecbch v\u1ee5 h\u1ed7 tr\u1ee3 t\u1ea1i \u0111\u1ecba ph\u01b0\u01a1ng 24\/7\/365.<\/p>\n<p>M\u1ea1ng l\u01b0\u1edbi Th\u00f4ng tin Maryland l\u00e0 m\u1ed9t t\u1ed5 ch\u1ee9c phi l\u1ee3i nhu\u1eadn k\u1ec3 t\u1eeb n\u0103m 2010.<\/p>\n\t\t\t<a href=\"https:\/\/mdinfonet.org\/\" target=\"_self\" rel=\"noopener\">\n\t\t\t\t\t\tTruy c\u1eadp mdinfonet.org\n\t\t\t\t\t<\/a>\n<figure itemscope itemtype=\"https:\/\/schema.org\/ImageObject\">\n\t\t\t\t<img decoding=\"async\" src=\"https:\/\/marylandefc.org\/wp-content\/uploads\/2025\/05\/2022_MIN_Logo_RGB.svg\" alt=\"Maryland Information Network RGB Logo\" height=\"444\" width=\"1270\" title=\"2022_MIN_Logo_RGB\" onerror=\"this.style.display='none'\" loading=\"lazy\" \/>\n\t<\/figure>\n<h2>\n\t\t\t\u0110\u1ed1i t\u00e1c t\u01b0 duy\t<\/h2>\n\t<h3>Khi Maryland Essentials for Childhood (EFC) ti\u1ebfp t\u1ee5c ph\u00e1t tri\u1ec3n v\u00e0 m\u1edf r\u1ed9ng, ch\u00fang t\u00f4i ti\u1ebfp t\u1ee5c nh\u1eadn ra t\u1ea7m quan tr\u1ecdng c\u1ee7a nh\u1eefng c\u1ed9ng s\u1ef1 t\u01b0 duy \u0111\u1ecbnh h\u00ecnh khoa h\u1ecdc v\u00e0 gi\u00fap \u0111\u01b0a khoa h\u1ecdc v\u00e0o th\u1ef1c ti\u1ec5n. <\/h3>\n<figure itemscope itemtype=\"https:\/\/schema.org\/ImageObject\">\n\t\t\t\t<img decoding=\"async\" src=\"https:\/\/marylandefc.org\/wp-content\/uploads\/2024\/01\/Essentials-for-Childhood-logo-cropped-e1705972680811.png\" alt=\"Essentials for Childhood logo\" height=\"151\" width=\"413\" title=\"Logo Essentials for Childhood \u0111\u00e3 \u0111\u01b0\u1ee3c c\u1eaft\" onerror=\"this.style.display='none'\" loading=\"lazy\" \/>\n\t<\/figure>\n\t\t<h3>\u0110\u1ec1 xu\u1ea5t chi\u1ebfn l\u01b0\u1ee3c<\/h3>\n\t\t<p>Trung t\u00e2m Ki\u1ec3m so\u00e1t v\u00e0 Ph\u00f2ng ng\u1eeba D\u1ecbch b\u1ec7nh (CDC), Essentials for Childhood \u0111\u1ec1 xu\u1ea5t c\u00e1c chi\u1ebfn l\u01b0\u1ee3c m\u00e0 c\u1ed9ng \u0111\u1ed3ng c\u00f3 th\u1ec3 c\u00e2n nh\u1eafc \u0111\u1ec3 th\u00fac \u0111\u1ea9y c\u00e1c lo\u1ea1i m\u1ed1i quan h\u1ec7 v\u00e0 m\u00f4i tr\u01b0\u1eddng gi\u00fap tr\u1ebb em l\u1edbn l\u00ean tr\u1edf th\u00e0nh nh\u1eefng c\u00f4ng d\u00e2n kh\u1ecfe m\u1ea1nh v\u00e0 c\u00f3 \u00edch \u0111\u1ec3 h\u1ecd c\u00f3 th\u1ec3 x\u00e2y d\u1ef1ng gia \u0111\u00ecnh v\u00e0 c\u1ed9ng \u0111\u1ed3ng b\u1ec1n v\u1eefng v\u00e0 an to\u00e0n h\u01a1n cho con em m\u00ecnh.<\/p>\n<p>S\u00e1ng ki\u1ebfn &quot;Nh\u1eefng \u0111i\u1ec1u thi\u1ebft y\u1ebfu cho tr\u1ebb em&quot; ban \u0111\u1ea7u c\u1ee7a CDC d\u00e0nh cho c\u00e1c ti\u1ec3u bang cam k\u1ebft ph\u00e1t tri\u1ec3n t\u00edch c\u1ef1c cho tr\u1ebb em v\u00e0 gia \u0111\u00ecnh, \u0111\u1eb7c bi\u1ec7t l\u00e0 ph\u00f2ng ng\u1eeba m\u1ecdi h\u00ecnh th\u1ee9c l\u1ea1m d\u1ee5ng v\u00e0 b\u1ecf b\u00ea tr\u1ebb em. Ch\u01b0\u01a1ng tr\u00ecnh ban \u0111\u1ea7u k\u1ebft th\u00fac v\u00e0o n\u0103m 2023, v\u00e0 CDC \u0111\u00e3 t\u1eadp trung l\u1ea1i c\u00e1c n\u1ed7 l\u1ef1c c\u1ee7a m\u00ecnh v\u1edbi t\u00ean g\u1ecdi &quot;Nh\u1eefng \u0111i\u1ec1u thi\u1ebft y\u1ebfu cho tr\u1ebb em: Ph\u00f2ng ng\u1eeba nh\u1eefng tr\u1ea3i nghi\u1ec7m ti\u00eau c\u1ef1c \u1edf tr\u1ebb em th\u00f4ng qua D\u1eef li\u1ec7u \u0111\u1ec3 H\u00e0nh \u0111\u1ed9ng&quot;.\u00a0<\/p>\n<p>Maryland Essentials for Childhood ti\u1ebfp t\u1ee5c nh\u1eadn \u0111\u01b0\u1ee3c h\u1ed7 tr\u1ee3 k\u1ef9 thu\u1eadt v\u00e0 ghi nh\u1eadn s\u1ef1 h\u1ed7 tr\u1ee3 m\u00e0 ch\u00fang t\u00f4i nh\u1eadn \u0111\u01b0\u1ee3c t\u1eeb CDC trong vi\u1ec7c thi\u1ebft l\u1eadp c\u00e1c m\u1ee5c ti\u00eau chung.\u00a0<\/p>\n<p>T\u1ed5 ch\u1ee9c Ph\u00f2ng ch\u1ed1ng L\u1ea1m d\u1ee5ng Tr\u1ebb em Hoa K\u1ef3 \u0111\u00e3 ch\u1ecdn ch\u01b0\u01a1ng tr\u00ecnh Maryland Essentials for Childhood l\u00e0m tr\u01b0\u1eddng h\u1ee3p nghi\u00ean c\u1ee9u trong \u1ea5n ph\u1ea9m th\u00e1ng 1 n\u0103m 2026 c\u1ee7a m\u00ecnh. <em>K\u1ebft n\u1ed1i thi\u1ebft y\u1ebfu<\/em>. Maryland l\u00e0 m\u1ed9t ti\u1ec3u bang t\u1ef1 t\u00fac v\u1ec1 t\u00e0i ch\u00ednh, c\u00f2n ti\u1ec3u bang kh\u00e1c \u0111\u01b0\u1ee3c \u0111\u1ec1 c\u1eadp, Georgia, l\u00e0 m\u1ed9t ti\u1ec3u bang \u0111\u01b0\u1ee3c tr\u1ee3 c\u1ea5p t\u1eeb ng\u00e2n s\u00e1ch nh\u00e0 n\u01b0\u1edbc.<\/p>\n\t\t\t<a href=\"https:\/\/preventchildabuse.org\/wp-content\/uploads\/2025\/12\/EfC-Case-Study-Nov-2025.pdf\" target=\"_self\" rel=\"noopener\">\n\t\t\t\t\t\t\u0110\u1ecdc nghi\u00ean c\u1ee9u tr\u01b0\u1eddng h\u1ee3p\n\t\t\t\t\t<\/a>\n<figure itemscope itemtype=\"https:\/\/schema.org\/ImageObject\">\n\t\t\t\t<img decoding=\"async\" src=\"https:\/\/marylandefc.org\/wp-content\/uploads\/2024\/02\/ACE-Interface-Policy-Maker-Reception-Group-Photo.jpg\" alt=\"ACE Interface Policy Maker Reception\" height=\"800\" width=\"1200\" title=\"\u1ea2nh Nh\u00f3m ti\u1ebfp t\u00e2n c\u1ee7a Nh\u00e0 ho\u1ea1ch \u0111\u1ecbnh ch\u00ednh s\u00e1ch giao di\u1ec7n ACE\" onerror=\"this.style.display='none'\" loading=\"lazy\" \/>\n\t<\/figure>\n<h2>\n\t\t\tQua nhi\u1ec1u n\u0103m\t<\/h2>\n\t<p>Maryland Essentials for Childhood \u0111\u01b0\u1ee3c th\u00e0nh l\u1eadp v\u00e0o n\u0103m 2014, nh\u01b0ng nh\u1eefng b\u01b0\u1edbc \u0111\u1ec7m cho s\u00e1ng ki\u1ebfn t\u00e1c \u0111\u1ed9ng t\u1eadp th\u1ec3 n\u00e0y \u0111\u00e3 b\u1eaft \u0111\u1ea7u h\u00ecnh th\u00e0nh t\u1eeb nhi\u1ec1u th\u1eadp k\u1ef7 tr\u01b0\u1edbc \u0111\u00f3.<\/p>\n<p><a href=\"\/vi\/about\/timeline\/\">Xem D\u00f2ng th\u1eddi gian c\u1ee7a ch\u00fang t\u00f4i<\/a><\/p>","protected":false},"excerpt":{"rendered":"<p>CH\u00daNG T\u00d4I B\u1eaeT \u0110\u1ea6U T\u1eea \u0110\u00c2U? Maryland c\u00f3 l\u1ecbch s\u1eed l\u00e2u \u0111\u1eddi v\u1ec1 vi\u1ec7c c\u00e1c chuy\u00ean gia v\u00e0 t\u1ed5 ch\u1ee9c c\u00f9ng nhau h\u1ee3p t\u00e1c \u0111\u1ec3 \u01b0u ti\u00ean ph\u00f2ng ng\u1eeba. &quot;C\u00e1c t\u1ed5 ch\u1ee9c x\u01b0\u01a1ng s\u1ed1ng \u0111\u00f3ng vai tr\u00f2 l\u00e0 c\u01a1 quan \u0111i\u1ec1u ph\u1ed1i, t\u1eadp h\u1ee3p nhi\u1ec1u b\u00ean li\u00ean quan v\u00e0 d\u1eabn d\u1eaft n\u1ed7 l\u1ef1c \u0111\u1ed3ng b\u1ed9 \u0111\u1ec3 \u0111\u1ea1t \u0111\u01b0\u1ee3c m\u1ee5c ti\u00eau chung.&quot; ~ Trung t\u00e2m Gi\u00e1 tr\u1ecb Ch\u0103m s\u00f3c S\u1ee9c kh\u1ecfe C\u00e1c T\u1ed5 ch\u1ee9c X\u01b0\u01a1ng s\u1ed1ng c\u1ee7a ch\u00fang t\u00f4i\u2026<\/p>","protected":false},"author":1,"featured_media":26978,"parent":25,"menu_order":0,"comment_status":"closed","ping_status":"closed","template":"","meta":{"footnotes":""},"class_list":["post-3272","page","type-page","status-publish","has-post-thumbnail","hentry"],"_links":{"self":[{"href":"https:\/\/marylandefc.org\/vi\/wp-json\/wp\/v2\/pages\/3272","targetHints":{"allow":["GET"]}}],"collection":[{"href":"https:\/\/marylandefc.org\/vi\/wp-json\/wp\/v2\/pages"}],"about":[{"href":"https:\/\/marylandefc.org\/vi\/wp-json\/wp\/v2\/types\/page"}],"author":[{"embeddable":true,"href":"https:\/\/marylandefc.org\/vi\/wp-json\/wp\/v2\/users\/1"}],"replies":[{"embeddable":true,"href":"https:\/\/marylandefc.org\/vi\/wp-json\/wp\/v2\/comments?post=3272"}],"version-history":[{"count":0,"href":"https:\/\/marylandefc.org\/vi\/wp-json\/wp\/v2\/pages\/3272\/revisions"}],"up":[{"embeddable":true,"href":"https:\/\/marylandefc.org\/vi\/wp-json\/wp\/v2\/pages\/25"}],"wp:featuredmedia":[{"embeddable":true,"href":"https:\/\/marylandefc.org\/vi\/wp-json\/wp\/v2\/media\/26978"}],"wp:attachment":[{"href":"https:\/\/marylandefc.org\/vi\/wp-json\/wp\/v2\/media?parent=3272"}],"curies":[{"name":"wp","href":"https:\/\/api.w.org\/{rel}","templated":true}]}}