{"id":3276,"date":"2024-01-18T13:29:52","date_gmt":"2024-01-18T21:29:52","guid":{"rendered":"https:\/\/marylandefc.org\/?page_id=3276"},"modified":"2026-02-13T17:34:29","modified_gmt":"2026-02-14T01:34:29","slug":"leadership","status":"publish","type":"page","link":"https:\/\/marylandefc.org\/vi\/about\/leadership\/","title":{"rendered":"\u0110\u1ed9i H\u00e0nh \u0111\u1ed9ng L\u00e3nh \u0111\u1ea1o"},"content":{"rendered":"<figure itemscope itemtype=\"https:\/\/schema.org\/ImageObject\">\n\t\t\t\t<img decoding=\"async\" src=\"https:\/\/marylandefc.org\/wp-content\/uploads\/2024\/02\/Multicultural-leadership-team-with-hands-together-in-circle.jpg\" alt=\"Multicultural leadership team with hands together in circle\" height=\"800\" width=\"1200\" title=\"\u0110\u1ed9i ng\u0169 l\u00e3nh \u0111\u1ea1o \u0111a v\u0103n h\u00f3a ch\u1eafp tay th\u00e0nh v\u00f2ng tr\u00f2n\" onerror=\"this.style.display='none'\" loading=\"lazy\" \/>\n\t<\/figure>\n\t<h1>\u0110\u1ed8I H\u00c0NH \u0110\u1ed8NG L\u00c3NH \u0110\u1ea0O<\/h1>\n\t<h2>Nh\u1eefng n\u1ed7 l\u1ef1c h\u1ee3p t\u00e1c c\u1ee7a ch\u00fang t\u00f4i<\/h2>\n<p>Maryland Essentials for Childhood (EFC) l\u00e0 m\u1ed9t t\u1ed5 ch\u1ee9c do c\u00e1c t\u00ecnh nguy\u1ec7n vi\u00ean l\u00e3nh \u0111\u1ea1o, s\u1eb5n s\u00e0ng h\u1ee3p t\u00e1c v\u1edbi c\u00e1c c\u00e1 nh\u00e2n, t\u1ed5 ch\u1ee9c v\u00e0 c\u01a1 quan h\u1ed7 tr\u1ee3 s\u1ee9 m\u1ec7nh v\u00e0 m\u1ee5c ti\u00eau c\u1ee7a ch\u00fang t\u00f4i. <\/p>\n<p>C\u00e1c c\u00e1 nh\u00e2n ph\u1ee5c v\u1ee5 trong Nh\u00f3m H\u00e0nh \u0111\u1ed9ng L\u00e3nh \u0111\u1ea1o c\u1ee7a ch\u00fang t\u00f4i \u0111\u00e3 cam k\u1ebft d\u1eabn d\u1eaft t\u1ed5 ch\u1ee9c c\u1ee7a ch\u00fang t\u00f4i ti\u1ebfn t\u1edbi giai \u0111o\u1ea1n t\u0103ng tr\u01b0\u1edfng ti\u1ebfp theo.<\/p>\n<h2>\n\t\t\tGh\u1ebf\t<\/h2>\n\t\t<h3>Wendy G. \u0110\u01b0\u1eddng<\/h3><strong>Gh\u1ebf<br \/>\n<\/strong>C\u00f4 \u1ea5y\/C\u00f4 \u1ea5y\n<strong>Gi\u00e1m \u0111\u1ed1c, Ch\u01b0\u01a1ng tr\u00ecnh n\u1ed9i tr\u00fa Y h\u1ecdc d\u1ef1 ph\u00f2ng<br \/>\n\u0110\u1ea1i h\u1ecdc Maryland, Khoa Y<\/strong>\n<p>Wendy&#8217;s past experience as the Chair of the Maryland State Council for Child Abuse and Neglect, and her current role as Chair of the Foster Care and Child Maltreatment Committee for the Maryland Chapter of the American Academy of Pediatrics simply add to her wealth of professional experience as a pediatrician. <\/p>\n<p>Wendy s\u1ed1ng \u1edf Pikesville v\u1edbi ng\u01b0\u1eddi ch\u1ed3ng \u0111\u00e3 g\u1eafn b\u00f3 25 n\u0103m v\u00e0 v\u1eabn gi\u1eef li\u00ean l\u1ea1c v\u1edbi hai ng\u01b0\u1eddi con trai \u0111\u00e3 tr\u01b0\u1edfng th\u00e0nh, m\u1ed9t \u0111ang h\u1ecdc \u0111\u1ea1i h\u1ecdc v\u00e0 m\u1ed9t \u0111ang \u0111i l\u00e0m.<\/p>\n\t<h4><strong>T\u1ea1i sao l\u00e0m vi\u1ec7c t\u1eadp th\u1ec3 l\u1ea1i quan tr\u1ecdng \u0111\u1ed1i v\u1edbi c\u00f4ng vi\u1ec7c t\u1ea1i EFC?<\/strong><strong><br \/>\n<\/strong><\/h4>\n<p>&#8220;There are so many organizations, groups, and individuals doing wonderful things to help prevent child maltreatment and improve the well-being of children. None can do this on their own, but if we work synergistically, we can limit redundancy and build on what others are doing to effect meaningful change.&#8221;<\/p>\n<p>&nbsp;<\/p>\n<h2>\n\t\t\tTh\u00e0nh vi\u00ean\t<\/h2>\n\t\t<h3>Quinton H\u1ecfi<\/h3><strong>Th\u00e0nh vi\u00ean<br \/>\n<\/strong>Anh \u1ea5y\/Anh \u1ea5y\n<p><b>T\u01b0 v\u1ea5n<\/b><\/p>\n<p>Quinton mang kinh nghi\u1ec7m c\u1ee7a m\u00ecnh trong c\u00e1c l\u0129nh v\u1ef1c phi l\u1ee3i nhu\u1eadn v\u00e0 ch\u00ednh ph\u1ee7 \u0111\u1ebfn t\u1ed5 ch\u1ee9c, c\u00f9ng v\u1edbi cam k\u1ebft l\u00e0m c\u1ed1 v\u1ea5n cho H\u1ed9i \u0111\u1ed3ng c\u1ed9ng \u0111\u1ed3ng kh\u1ee7ng ho\u1ea3ng thu\u1ed1c phi\u1ec7n c\u1ee7a Qu\u1eadn Howard v\u00e0 l\u00e0 Ng\u01b0\u1eddi s\u00e1ng l\u1eadp Qu\u1ef9 Conscious Minds.\u00a0<\/p>\n<p>Quinton s\u1ed1ng \u1edf Gwynn Oak v\u1edbi c\u1eb7p song sinh, m\u1ed9t trai v\u00e0 m\u1ed9t g\u00e1i.\u00a0<\/p>\n<p>\u00d4ng l\u00e0 gi\u00e1m \u0111\u1ed1c \u0111i\u1ec1u h\u00e0nh c\u1ee7a <a href=\"https:\/\/ohanahc.org\/\" target=\"_blank\" rel=\"noopener\">Ohana c\u1ee7a Qu\u1eadn Howard<\/a> (OhanaHC) and former President and CEO of the Maryland Information Network, which powers 211 services in Maryland.<\/p>\n\t<h4><strong>What&#8217;s one thing you wish you&#8217;d known when you first became a parent?<\/strong><strong><br \/>\n<\/strong><\/h4>\n<p>&#8220;I wish I had known the importance of self-care. Taking care of myself allows me to be a better parent. I wish I had known that asking for help is a strength, not a weakness. Building a support system is crucial in navigating the challenges of parenthood. Finally, understanding the importance of being flexible and parenting. Every child is unique, and you must be adaptable.&#8221;<\/p>\n\t\t<h3>Kenyn Benjamin<\/h3><strong>Th\u00e0nh vi\u00ean<br \/>\n<\/strong>Anh \u1ea5y\/Anh \u1ea5y\n<strong>Ch\u1ee7 t\u1ecbch &amp; T\u1ed5ng gi\u00e1m \u0111\u1ed1c \u0111i\u1ec1u h\u00e0nh<br \/>\nM\u1ea1ng l\u01b0\u1edbi th\u00f4ng tin Maryland\u00a0<\/strong>\n<p>Kenyn c\u00f3 h\u01a1n hai th\u1eadp k\u1ef7 kinh nghi\u1ec7m trong l\u0129nh v\u1ef1c d\u1ecbch v\u1ee5 nh\u00e2n sinh khu v\u1ef1c c\u00f4ng, t\u1eadp trung v\u00e0o vi\u1ec7c th\u00fac \u0111\u1ea9y c\u00e1c h\u1ec7 th\u1ed1ng x\u00e3 h\u1ed9i gi\u00fap c\u1ee7ng c\u1ed1 c\u00e1 nh\u00e2n, gia \u0111\u00ecnh v\u00e0 c\u1ed9ng \u0111\u1ed3ng. L\u00e0 m\u1ed9t nh\u00e0 l\u00e3nh \u0111\u1ea1o c\u00f3 t\u01b0 duy h\u1ec7 th\u1ed1ng, Kenyn cam k\u1ebft bi\u1ebfn t\u1ea7m nh\u00ecn th\u00e0nh h\u00e0nh \u0111\u1ed9ng, x\u00e2y d\u1ef1ng c\u00e1c c\u1ea5u tr\u00fac mang l\u1ea1i s\u1ef1 h\u1ed7 tr\u1ee3 th\u1ef1c s\u1ef1 v\u00e0 th\u00fac \u0111\u1ea9y thay \u0111\u1ed5i l\u00e2u d\u00e0i trong c\u00e1c h\u1ec7 th\u1ed1ng c\u00f4ng.<\/p>\n<p>V\u1edbi chuy\u00ean m\u00f4n v\u1ec1 ki\u1ebfn tr\u00fac doanh nghi\u1ec7p, ph\u00e1t tri\u1ec3n t\u1ed5 ch\u1ee9c v\u00e0 th\u1ef1c hi\u1ec7n chi\u1ebfn l\u01b0\u1ee3c, Kenyn th\u00e1ch th\u1ee9c c\u00e1c gi\u1ea3 \u0111\u1ecbnh v\u00e0 t\u00e1i \u0111\u1ecbnh h\u00ecnh c\u00e1ch c\u00e1c t\u1ed5 ch\u1ee9c t\u1ea1o ra gi\u00e1 tr\u1ecb, h\u01b0\u1edbng t\u1edbi c\u00e1c c\u1ed9ng \u0111\u1ed3ng m\u1ea1nh m\u1ebd v\u00e0 ki\u00ean c\u01b0\u1eddng h\u01a1n.<\/p>\n<p>Kenyn builds resilience in his own life by creating structure amid chaos, whether through music, routines, or reflection. It keeps his mind steady so he can operate under pressure. He&#8217;s actively involved in the Business Architecture Guild and is a musician.<\/p>\n<p>Kenyn&#8217;s childhood in East Baltimore, where co-op gardens and the Shares program were a vital food resource for his family and neighbors, anchors his dedication to community-centered solutions. He brings that lived experience to his work at <a href=\"https:\/\/mdinfonet.org\/\" target=\"_blank\" rel=\"noopener\">M\u1ea1ng l\u01b0\u1edbi th\u00f4ng tin Maryland<\/a>, cung c\u1ea5p n\u0103ng l\u01b0\u1ee3ng cho 211 d\u1ecbch v\u1ee5.<\/p>\n\t<h4><strong>\u0110i\u1ec1u g\u00ec khi\u1ebfn b\u1ea1n h\u1ee9ng th\u00fa v\u1ec1 khoa h\u1ecdc n\u00e3o b\u1ed9 v\u00e0 vi\u1ec7c gi\u1ea3ng d\u1ea1y kh\u1ea3 n\u0103ng ph\u1ee5c h\u1ed3i?<\/strong><strong><br \/>\n<\/strong><\/h4>\n<p>&#8220;Brain science gives people language for what they&#8217;ve lived through. It turns survival into something understandable, and resilience into something teachable.&#8221;<\/p>\n<p>&nbsp;<\/p>\n\t\t<h3>Stacey N\u00e2u<\/h3><strong>Th\u00e0nh vi\u00ean<br \/>\n<\/strong>C\u00f4 \u1ea5y\/C\u00f4 \u1ea5y\n<strong>Gi\u00e1m \u0111\u1ed1c \u0111i\u1ec1u h\u00e0nh<br \/>\nC\u00e2y ph\u1ea3 h\u1ec7<\/strong>\n<p>Stacey mang \u0111\u1ebfn ki\u1ebfn th\u1ee9c s\u00e2u r\u1ed9ng v\u00e0 kinh nghi\u1ec7m trong l\u0129nh v\u1ef1c ph\u00f2ng ch\u1ed1ng l\u1ea1m d\u1ee5ng tr\u1ebb em, d\u1ecbch v\u1ee5 h\u1ed7 tr\u1ee3 nu\u00f4i d\u1ea1y con c\u00e1i v\u00e0 x\u00e2y d\u1ef1ng c\u1ed9ng \u0111\u1ed3ng th\u00f4ng qua s\u1ef1 nghi\u1ec7p c\u1ee7a m\u00ecnh trong l\u0129nh v\u1ef1c phi l\u1ee3i nhu\u1eadn. Hi\u1ec7n t\u1ea1i, c\u00f4 l\u00e0 Gi\u00e1m \u0111\u1ed1c \u0110i\u1ec1u h\u00e0nh c\u1ee7a The Family Tree, \u0111\u1ed3ng th\u1eddi l\u00e0 Chi nh\u00e1nh Maryland c\u1ee7a t\u1ed5 ch\u1ee9c Prevent Child Abuse America. B\u00ean c\u1ea1nh vai tr\u00f2 l\u00e3nh \u0111\u1ea1o t\u1ea1i <a href=\"https:\/\/www.familytreemd.org\/\" target=\"_blank\" rel=\"noopener\">C\u00e2y ph\u1ea3 h\u1ec7<\/a>,\u00a0Stacey\u00a0is also a member of the Coalition to Protect Maryland&#8217;s Children and the State Council on Child Abuse and Neglect.<\/p>\n<p>Stacey s\u1ed1ng \u1edf Middle River c\u00f9ng gia \u0111\u00ecnh v\u00e0 th\u00edch l\u00e0m m\u1eb9 c\u1ee7a m\u1ed9t c\u1ea7u th\u1ee7 b\u00f3ng \u0111\u00e1 v\u00e0 gi\u1eef li\u00ean l\u1ea1c v\u1edbi h\u1ed9i c\u1ef1u h\u1ecdc sinh trung h\u1ecdc c\u1ee7a m\u00ecnh.<\/p>\n<p>&nbsp;<\/p>\n\t<h4><strong>B\u1ea1n l\u00e0m g\u00ec \u0111\u1ec3 x\u00e2y d\u1ef1ng kh\u1ea3 n\u0103ng ph\u1ee5c h\u1ed3i cho b\u1ea3n th\u00e2n?<\/strong><strong><br \/>\n<\/strong><\/h4>\n<p>&#8220;In order to build and maintain resilience, I practice self-care which includes meditating and utilizing my support system.&#8221;<\/p>\n\t\t<h3>Edward &#8220;Ted&#8221; Gallo<\/h3><strong>Th\u00e0nh vi\u00ean<br \/>\n<\/strong>Anh \u1ea5y\/Anh \u1ea5y\n<b>Gi\u00e1m \u0111\u1ed1c \u0111i\u1ec1u h\u00e0nh<\/b><br \/>\n<b>H\u1ed9i \u0111\u1ed3ng Nh\u00e0 n\u01b0\u1edbc v\u1ec1 L\u1ea1m d\u1ee5ng v\u00e0 B\u1ecf b\u00ea Tr\u1ebb em (SCCAN)<\/b>\n<p>Ted&#8217;s experience as a certified social worker and his leadership with SCCAN put him at the forefront of issues impacting Maryland&#8217;s children and families. SCCAN is an advisory board that makes recommendations to the Governor and General Assembly on policies and training to prevent child abuse and neglect. Ted is dedicated to strengthening systems and building a safer, more responsive child protection framework through public policy, child welfare, and community engagement.<\/p>\n<p>\u00d4ng s\u1ed1ng \u1edf Chestertown, qu\u1eadn nh\u1ecf nh\u1ea5t Maryland (Qu\u1eadn Kent), c\u00f9ng ng\u01b0\u1eddi v\u1ee3 \u0111\u00e3 chung s\u1ed1ng 25 n\u0103m. H\u1ecd c\u00f3 ba ng\u01b0\u1eddi con, trong \u0111\u00f3 c\u00f3 hai b\u00e9 trai sinh \u0111\u00f4i gi\u1ed1ng h\u1ec7t nhau.\u00a0<\/p>\n<p>Ted r\u1ea5t t\u00edch c\u1ef1c tham gia c\u00e1c ho\u1ea1t \u0111\u1ed9ng c\u1ed9ng \u0111\u1ed3ng, t\u1eebng ph\u1ee5c v\u1ee5 trong \u1ee6y ban Khu di t\u00edch l\u1ecbch s\u1eed v\u00e0 hi\u1ec7n \u0111ang ph\u1ee5c v\u1ee5 trong \u1ee6y ban \u0111\u1ea1o \u0111\u1ee9c Chestertown.<\/p>\n\t<h4><strong>What&#8217;s one thing you wish you&#8217;d known when you first became a parent?<\/strong><strong><br \/>\n<\/strong><\/h4>\n<p>&#8220;As the parent of a child with special needs, I wish that I had known how difficult it can be to get services. I wish that I had known where to get help. I wish that I could go back in time and tell myself that everything will be okay with the supports that we put in place ourselves.&#8221;<\/p>\n\t\t<h3>Frank Kros<\/h3><strong>Th\u00e0nh vi\u00ean<br \/>\n<\/strong>Anh \u1ea5y\/Anh \u1ea5y<br \/>\n<strong><br \/>\nCh\u1ee7 t\u1ecbch<br \/>\n<\/strong><strong>Nh\u00f3m h\u1ecdc t\u1eadp Kros<\/strong>\n<p>Frank is an award-winning public speaker, trainer, and change agent who educates adults on childhood trauma and resilience. He is a skilled child advocate with experience practicing child custody and juvenile law, an author, a visionary leader, and he&#8217;s passionate and committed to improving services for traumatized children on the local, state, and national levels through <a href=\"https:\/\/www.kroslearninggroup.com\/\" target=\"_blank\" rel=\"noopener\">Nh\u00f3m h\u1ecdc t\u1eadp Kros<\/a>.<\/p>\n<p>He was selected as an Adverse Childhood Experiences Master Trainer for the state of Maryland (ACE Interface), provided expert testimony on childhood trauma to the United States Senate, and received the 2025 Unsung Hero award from The Family Tree for certifying trainers for Maryland&#8217;s ACE Aware Project.<\/p>\n<p>Frank s\u1ed1ng \u1edf Fallston c\u00f9ng v\u1ee3, Shawn Reagle Kros, v\u00e0 l\u00e0 cha c\u1ee7a hai \u0111\u1ee9a con \u0111\u00e3 tr\u01b0\u1edfng th\u00e0nh, \u0111\u1ed3ng th\u1eddi l\u00e0 t\u00ecnh nguy\u1ec7n vi\u00ean c\u1ee7a Tr\u01b0\u1eddng Highlands v\u00e0 Trung t\u00e2m H\u1ed7 tr\u1ee3 N\u1ea1n nh\u00e2n X\u00e2m h\u1ea1i T\u00ecnh d\u1ee5c\/B\u1ea1o h\u00e0nh V\u1ee3\/Ch\u1ed3ng (SARC). L\u00e0 m\u1ed9t di\u1ec5n gi\u1ea3 v\u1ec1 kh\u1ea3 n\u0103ng ph\u1ee5c h\u1ed3i, gi\u1eefa l\u1ecbch tr\u00ecnh c\u00f4ng t\u00e1c b\u1eadn r\u1ed9n, Frank t\u1ef1 x\u00e2y d\u1ef1ng kh\u1ea3 n\u0103ng ph\u1ee5c h\u1ed3i c\u1ee7a m\u00ecnh b\u1eb1ng c\u00e1ch l\u00e0m v\u01b0\u1eddn, t\u1eadp th\u1ec3 d\u1ee5c, \u0111\u1ecdc s\u00e1ch v\u00e0 th\u1ef1c h\u00e0nh ch\u00e1nh ni\u1ec7m.<\/p>\n\t<h4><strong>\u0110i\u1ec1u g\u00ec khi\u1ebfn b\u1ea1n h\u1ee9ng th\u00fa v\u1ec1 khoa h\u1ecdc n\u00e3o b\u1ed9 v\u00e0 vi\u1ec7c gi\u1ea3ng d\u1ea1y kh\u1ea3 n\u0103ng ph\u1ee5c h\u1ed3i?<\/strong><strong><br \/>\n<\/strong><\/h4>\n<p>&#8220;The fact that resilience can be taught! Through consistent, intentional practices, adults, communities, counties, and states can dramatically boost the resilience of their children and youth.&#8221;<\/p>\n\t\t<h3>Mitchell Y. Mirviss<\/h3><strong>Th\u00e0nh vi\u00ean<br \/>\n<\/strong>Anh \u1ea5y\/Anh \u1ea5y\n<strong>C\u1ed9ng s\u1ef1<\/strong><br \/>\n<strong>C\u00f4ng ty TNHH Venable<\/strong>\n<p>Mitch mang \u0111\u1ebfn chuy\u00ean m\u00f4n ph\u00e1p l\u00fd s\u00e2u r\u1ed9ng v\u00e0 ni\u1ec1m \u0111am m\u00ea ph\u1ee5c v\u1ee5 nhu c\u1ea7u c\u1ee7a tr\u1ebb em trong c\u00e1c trung t\u00e2m nu\u00f4i d\u01b0\u1ee1ng t\u1ea1i Maryland Essentials for Childhood. Ni\u1ec1m \u0111am m\u00ea ph\u1ee5c v\u1ee5 ng\u01b0\u1eddi kh\u00e1c c\u1ee7a \u00f4ng bao g\u1ed3m cung c\u1ea5p d\u1ecbch v\u1ee5 mi\u1ec5n ph\u00ed cho h\u00e0ng ngh\u00ecn tr\u1ebb em nu\u00f4i d\u01b0\u1ee1ng t\u1ea1i Th\u00e0nh ph\u1ed1 Baltimore trong m\u1ed9t v\u1ee5 ki\u1ec7n t\u1eadp th\u1ec3 li\u00ean bang l\u00e2u d\u00e0i b\u1eaft \u0111\u1ea7u t\u1eeb n\u0103m 1988.<\/p>\n<p>Mitch v\u00e0 v\u1ee3 s\u1ed1ng \u1edf Qu\u1eadn Montgomery v\u00e0 c\u00f3 hai ng\u01b0\u1eddi con \u0111\u00e3 tr\u01b0\u1edfng th\u00e0nh.<\/p>\n<p>T\u00ecm hi\u1ec3u th\u00eam v\u1ec1 c\u00f4ng vi\u1ec7c c\u1ee7a anh \u1ea5y v\u1edbi t\u01b0 c\u00e1ch l\u00e0 \u0110\u1ed1i t\u00e1c t\u1ea1i Venable <a href=\"https:\/\/www.venable.com\/\" target=\"_blank\" rel=\"noopener\">\u0111\u00e2y.<\/a><\/p>\n\t<h4><strong>T\u1ea1i sao l\u00e0m vi\u1ec7c t\u1eadp th\u1ec3 l\u1ea1i quan tr\u1ecdng \u0111\u1ed1i v\u1edbi c\u00f4ng vi\u1ec7c t\u1ea1i EFC?<\/strong><strong><br \/>\n<\/strong><\/h4>\n<p>&#8220;One of the main reasons we haven&#8217;t achieved the policies and programs we know will work is that we are too siloed and stuck focused on our own priorities and issues. We are much stronger when we collaborate.&#8221;<\/p>\n<h2>\n\t\t\tTh\u00e0nh vi\u00ean danh d\u1ef1\t<\/h2>\n\t\t<h3>Patricia Cronin<\/h3><p>C\u00f4 \u1ea5y\/C\u00f4 \u1ea5y<\/p>\n<strong>\u0110\u00e3 ngh\u1ec9 h\u01b0u<br \/>\nC\u1ef1u gi\u00e1m \u0111\u1ed1c \u0111i\u1ec1u h\u00e0nh, The Family Tree<\/strong>\n<p>Pat brings decades of expertise to the organization, having been at the table since Maryland Essentials for Childhood&#8217;s inception in addition to the leadership she provided at The Family Tree for 25 years prior to her recent retirement.<\/p>\n<p>Pat s\u1ed1ng \u1edf Lutherville v\u00e0 l\u00e0 m\u1eb9 c\u1ee7a hai \u0111\u1ee9a con v\u00e0 b\u00e0 c\u1ee7a hai \u0111\u1ee9a ch\u00e1u.<\/p>\n<p>&nbsp;<\/p>\n\t<h4><strong>\u0110i\u1ec1u g\u00ec khi\u1ebfn b\u1ea1n h\u1ee9ng th\u00fa v\u1ec1 khoa h\u1ecdc n\u00e3o b\u1ed9 v\u00e0 vi\u1ec7c gi\u1ea3ng d\u1ea1y kh\u1ea3 n\u0103ng ph\u1ee5c h\u1ed3i?<\/strong><strong><br \/>\n<\/strong><\/h4>\n<p>&#8220;The field continues to be new and exciting. I think back to how I was trained as a social worker on the causes of mental illness and the blame that was placed on families, particularly mothers. The research and development of brain science and resilience has transformed medicine. The more we learn, the more relief and hope we can provide to people. We have the tools we need to foster understanding and impact lives.&#8221;<\/p>\n\t\t<h3>Claudia Tr\u1ea7n<\/h3><p>C\u00f4 \u1ea5y\/C\u00f4 \u1ea5y<\/p>\n<strong>\u0110\u00e3 ngh\u1ec9 h\u01b0u<br \/>\nC\u1ef1u gi\u00e1m \u0111\u1ed1c \u0111i\u1ec1u h\u00e0nh, H\u1ed9i \u0111\u1ed3ng Ti\u1ec3u bang Maryland v\u1ec1 L\u1ea1m d\u1ee5ng &amp; B\u1ecf b\u00ea Tr\u1ebb em<\/strong>\nClaudia brings her extensive consensus-building and policy expertise to Maryland Essentials for Childhood as a mediator, attorney, and the former Executive Director of SCCAN. Claudia&#8217;s service to children and their families over decades includes volunteering for Stand for Children and serving as a CASA as well as an ACE Interface Master Trainer.<br \/>\nClaudia s\u1ed1ng \u1edf Edgewater v\u1edbi ch\u00fa ch\u00f3 s\u0103n l\u00f4ng tr\u1eafng Chloe v\u00e0 c\u00f3 hai ng\u01b0\u1eddi con \u0111\u00e3 tr\u01b0\u1edfng th\u00e0nh.\n\t<h4><strong>T\u1ea1i sao l\u00e0m vi\u1ec7c t\u1eadp th\u1ec3 l\u1ea1i quan tr\u1ecdng \u0111\u1ed1i v\u1edbi c\u00f4ng vi\u1ec7c t\u1ea1i Maryland EFC?<\/strong><\/h4>\n<p>&#8220;The PACEs science is clear about what children need to thrive. Effectively promoting healthy child development and preventing ACEs will require a statewide public-private, cross-sector plan that is grounded in PACEs science. We owe it to our children and future generations to work together to make that plan and its implementation a reality.&#8221;<\/p>\n\t\t<h3>Joan Stine<\/h3><p>C\u00f4 \u1ea5y\/C\u00f4 \u1ea5y<\/p>\n<strong>\u0110\u00e3 ngh\u1ec9 h\u01b0u<br \/>\nC\u1ef1u Gi\u00e1m \u0111\u1ed1c Trung t\u00e2m Th\u00fac \u0111\u1ea9y S\u1ee9c kh\u1ecfe, Gi\u00e1o d\u1ee5c v\u00e0 S\u1eed d\u1ee5ng Thu\u1ed1c l\u00e1 t\u1ea1i S\u1edf Y t\u1ebf Maryland\u00a0<\/strong>\n<p>Joan ti\u1ebfp t\u1ee5c mang chuy\u00ean m\u00f4n c\u1ee7a m\u00ecnh v\u1ec1 s\u1ee9c kh\u1ecfe c\u1ed9ng \u0111\u1ed3ng c\u0169ng nh\u01b0 l\u00fd thuy\u1ebft v\u00e0 th\u1ef1c h\u00e0nh g\u1eafn b\u00f3 \u0111\u1ebfn Maryland Essentials for Childhood, n\u01a1i b\u00e0 gi\u1eef ch\u1ee9c Ch\u1ee7 t\u1ecbch trong th\u1eadp k\u1ef7 qua. B\u00e0 t\u01b0 v\u1ea5n v\u00e0 cung c\u1ea5p c\u00e1c kh\u00f3a \u0111\u00e0o t\u1ea1o Circle of Security-Parenting cho ph\u1ee5 huynh v\u00e0 c\u00e1c nh\u00e0 gi\u00e1o d\u1ee5c s\u1ee9c kh\u1ecfe c\u1ed9ng \u0111\u1ed3ng; v\u00e0 ph\u1ee5c v\u1ee5 trong ban qu\u1ea3n tr\u1ecb c\u1ee7a Maryland Legislative Agenda for Women.<\/p>\n\t<h4><strong>What&#8217;s one thing you want to teach your great-grandchildren?<br \/>\n<\/strong><strong><br \/>\n<\/strong><\/h4>\n<p>&#8220;You&#8217;ve got great and wonderful things ahead of you.\u00a0 Just learn to roll with the punches and all will be well.&#8221;<\/p>\n<figure itemscope itemtype=\"https:\/\/schema.org\/ImageObject\">\n\t\t\t\t<img decoding=\"async\" src=\"https:\/\/marylandefc.org\/wp-content\/uploads\/2024\/01\/MD-EFC-Governance-Structure-.png\" alt=\"Infographic showing EFC organization with backbone orgs, leadership, and workgroups\" height=\"816\" width=\"1056\" title=\"C\u1ea5u tr\u00fac qu\u1ea3n tr\u1ecb MD EFC\" onerror=\"this.style.display='none'\" loading=\"lazy\" \/>\n\t<\/figure>\n<h2>\n\t\t\tNh\u00f3m l\u00e0m vi\u1ec7c\t<\/h2>\n\t<p>C\u00f4ng vi\u1ec7c chung c\u1ee7a Maryland Essentials for Childhood (EFC) \u0111\u01b0\u1ee3c th\u1ef1c hi\u1ec7n th\u00f4ng qua s\u1ef1 \u0111\u00f3ng g\u00f3p h\u00e0o ph\u00f3ng v\u1ec1 th\u1eddi gian, chuy\u00ean m\u00f4n v\u00e0 ni\u1ec1m \u0111am m\u00ea c\u1ee7a ch\u00fang t\u00f4i <a href=\"https:\/\/marylandefc.org\/vi\/partners\/meet-our-partners\/\">\u0111\u1ed1i t\u00e1c<\/a>.<\/p>\n<p>We work together at our Maryland Essentials for Childhood bi-monthly meetings and in workgroups to provide the opportunity to look thoroughly at issues and make recommendations based on science, data and the needs of Maryland&#8217;s children.<\/p>\n\t\t\t<a href=\"\/vi\/partners\/meetings-reports\/\"  target=\"_self\">\n\t\t\t\t\t\t\tT\u00ecm hi\u1ec3u th\u00eam\n\t\t\t\t\t<\/a>","protected":false},"excerpt":{"rendered":"<p>LEADERSHIP ACTION TEAM Our Collaborative Efforts Maryland Essentials for Childhood (EFC) is a volunteer-led organization open to partnering with individuals, organizations and agencies that support our mission and goals. The individuals serving on our Leadership Action Team have committed to leading our organization into its next stage of growth. Chair Wendy G. Lane Chair She\/Her&hellip;<\/p>","protected":false},"author":1,"featured_media":27607,"parent":25,"menu_order":0,"comment_status":"closed","ping_status":"closed","template":"","meta":{"footnotes":""},"class_list":["post-3276","page","type-page","status-publish","has-post-thumbnail","hentry"],"_links":{"self":[{"href":"https:\/\/marylandefc.org\/vi\/wp-json\/wp\/v2\/pages\/3276","targetHints":{"allow":["GET"]}}],"collection":[{"href":"https:\/\/marylandefc.org\/vi\/wp-json\/wp\/v2\/pages"}],"about":[{"href":"https:\/\/marylandefc.org\/vi\/wp-json\/wp\/v2\/types\/page"}],"author":[{"embeddable":true,"href":"https:\/\/marylandefc.org\/vi\/wp-json\/wp\/v2\/users\/1"}],"replies":[{"embeddable":true,"href":"https:\/\/marylandefc.org\/vi\/wp-json\/wp\/v2\/comments?post=3276"}],"version-history":[{"count":0,"href":"https:\/\/marylandefc.org\/vi\/wp-json\/wp\/v2\/pages\/3276\/revisions"}],"up":[{"embeddable":true,"href":"https:\/\/marylandefc.org\/vi\/wp-json\/wp\/v2\/pages\/25"}],"wp:featuredmedia":[{"embeddable":true,"href":"https:\/\/marylandefc.org\/vi\/wp-json\/wp\/v2\/media\/27607"}],"wp:attachment":[{"href":"https:\/\/marylandefc.org\/vi\/wp-json\/wp\/v2\/media?parent=3276"}],"curies":[{"name":"wp","href":"https:\/\/api.w.org\/{rel}","templated":true}]}}