{"id":3278,"date":"2024-01-18T13:30:27","date_gmt":"2024-01-18T21:30:27","guid":{"rendered":"https:\/\/marylandefc.org\/?page_id=3278"},"modified":"2026-03-03T05:57:18","modified_gmt":"2026-03-03T13:57:18","slug":"values","status":"publish","type":"page","link":"https:\/\/marylandefc.org\/vi\/about\/values\/","title":{"rendered":"Gi\u00e1 tr\u1ecb c\u1ee7a ch\u00fang t\u00f4i"},"content":{"rendered":"<figure itemscope=\"\" itemtype=\"https:\/\/schema.org\/ImageObject\">\n\t\t\t\t<img decoding=\"async\" src=\"https:\/\/marylandefc.org\/wp-content\/uploads\/2024\/02\/Community-members-holding-hands-united-in-the-same-values.jpg\" alt=\"Community members working together united in the same values\" height=\"800\" width=\"1200\" title=\"C\u00e1c th\u00e0nh vi\u00ean c\u1ed9ng \u0111\u1ed3ng n\u1eafm tay nhau \u0111o\u00e0n k\u1ebft trong c\u00f9ng m\u1ed9t gi\u00e1 tr\u1ecb\" onerror=\"this.style.display='none'\" loading=\"lazy\">\n\t<\/figure>\n\t<h1>GI\u00c1 TR\u1eca<\/h1>\n\t<h2>Ch\u00fang ta coi tr\u1ecdng \u0111i\u1ec1u g\u00ec?<\/h2>\n<p>Maryland Essentials for Childhood (EFC) ph\u1ee5c v\u1ee5 m\u1ee5c \u0111\u00edch k\u1ebft n\u1ed1i khoa h\u1ecdc, ch\u00ednh s\u00e1ch v\u00e0 con ng\u01b0\u1eddi, \u0111\u1ec3 tr\u1ebb em ph\u00e1t tri\u1ec3n m\u1ea1nh m\u1ebd. Bi\u1ebfn m\u1ee5c ti\u00eau \u0111\u00f3 th\u00e0nh hi\u1ec7n th\u1ef1c c\u00f3 ngh\u0129a l\u00e0 <strong>bi\u1ebfn Maryland th\u00e0nh m\u1ed9t c\u1ed9ng \u0111\u1ed3ng c\u00f3 nh\u1eadn th\u1ee9c v\u1ec1 ch\u1ea5n th\u01b0\u01a1ng cho t\u1ea5t c\u1ea3 m\u1ecdi ng\u01b0\u1eddi.<\/strong><\/p>\n\t<h2>S\u1ef1 h\u1ee3p t\u00e1c<\/h2>\n<p>EFC n\u1ed7 l\u1ef1c t\u1eadp h\u1ee3p m\u1ecdi ng\u01b0\u1eddi l\u1ea1i v\u1edbi nhau \u0111\u1ec3 t\u1eadn d\u1ee5ng c\u00e1c k\u1ef9 n\u0103ng, kinh nghi\u1ec7m s\u1ed1ng v\u00e0 chuy\u00ean m\u00f4n c\u1ee7a h\u1ecd \u0111\u1ec3 ho\u00e0n th\u00e0nh s\u1ee9 m\u1ec7nh c\u1ee7a ch\u00fang t\u00f4i. Qu\u00e1 tr\u00ecnh n\u00e0y bao g\u1ed3m vi\u1ec7c ph\u00e1t tri\u1ec3n m\u1ed9t ch\u01b0\u01a1ng tr\u00ecnh ngh\u1ecb s\u1ef1 chung r\u1ed9ng r\u00e3i v\u00e0 s\u1eed d\u1ee5ng ph\u01b0\u01a1ng ph\u00e1p ti\u1ebfp c\u1eadn t\u00e1c \u0111\u1ed9ng t\u1eadp th\u1ec3 \u0111\u1ec3 \u0111\u1ea1t \u0111\u01b0\u1ee3c th\u00e0nh c\u00f4ng.&nbsp;<\/p>\n<figure data-animation-delay=\"0\" data-animation-duration=\"1\" itemscope=\"\" itemtype=\"https:\/\/schema.org\/ImageObject\">\n\t\t\t\t<img decoding=\"async\" src=\"https:\/\/marylandefc.org\/wp-content\/uploads\/2024\/01\/MEC-Graphics_mid-orange-circle.svg\" alt=\"orange circle\" height=\"374\" width=\"374\" title=\"MEC-Graphics_gi\u1eefa v\u00f2ng tr\u00f2n m\u00e0u cam\" onerror=\"this.style.display='none'\" loading=\"lazy\">\n\t<\/figure>\n<figure itemscope=\"\" itemtype=\"https:\/\/schema.org\/ImageObject\">\n\t\t\t\t<img decoding=\"async\" src=\"https:\/\/marylandefc.org\/wp-content\/uploads\/2024\/02\/Trauma_Labeled_EFC_icons.svg\" alt=\"Trauma Informed process with icons\" height=\"429\" width=\"1291\" title=\"Bi\u1ec3u t\u01b0\u1ee3ng_EFC_c\u00f3_nh\u00e3n_ch\u1ea5n_th\u01b0\u01a1ng\" onerror=\"this.style.display='none'\" loading=\"lazy\">\n\t<\/figure>\n\t\t<h2>Qu\u00e1 tr\u00ecnh nh\u1eadn th\u1ee9c ch\u1ea5n th\u01b0\u01a1ng<\/h2>\n\t\t<p>EFC nh\u1eadn ra r\u1eb1ng c\u00f3 nh\u1eefng b\u01b0\u1edbc c\u1ea7n th\u1ef1c hi\u1ec7n \u0111\u1ec3 tr\u1edf n\u00ean hi\u1ec3u bi\u1ebft v\u1ec1 ch\u1ea5n th\u01b0\u01a1ng. Ch\u00fang t\u00f4i h\u1ed7 tr\u1ee3 c\u00e1c c\u00e1 nh\u00e2n, c\u1ed9ng \u0111\u1ed3ng, t\u1ed5 ch\u1ee9c v\u00e0 c\u00e1c vi\u00ean ch\u1ee9c \u0111\u01b0\u1ee3c b\u1ea7u trong qu\u00e1 tr\u00ecnh \u0111\u00f3 t\u1eeb vi\u1ec7c:<\/p>\n<ul>\n<li>Nh\u1eadn th\u1ee9c v\u1ec1 ch\u1ea5n th\u01b0\u01a1ng = Nh\u1eadn th\u1ee9c<\/li>\n<li>Nh\u1ea1y c\u1ea3m v\u1edbi ch\u1ea5n th\u01b0\u01a1ng = Ki\u1ebfn th\u1ee9c &amp; K\u1ef9 n\u0103ng<\/li>\n<li>Ph\u1ea3n \u1ee9ng v\u1edbi ch\u1ea5n th\u01b0\u01a1ng = Thay \u0111\u1ed5i v\u00e0 h\u1ed9i nh\u1eadp<\/li>\n<li>C\u00f3 hi\u1ec3u bi\u1ebft v\u1ec1 ch\u1ea5n th\u01b0\u01a1ng = L\u00e3nh \u0111\u1ea1o<\/li>\n<\/ul>\n\t\t\t<a href=\"https:\/\/marylandefc.org\/wp-content\/uploads\/2024\/01\/FINAL-Toward-A-More-Prosperous-Maryland-ACEs-Legislative-Brief.pdf\" target=\"_self\">\n\t\t\t\t\t\tT\u00ecm hi\u1ec3u th\u00eam\n\t\t\t\t\t<\/a>\n\t\t<h2>Ch\u01b0\u01a1ng tr\u00ecnh ngh\u1ecb s\u1ef1 chung<\/h2><h3>Nh\u1eefng n\u1ed7 l\u1ef1c c\u1ee7a Maryland Essentials for Childhood tu\u00e2n theo c\u00e1c nguy\u00ean t\u1eafc ch\u1ec9 \u0111\u1ea1o sau:<\/h3>\n<figure data-animation-delay=\"0\" data-animation-duration=\"1\" itemscope=\"\" itemtype=\"https:\/\/schema.org\/ImageObject\">\n\t\t\t\t<img decoding=\"async\" src=\"https:\/\/marylandefc.org\/wp-content\/uploads\/2024\/01\/MEC-Graphics_rayeshalf-light-aqua.svg\" alt=\"aqua colored circle with speckled dots\" height=\"374\" width=\"374\" title=\"MEC-Graphics_rayes+n\u1eeda s\u00e1ng m\u00e0u xanh n\u01b0\u1edbc bi\u1ec3n\" onerror=\"this.style.display='none'\" loading=\"lazy\">\n\t<\/figure>\n\t\t<h3>1. \u0110\u1ea3m b\u1ea3o c\u00e1c m\u1ed1i quan h\u1ec7 v\u00e0 m\u00f4i tr\u01b0\u1eddng an to\u00e0n, \u1ed5n \u0111\u1ecbnh, nu\u00f4i d\u01b0\u1ee1ng<\/h3><p>\u0111\u1ec3 t\u1ea5t c\u1ea3 tr\u1ebb em v\u00e0 gia \u0111\u00ecnh c\u00f3 th\u1ec3 ph\u00e1t huy h\u1ebft ti\u1ec1m n\u0103ng c\u1ee7a m\u00ecnh \u0111\u1ec3 tr\u1edf th\u00e0nh nh\u1eefng c\u00f4ng d\u00e2n t\u1ef1 l\u1eadp, c\u00f3 tr\u00e1ch nhi\u1ec7m x\u00e3 h\u1ed9i v\u00e0 c\u00f3 \u00edch.<\/p>\n\t\t<h3>2. Duy tr\u00ec s\u1ef1 h\u1ee3p t\u00e1c gi\u1eefa nhi\u1ec1u l\u0129nh v\u1ef1c<\/h3><p>\u0111\u1ec3 ti\u1ebfn h\u00e0nh c\u00e1c ho\u1ea1t \u0111\u1ed9ng chi\u1ebfn l\u01b0\u1ee3c v\u00e0 h\u1ed7 tr\u1ee3 l\u1eabn nhau ph\u00f9 h\u1ee3p v\u1edbi ch\u01b0\u01a1ng tr\u00ecnh ngh\u1ecb s\u1ef1 chung c\u1ee7a ch\u00fang t\u00f4i.<\/p>\n\t\t<h3>3. \u0110\u1ec3 \u0111\u1ea1t \u0111\u01b0\u1ee3c m\u1ee5c ti\u00eau c\u1ee7a m\u00ecnh \u0111\u00f2i h\u1ecfi ph\u1ea3i c\u00f3 s\u1ef1 thay \u0111\u1ed5i trong nhi\u1ec1u h\u1ec7 th\u1ed1ng,<\/h3><p>t\u1eadp trung v\u00e0o c\u00e1c y\u1ebfu t\u1ed1 x\u00e3 h\u1ed9i v\u00e0 kinh t\u1ebf r\u1ed9ng l\u1edbn, c\u00e1c chu\u1ea9n m\u1ef1c x\u00e3 h\u1ed9i \u0111ang thay \u0111\u1ed5i v\u00e0 c\u00e1c ch\u00ednh s\u00e1ch c\u1ee7a ch\u00ednh ph\u1ee7 v\u00e0 th\u1ec3 ch\u1ebf.<\/p>\n\t\t<h3>4. H\u1ec7 th\u1ed1ng n\u1ed1i \u0111\u1ea5t thay \u0111\u1ed5i trong b\u1eb1ng ch\u1ee9ng t\u1ed1t nh\u1ea5t c\u00f3 s\u1eb5n<\/h3><p>v\u00e0 kh\u00f4ng ng\u1eebng n\u1ed7 l\u1ef1c c\u1ea3i thi\u1ec7n ch\u1ea5t l\u01b0\u1ee3ng ch\u01b0\u01a1ng tr\u00ecnh, d\u1ecbch v\u1ee5 v\u00e0 h\u1ec7 th\u1ed1ng.<\/p>\n\t\t<h3>5. Cung c\u1ea5p d\u1ecbch v\u1ee5 ch\u0103m s\u00f3c ph\u00f9 h\u1ee3p v\u1ec1 m\u1eb7t v\u0103n h\u00f3a v\u00e0 ng\u00f4n ng\u1eef<\/h3><p>cho nh\u1eefng ng\u01b0\u1eddi \u0111\u01b0\u1ee3c ph\u1ee5c v\u1ee5 trong c\u00e1c ch\u01b0\u01a1ng tr\u00ecnh, d\u1ecbch v\u1ee5 v\u00e0 h\u1ec7 th\u1ed1ng.<\/p>\n\t\t<h3>6. Th\u1ef1c hi\u1ec7n h\u00e0nh \u0111\u1ed9ng \u0111\u1ec3 gi\u1ea3m b\u1ea5t b\u00ecnh \u0111\u1eb3ng v\u00e0 ch\u00eanh l\u1ec7ch<\/h3><p>c\u00f3 th\u1ec3 tr\u00e1nh \u0111\u01b0\u1ee3c, b\u1ea5t c\u00f4ng v\u00e0 c\u00f3 th\u1ec3 ph\u00f2ng ng\u1eeba \u0111\u01b0\u1ee3c \u0111\u1ec3 c\u1ea3i thi\u1ec7n s\u1ee9c kh\u1ecfe v\u00e0 h\u1ea1nh ph\u00fac t\u1ed5ng th\u1ec3 c\u1ee7a tr\u1ebb em.<\/p>\n\t\t\t<a href=\"https:\/\/marylandefc.org\/wp-content\/uploads\/2025\/02\/EFC-Anti-Racist-Statement-FINAL-2025.pdf\" target=\"_blank\" rel=\"noopener\">\n\t\t\t\t\t\t\u0110\u1ecdc Tuy\u00ean b\u1ed1 ch\u1ed1ng ph\u00e2n bi\u1ec7t ch\u1ee7ng t\u1ed9c c\u1ee7a EFC Maryland\n\t\t\t\t\t<\/a>\n\t\t<h3>T\u00ecm hi\u1ec3u th\u00eam v\u1ec1 Ch\u01b0\u01a1ng tr\u00ecnh ngh\u1ecb s\u1ef1 chung<\/h3>\n\t\t\t<a href=\"https:\/\/marylandefc.org\/wp-content\/uploads\/2024\/01\/Maryland-Common-Agenda-Document-10-3.docx.pdf\" target=\"_blank\" rel=\"noopener\">\n\t\t\t\t\t\tL\u1eb7n s\u00e2u h\u01a1n\n\t\t\t\t\t<\/a>","protected":false},"excerpt":{"rendered":"<p>VALUES What do we value? Maryland Essentials for Childhood (EFC) serves to connect science, policy and people, so children thrive. Making that goal a reality means transforming Maryland into a trauma-informed community for everyone. Collaboration EFC strives to bring people together to leverage their skills, lived experience and expertise to achieve our mission. This process&hellip;<\/p>","protected":false},"author":1,"featured_media":27611,"parent":25,"menu_order":0,"comment_status":"closed","ping_status":"closed","template":"","meta":{"footnotes":""},"class_list":["post-3278","page","type-page","status-publish","has-post-thumbnail","hentry"],"_links":{"self":[{"href":"https:\/\/marylandefc.org\/vi\/wp-json\/wp\/v2\/pages\/3278","targetHints":{"allow":["GET"]}}],"collection":[{"href":"https:\/\/marylandefc.org\/vi\/wp-json\/wp\/v2\/pages"}],"about":[{"href":"https:\/\/marylandefc.org\/vi\/wp-json\/wp\/v2\/types\/page"}],"author":[{"embeddable":true,"href":"https:\/\/marylandefc.org\/vi\/wp-json\/wp\/v2\/users\/1"}],"replies":[{"embeddable":true,"href":"https:\/\/marylandefc.org\/vi\/wp-json\/wp\/v2\/comments?post=3278"}],"version-history":[{"count":0,"href":"https:\/\/marylandefc.org\/vi\/wp-json\/wp\/v2\/pages\/3278\/revisions"}],"up":[{"embeddable":true,"href":"https:\/\/marylandefc.org\/vi\/wp-json\/wp\/v2\/pages\/25"}],"wp:featuredmedia":[{"embeddable":true,"href":"https:\/\/marylandefc.org\/vi\/wp-json\/wp\/v2\/media\/27611"}],"wp:attachment":[{"href":"https:\/\/marylandefc.org\/vi\/wp-json\/wp\/v2\/media?parent=3278"}],"curies":[{"name":"wp","href":"https:\/\/api.w.org\/{rel}","templated":true}]}}